{"id":30,"date":"2026-03-19T10:46:04","date_gmt":"2026-03-19T10:46:04","guid":{"rendered":"https:\/\/wilderbetcasino.org\/pl\/?page_id=30"},"modified":"2026-03-19T10:46:05","modified_gmt":"2026-03-19T10:46:05","slug":"kody-promocyjne","status":"publish","type":"page","link":"https:\/\/wilderbetcasino.org\/pl\/bonusy\/kody-promocyjne\/","title":{"rendered":"Kody promocyjne WilderBet Casino"},"content":{"rendered":"\n<p>WilderBet Casino przygotowa\u0142o dla graczy szeroki wyb\u00f3r promocji, kt\u00f3re urozmaicaj\u0105 rozgrywk\u0119 i zwi\u0119kszaj\u0105 szanse na wygran\u0105. Jednym z najwa\u017cniejszych sposob\u00f3w na odblokowanie tych nagr\u00f3d jest wykorzystanie kod\u00f3w promocyjnych kasyna. Dzi\u0119ki nim mo\u017cesz skorzysta\u0107 z r\u00f3\u017cnych bonus\u00f3w, takich jak bonusy od depozytu, darmowe spiny czy inne wyj\u0105tkowe oferty, kt\u00f3re normalnie nie by\u0142yby dost\u0119pne.<\/p>\n\n\n\n<style>\n  .signup-button {\n    background-color: #292D2E;\n    color: white;\n    font-weight: bold;\n    font-size: 18px;\n    padding: 18px 160px;\n    min-width: 280px;\n    border: none;\n    border-radius: 10px;\n    cursor: pointer;\n    position: relative;\n    overflow: hidden;\n    transition: transform 0.3s ease, box-shadow 0.3s ease;\n    box-shadow: 0 0 15px rgba(245, 66, 197, 0.4);\n    text-align: center;\n    text-decoration: none;\n    display: inline-block;\n  }\n  .signup-button:hover {\n    transform: scale(1.05);\n    box-shadow: 0 0 25px #292D2E;\ncolor:#fff;\n  }\n  .signup-button::before {\n    content: '';\n    position: absolute;\n    top: 0;\n    left: -75%;\n    width: 50%;\n    height: 100%;\n    background: linear-gradient(120deg, transparent, rgba(255,255,255,0.4), transparent);\n    transform: skewX(-25deg);\n    animation: shine 2.5s infinite;\n  }\n  @keyframes shine {\n    0% { left: -75%; }\n    100% { left: 125%; }\n  }\n<\/style>\n\n<div style=\"display: flex; justify-content: center; align-items: center; padding: 50px 0;padding-top:10px;\">\n  <a href=\"\/pl\/visit\/\" \n     class=\"signup-button\" \n     target=\"_blank\" \n     rel=\"nofollow noopener noreferrer\">\n    Odbierz teraz!\n  <\/a>\n<\/div>\n\n\n\n<p>Niezale\u017cnie od tego, czy dopiero zaczynasz swoj\u0105 przygod\u0119 w <strong><a href=\"\/pl\/\">WilderBet Casino<\/a><\/strong>, czy jeste\u015b sta\u0142ym graczem szukaj\u0105cym nowych sposob\u00f3w na powi\u0119kszenie salda, te kody promocyjne otwieraj\u0105 przed Tob\u0105 dost\u0119p do dodatkowych nagr\u00f3d. Dzi\u0119ki nim rozgrywka staje si\u0119 jeszcze ciekawsza, a Ty mo\u017cesz cieszy\u0107 si\u0119 ulubionymi grami i zyska\u0107 wi\u0119cej okazji na wygran\u0105.<\/p>\n\n\n\n<h2 class=\"wp-block-heading\"><strong>Jak znale\u017a\u0107 najlepsze kody promocyjne WilderBet Casino?<\/strong><\/h2>\n\n\n\n<p>Znalezienie najlepszych kod\u00f3w promocyjnych WilderBet Casino jest proste, je\u015bli wiesz, gdzie szuka\u0107. Wykonaj poni\u017csze kroki, aby nigdy nie przegapi\u0107 atrakcyjnej oferty:<\/p>\n\n\n\n<ol class=\"wp-block-list\">\n<li><strong>Sprawd\u017a stron\u0119 z promocjami<\/strong>: Najlepszym sposobem, by by\u0107 na bie\u017c\u0105co z najnowszymi kodami bonusowymi WilderBet Casino, jest regularne odwiedzanie strony z promocjami kasyna. Na tej stronie znajdziesz wszystkie aktualne oferty oraz wymagane kody promocyjne.<\/li>\n\n\n\n<li><strong>Zapisz si\u0119 do newslettera<\/strong>: Subskrybuj\u0105c newsletter WilderBet Casino, otrzymasz najnowsze kody promocyjne i ekskluzywne oferty bezpo\u015brednio na swoj\u0105 skrzynk\u0119 mailow\u0105. To \u015bwietny spos\u00f3b, by by\u0107 informowanym o nowych promocjach.<\/li>\n\n\n\n<li><strong>Obserwuj w mediach spo\u0142eczno\u015bciowych<\/strong>: WilderBet Casino cz\u0119sto udost\u0119pnia specjalne kody promocyjne i oferty na swoich profilach w mediach spo\u0142eczno\u015bciowych. Obserwuj ich, aby by\u0107 na bie\u017c\u0105co z najnowszymi kodami i promocjami.<\/li>\n\n\n\n<li><strong>Wyszukaj zaufanych partner\u00f3w<\/strong>: Wiele sprawdzonych stron partnerskich publikuje kody bonusowe WilderBet Casino. Na takich renomowanych serwisach znajdziesz nie tylko kody, ale tak\u017ce szczeg\u00f3\u0142owe instrukcje, jak je wykorzysta\u0107.<\/li>\n<\/ol>\n\n\n\n<h2 class=\"wp-block-heading\"><strong>Lista kod\u00f3w promocyjnych WilderBet Casino<\/strong><\/h2>\n\n\n\n<p>Oto zestawienie najpopularniejszych kod\u00f3w promocyjnych do kasyna WilderBet, dzi\u0119ki kt\u00f3rym w pe\u0142ni wykorzystasz swoje wp\u0142aty i rozgrywk\u0119. Pami\u0119taj, aby wpisa\u0107 w\u0142a\u015bciwy kod we w\u0142a\u015bciwym momencie \u2013 to pozwoli Ci zdoby\u0107 maksymalne nagrody.<\/p>\n\n\n\n<figure class=\"wp-block-table\"><table class=\"has-fixed-layout\"><thead><tr><th><strong><strong>Kod promocyjny<\/strong><\/strong><\/th><th><strong><strong>Oferta bonusowa<\/strong><\/strong><\/th><th><strong><strong>Dost\u0119pny dla<\/strong><\/strong><\/th><\/tr><\/thead><tbody><tr><td><strong>WILDERDON<\/strong><\/td><td>Bonus 100% od wp\u0142aty do 2 000 \u20ac + 150 Darmowych spin\u00f3w<\/td><td>Pierwsza wp\u0142ata<\/td><\/tr><tr><td><strong>DAMESGIFT<\/strong><\/td><td>Bonus 100% od wp\u0142aty do 2 000 \u20ac + 100 Darmowych spin\u00f3w<\/td><td>Druga wp\u0142ata<\/td><\/tr><tr><td><strong>BADGEBOOST<\/strong><\/td><td>Bonus 100% od wp\u0142aty do 1 500 \u20ac + 75 Darmowych spin\u00f3w<\/td><td>Trzecia wp\u0142ata<\/td><\/tr><tr><td><strong>WILDERFAM<\/strong><\/td><td>25% \u2013 75% zwrotu got\u00f3wki + Darmowe spiny<\/td><td>Weekendowy bonus od depozytu<\/td><\/tr><tr><td><strong>FRENZY<\/strong><\/td><td>100% bonus do 250 \u20ac + 50 Darmowych spin\u00f3w<\/td><td>Pi\u0105tkowa promocja wieczorna<\/td><\/tr><tr><td><strong>WILDBLAST<\/strong><\/td><td>100 Darmowych spin\u00f3w<\/td><td>\u015arodowa promocja do\u0142adowania<\/td><\/tr><\/tbody><\/table><\/figure>\n\n\n\n<p>Te kody s\u0105 dost\u0119pne zar\u00f3wno dla nowych, jak i obecnych graczy. Mo\u017cesz z nich skorzysta\u0107, aby odebra\u0107 r\u00f3\u017cne bonusy, takie jak bonusy od depozytu, darmowe spiny czy oferty cashback.<\/p>\n\n\n\n<h2 class=\"wp-block-heading\"><strong>Kod na darmowe spiny bez depozytu w kasynie WilderBet<\/strong><\/h2>\n\n\n\n<p>Je\u015bli chcesz wypr\u00f3bowa\u0107 automaty bez wp\u0142acania \u015brodk\u00f3w, <strong><a href=\"\/pl\/bonusy\/darmowe-spiny-bez-depozytu\/\">darmowe spiny bez depozytu w kasynie WilderBet<\/a><\/strong> to \u015bwietny spos\u00f3b na rozpocz\u0119cie gry. Chocia\u017c darmowe spiny bez depozytu nie s\u0105 dost\u0119pne przez ca\u0142y czas, WilderBet od czasu do czasu udost\u0119pnia je w ramach swoich promocji. Gdy pojawi si\u0119 taka mo\u017cliwo\u015b\u0107, musisz wpisa\u0107 odpowiedni kod promocyjny, aby odebra\u0107 te spiny.<\/p>\n\n\n\n<p>Pami\u0119taj, aby sprawdzi\u0107 stron\u0119 <strong><a href=\"\/pl\/bonusy\/\">bonusy kasyna WilderBet<\/a><\/strong>, gdzie znajdziesz aktualne oferty darmowych spin\u00f3w bez depozytu, i u\u017cyj kodu na darmowe spiny bez depozytu w kasynie WilderBet, je\u015bli b\u0119dzie wymagany. Te darmowe spiny zazwyczaj mo\u017cna wykorzysta\u0107 na wybranych automatach i obowi\u0105zuj\u0105 przy nich wymagania dotycz\u0105ce obrotu, dlatego warto zapozna\u0107 si\u0119 z regulaminem.<\/p>\n\n\n\n<h2 class=\"wp-block-heading\"><strong>WilderBet Casino \u2013 kod promocyjny na bonus powitalny<\/strong><\/h2>\n\n\n\n<p>Nowi gracze w WilderBet Casino mog\u0105 odebra\u0107 atrakcyjny bonus powitalny, korzystaj\u0105c z kodu promocyjnego na bonus powitalny WilderBet. Ta oferta najcz\u0119\u015bciej dotyczy pierwszej wp\u0142aty i obejmuje 100% bonusu od depozytu oraz darmowe spiny. Aby odebra\u0107 ten bonus, wpisz kod WILDERDON podczas dokonywania pierwszej wp\u0142aty. To \u015bwietny spos\u00f3b, by rozpocz\u0105\u0107 gr\u0119 w kasynie z dodatkowymi \u015brodkami i darmowymi spinami, kt\u00f3re pozwol\u0105 Ci pozna\u0107 automaty WilderBet Casino.<\/p>\n\n\n\n<h2 class=\"wp-block-heading\"><strong>WilderBet Casino \u2013 kod na darmowe spiny<\/strong><\/h2>\n\n\n\n<p>Jednym z najpopularniejszych sposob\u00f3w na zdobycie nagr\u00f3d w <strong>WilderBet Casino<\/strong> s\u0105 <strong>promocje z darmowymi spinami<\/strong>. Darmowe spiny cz\u0119sto dost\u0119pne s\u0105 jako cz\u0119\u015b\u0107 bonusu od depozytu lub w ramach specjalnych promocji. Aby odebra\u0107 <strong><a href=\"\/pl\/bonusy\/darmowe-spiny\/\">darmowe spiny WilderBet Casino<\/a><\/strong>, mo\u017ce by\u0107 wymagane podanie specjalnego kodu na darmowe spiny WilderBet Casino.<\/p>\n\n\n\n<p>Na przyk\u0142ad kod promocyjny WILDERFAM umo\u017cliwia graczom zdobycie darmowych spin\u00f3w oraz cashbacku w ramach weekendowych promocji. Pami\u0119taj, aby wpisa\u0107 w\u0142a\u015bciwy kod, by odblokowa\u0107 darmowe spiny i zwi\u0119kszy\u0107 swoje szanse na wygran\u0105 na automatach.<\/p>\n\n\n\n<h2 class=\"wp-block-heading\"><strong>WilderBet Casino \u2013 FAQ dotycz\u0105ce kod\u00f3w bonusowych<\/strong><\/h2>\n\n\n\n<h3 class=\"wp-block-heading\"><strong>Czy dost\u0119pny jest jaki\u015b kod bonusowy WilderBet Casino?<\/strong><\/h3>\n\n\n\n<p>Tak, w WilderBet Casino dost\u0119pne s\u0105 kody bonusowe na r\u00f3\u017cne promocje, w tym bonus powitalny, darmowe spiny oraz oferty weekendowe. Sprawd\u017a stron\u0119 z promocjami, aby znale\u017a\u0107 najnowsze kody.<\/p>\n\n\n\n<h3 class=\"wp-block-heading\"><strong>Czy kody bonusowe WilderBet dotycz\u0105 wy\u0142\u0105cznie darmowych spin\u00f3w?<\/strong><\/h3>\n\n\n\n<p>Nie, kody bonusowe WilderBet obejmuj\u0105 r\u00f3\u017cne promocje, nie tylko darmowe spiny. Mo\u017cesz wykorzysta\u0107 kody na bonusy od depozytu, oferty cashback oraz inne atrakcyjne nagrody dost\u0119pne w r\u00f3\u017cnych grach kasyna WilderBet.<\/p>\n","protected":false},"excerpt":{"rendered":"<p>WilderBet Casino przygotowa\u0142o dla graczy szeroki wyb\u00f3r promocji, kt\u00f3re urozmaicaj\u0105 rozgrywk\u0119 i zwi\u0119kszaj\u0105 szanse na wygran\u0105. Jednym z najwa\u017cniejszych sposob\u00f3w na odblokowanie tych nagr\u00f3d jest wykorzystanie kod\u00f3w promocyjnych kasyna. Dzi\u0119ki nim mo\u017cesz skorzysta\u0107 z r\u00f3\u017cnych bonus\u00f3w, takich jak bonusy od depozytu, darmowe spiny czy inne wyj\u0105tkowe oferty, kt\u00f3re normalnie nie by\u0142yby dost\u0119pne. Odbierz teraz! Niezale\u017cnie &#8230; <a title=\"Kody promocyjne WilderBet Casino\" class=\"read-more\" href=\"https:\/\/wilderbetcasino.org\/pl\/bonusy\/kody-promocyjne\/\" aria-label=\"Dowiedz si\u0119 wi\u0119cej o Kody promocyjne WilderBet Casino\">Dowiedz si\u0119 wi\u0119cej<\/a><\/p>\n","protected":false},"author":1,"featured_media":31,"parent":10,"menu_order":0,"comment_status":"closed","ping_status":"closed","template":"","meta":{"_acf_changed":false,"footnotes":""},"class_list":["post-30","page","type-page","status-publish","has-post-thumbnail"],"acf":[],"yoast_head":"<!-- This site is optimized with the Yoast SEO plugin v26.5 - https:\/\/yoast.com\/wordpress\/plugins\/seo\/ -->\n<title>Kody promocyjne WilderBet Casino | Odbierz bonusy i darmowe spiny<\/title>\n<meta name=\"description\" content=\"Odbierz kody promocyjne WilderBet Casino na bonusy od depozytu, darmowe spiny oraz unikalne nagrody. Zwi\u0119ksz swoje szanse na wygran\u0105 ju\u017c dzi\u015b!\" \/>\n<meta name=\"robots\" content=\"index, follow, max-snippet:-1, max-image-preview:large, max-video-preview:-1\" \/>\n<link rel=\"canonical\" href=\"https:\/\/wilderbetcasino.org\/pl\/bonusy\/kody-promocyjne\/\" \/>\n<meta property=\"og:locale\" content=\"pl_PL\" \/>\n<meta property=\"og:type\" content=\"article\" \/>\n<meta property=\"og:title\" content=\"Kody promocyjne WilderBet Casino | Odbierz bonusy i darmowe spiny\" \/>\n<meta property=\"og:description\" content=\"Odbierz kody promocyjne WilderBet Casino na bonusy od depozytu, darmowe spiny oraz unikalne nagrody. Zwi\u0119ksz swoje szanse na wygran\u0105 ju\u017c dzi\u015b!\" \/>\n<meta property=\"og:url\" content=\"https:\/\/wilderbetcasino.org\/pl\/bonusy\/kody-promocyjne\/\" \/>\n<meta property=\"og:site_name\" content=\"Wilderbetcasino Polish\" \/>\n<meta property=\"article:modified_time\" content=\"2026-03-19T10:46:05+00:00\" \/>\n<meta property=\"og:image\" content=\"https:\/\/wilderbetcasino.org\/pl\/wp-content\/uploads\/sites\/5\/2026\/03\/wilderbet-promo-codes-featured-PL.webp\" \/>\n\t<meta property=\"og:image:width\" content=\"300\" \/>\n\t<meta property=\"og:image:height\" content=\"300\" \/>\n\t<meta property=\"og:image:type\" content=\"image\/webp\" \/>\n<meta name=\"twitter:card\" content=\"summary_large_image\" \/>\n<meta name=\"twitter:label1\" content=\"Szacowany czas czytania\" \/>\n\t<meta name=\"twitter:data1\" content=\"5 minut\" \/>\n<script type=\"application\/ld+json\" class=\"yoast-schema-graph\">{\"@context\":\"https:\/\/schema.org\",\"@graph\":[{\"@type\":\"WebPage\",\"@id\":\"https:\/\/wilderbetcasino.org\/pl\/bonusy\/kody-promocyjne\/\",\"url\":\"https:\/\/wilderbetcasino.org\/pl\/bonusy\/kody-promocyjne\/\",\"name\":\"Kody promocyjne WilderBet Casino | Odbierz bonusy i darmowe spiny\",\"isPartOf\":{\"@id\":\"https:\/\/wilderbetcasino.org\/pl\/#website\"},\"primaryImageOfPage\":{\"@id\":\"https:\/\/wilderbetcasino.org\/pl\/bonusy\/kody-promocyjne\/#primaryimage\"},\"image\":{\"@id\":\"https:\/\/wilderbetcasino.org\/pl\/bonusy\/kody-promocyjne\/#primaryimage\"},\"thumbnailUrl\":\"https:\/\/wilderbetcasino.org\/pl\/wp-content\/uploads\/sites\/5\/2026\/03\/wilderbet-promo-codes-featured-PL.webp\",\"datePublished\":\"2026-03-19T10:46:04+00:00\",\"dateModified\":\"2026-03-19T10:46:05+00:00\",\"description\":\"Odbierz kody promocyjne WilderBet Casino na bonusy od depozytu, darmowe spiny oraz unikalne nagrody. Zwi\u0119ksz swoje szanse na wygran\u0105 ju\u017c dzi\u015b!\",\"breadcrumb\":{\"@id\":\"https:\/\/wilderbetcasino.org\/pl\/bonusy\/kody-promocyjne\/#breadcrumb\"},\"inLanguage\":\"pl-PL\",\"potentialAction\":[{\"@type\":\"ReadAction\",\"target\":[\"https:\/\/wilderbetcasino.org\/pl\/bonusy\/kody-promocyjne\/\"]}]},{\"@type\":\"ImageObject\",\"inLanguage\":\"pl-PL\",\"@id\":\"https:\/\/wilderbetcasino.org\/pl\/bonusy\/kody-promocyjne\/#primaryimage\",\"url\":\"https:\/\/wilderbetcasino.org\/pl\/wp-content\/uploads\/sites\/5\/2026\/03\/wilderbet-promo-codes-featured-PL.webp\",\"contentUrl\":\"https:\/\/wilderbetcasino.org\/pl\/wp-content\/uploads\/sites\/5\/2026\/03\/wilderbet-promo-codes-featured-PL.webp\",\"width\":300,\"height\":300,\"caption\":\"Logo WilderBet z zielon\u0105 ikon\u0105 przedstawiaj\u0105c\u0105 kod kreskowy na bilecie oraz napisem \u201eKody promocyjne\u201d.\"},{\"@type\":\"BreadcrumbList\",\"@id\":\"https:\/\/wilderbetcasino.org\/pl\/bonusy\/kody-promocyjne\/#breadcrumb\",\"itemListElement\":[{\"@type\":\"ListItem\",\"position\":1,\"name\":\"Home\",\"item\":\"https:\/\/wilderbetcasino.org\/pl\/\"},{\"@type\":\"ListItem\",\"position\":2,\"name\":\"Bonus w kasynie WilderBet\",\"item\":\"https:\/\/wilderbetcasino.org\/pl\/bonusy\/\"},{\"@type\":\"ListItem\",\"position\":3,\"name\":\"Kody promocyjne WilderBet Casino\"}]},{\"@type\":\"WebSite\",\"@id\":\"https:\/\/wilderbetcasino.org\/pl\/#website\",\"url\":\"https:\/\/wilderbetcasino.org\/pl\/\",\"name\":\"Wilderbetcasino Polish\",\"description\":\"\",\"publisher\":{\"@id\":\"https:\/\/wilderbetcasino.org\/pl\/#organization\"},\"potentialAction\":[{\"@type\":\"SearchAction\",\"target\":{\"@type\":\"EntryPoint\",\"urlTemplate\":\"https:\/\/wilderbetcasino.org\/pl\/?s={search_term_string}\"},\"query-input\":{\"@type\":\"PropertyValueSpecification\",\"valueRequired\":true,\"valueName\":\"search_term_string\"}}],\"inLanguage\":\"pl-PL\"},{\"@type\":\"Organization\",\"@id\":\"https:\/\/wilderbetcasino.org\/pl\/#organization\",\"name\":\"Wilderbetcasino Polish\",\"url\":\"https:\/\/wilderbetcasino.org\/pl\/\",\"logo\":{\"@type\":\"ImageObject\",\"inLanguage\":\"pl-PL\",\"@id\":\"https:\/\/wilderbetcasino.org\/pl\/#\/schema\/logo\/image\/\",\"url\":\"https:\/\/wilderbetcasino.org\/pl\/wp-content\/uploads\/sites\/5\/2026\/03\/wilderbet.webp\",\"contentUrl\":\"https:\/\/wilderbetcasino.org\/pl\/wp-content\/uploads\/sites\/5\/2026\/03\/wilderbet.webp\",\"width\":633,\"height\":219,\"caption\":\"Wilderbetcasino Polish\"},\"image\":{\"@id\":\"https:\/\/wilderbetcasino.org\/pl\/#\/schema\/logo\/image\/\"}}]}<\/script>\n<!-- \/ Yoast SEO plugin. -->","yoast_head_json":{"title":"Kody promocyjne WilderBet Casino | Odbierz bonusy i darmowe spiny","description":"Odbierz kody promocyjne WilderBet Casino na bonusy od depozytu, darmowe spiny oraz unikalne nagrody. Zwi\u0119ksz swoje szanse na wygran\u0105 ju\u017c dzi\u015b!","robots":{"index":"index","follow":"follow","max-snippet":"max-snippet:-1","max-image-preview":"max-image-preview:large","max-video-preview":"max-video-preview:-1"},"canonical":"https:\/\/wilderbetcasino.org\/pl\/bonusy\/kody-promocyjne\/","og_locale":"pl_PL","og_type":"article","og_title":"Kody promocyjne WilderBet Casino | Odbierz bonusy i darmowe spiny","og_description":"Odbierz kody promocyjne WilderBet Casino na bonusy od depozytu, darmowe spiny oraz unikalne nagrody. Zwi\u0119ksz swoje szanse na wygran\u0105 ju\u017c dzi\u015b!","og_url":"https:\/\/wilderbetcasino.org\/pl\/bonusy\/kody-promocyjne\/","og_site_name":"Wilderbetcasino Polish","article_modified_time":"2026-03-19T10:46:05+00:00","og_image":[{"width":300,"height":300,"url":"https:\/\/wilderbetcasino.org\/pl\/wp-content\/uploads\/sites\/5\/2026\/03\/wilderbet-promo-codes-featured-PL.webp","type":"image\/webp"}],"twitter_card":"summary_large_image","twitter_misc":{"Szacowany czas czytania":"5 minut"},"schema":{"@context":"https:\/\/schema.org","@graph":[{"@type":"WebPage","@id":"https:\/\/wilderbetcasino.org\/pl\/bonusy\/kody-promocyjne\/","url":"https:\/\/wilderbetcasino.org\/pl\/bonusy\/kody-promocyjne\/","name":"Kody promocyjne WilderBet Casino | Odbierz bonusy i darmowe spiny","isPartOf":{"@id":"https:\/\/wilderbetcasino.org\/pl\/#website"},"primaryImageOfPage":{"@id":"https:\/\/wilderbetcasino.org\/pl\/bonusy\/kody-promocyjne\/#primaryimage"},"image":{"@id":"https:\/\/wilderbetcasino.org\/pl\/bonusy\/kody-promocyjne\/#primaryimage"},"thumbnailUrl":"https:\/\/wilderbetcasino.org\/pl\/wp-content\/uploads\/sites\/5\/2026\/03\/wilderbet-promo-codes-featured-PL.webp","datePublished":"2026-03-19T10:46:04+00:00","dateModified":"2026-03-19T10:46:05+00:00","description":"Odbierz kody promocyjne WilderBet Casino na bonusy od depozytu, darmowe spiny oraz unikalne nagrody. Zwi\u0119ksz swoje szanse na wygran\u0105 ju\u017c dzi\u015b!","breadcrumb":{"@id":"https:\/\/wilderbetcasino.org\/pl\/bonusy\/kody-promocyjne\/#breadcrumb"},"inLanguage":"pl-PL","potentialAction":[{"@type":"ReadAction","target":["https:\/\/wilderbetcasino.org\/pl\/bonusy\/kody-promocyjne\/"]}]},{"@type":"ImageObject","inLanguage":"pl-PL","@id":"https:\/\/wilderbetcasino.org\/pl\/bonusy\/kody-promocyjne\/#primaryimage","url":"https:\/\/wilderbetcasino.org\/pl\/wp-content\/uploads\/sites\/5\/2026\/03\/wilderbet-promo-codes-featured-PL.webp","contentUrl":"https:\/\/wilderbetcasino.org\/pl\/wp-content\/uploads\/sites\/5\/2026\/03\/wilderbet-promo-codes-featured-PL.webp","width":300,"height":300,"caption":"Logo WilderBet z zielon\u0105 ikon\u0105 przedstawiaj\u0105c\u0105 kod kreskowy na bilecie oraz napisem \u201eKody promocyjne\u201d."},{"@type":"BreadcrumbList","@id":"https:\/\/wilderbetcasino.org\/pl\/bonusy\/kody-promocyjne\/#breadcrumb","itemListElement":[{"@type":"ListItem","position":1,"name":"Home","item":"https:\/\/wilderbetcasino.org\/pl\/"},{"@type":"ListItem","position":2,"name":"Bonus w kasynie WilderBet","item":"https:\/\/wilderbetcasino.org\/pl\/bonusy\/"},{"@type":"ListItem","position":3,"name":"Kody promocyjne WilderBet Casino"}]},{"@type":"WebSite","@id":"https:\/\/wilderbetcasino.org\/pl\/#website","url":"https:\/\/wilderbetcasino.org\/pl\/","name":"Wilderbetcasino Polish","description":"","publisher":{"@id":"https:\/\/wilderbetcasino.org\/pl\/#organization"},"potentialAction":[{"@type":"SearchAction","target":{"@type":"EntryPoint","urlTemplate":"https:\/\/wilderbetcasino.org\/pl\/?s={search_term_string}"},"query-input":{"@type":"PropertyValueSpecification","valueRequired":true,"valueName":"search_term_string"}}],"inLanguage":"pl-PL"},{"@type":"Organization","@id":"https:\/\/wilderbetcasino.org\/pl\/#organization","name":"Wilderbetcasino Polish","url":"https:\/\/wilderbetcasino.org\/pl\/","logo":{"@type":"ImageObject","inLanguage":"pl-PL","@id":"https:\/\/wilderbetcasino.org\/pl\/#\/schema\/logo\/image\/","url":"https:\/\/wilderbetcasino.org\/pl\/wp-content\/uploads\/sites\/5\/2026\/03\/wilderbet.webp","contentUrl":"https:\/\/wilderbetcasino.org\/pl\/wp-content\/uploads\/sites\/5\/2026\/03\/wilderbet.webp","width":633,"height":219,"caption":"Wilderbetcasino Polish"},"image":{"@id":"https:\/\/wilderbetcasino.org\/pl\/#\/schema\/logo\/image\/"}}]}},"_links":{"self":[{"href":"https:\/\/wilderbetcasino.org\/pl\/wp-json\/wp\/v2\/pages\/30","targetHints":{"allow":["GET"]}}],"collection":[{"href":"https:\/\/wilderbetcasino.org\/pl\/wp-json\/wp\/v2\/pages"}],"about":[{"href":"https:\/\/wilderbetcasino.org\/pl\/wp-json\/wp\/v2\/types\/page"}],"author":[{"embeddable":true,"href":"https:\/\/wilderbetcasino.org\/pl\/wp-json\/wp\/v2\/users\/1"}],"replies":[{"embeddable":true,"href":"https:\/\/wilderbetcasino.org\/pl\/wp-json\/wp\/v2\/comments?post=30"}],"version-history":[{"count":1,"href":"https:\/\/wilderbetcasino.org\/pl\/wp-json\/wp\/v2\/pages\/30\/revisions"}],"predecessor-version":[{"id":32,"href":"https:\/\/wilderbetcasino.org\/pl\/wp-json\/wp\/v2\/pages\/30\/revisions\/32"}],"up":[{"embeddable":true,"href":"https:\/\/wilderbetcasino.org\/pl\/wp-json\/wp\/v2\/pages\/10"}],"wp:featuredmedia":[{"embeddable":true,"href":"https:\/\/wilderbetcasino.org\/pl\/wp-json\/wp\/v2\/media\/31"}],"wp:attachment":[{"href":"https:\/\/wilderbetcasino.org\/pl\/wp-json\/wp\/v2\/media?parent=30"}],"curies":[{"name":"wp","href":"https:\/\/api.w.org\/{rel}","templated":true}]}}