{"id":24,"date":"2026-03-19T10:29:12","date_gmt":"2026-03-19T10:29:12","guid":{"rendered":"https:\/\/wilderbetcasino.org\/pl\/?page_id=24"},"modified":"2026-03-19T10:29:12","modified_gmt":"2026-03-19T10:29:12","slug":"darmowe-spiny-bez-depozytu","status":"publish","type":"page","link":"https:\/\/wilderbetcasino.org\/pl\/bonusy\/darmowe-spiny-bez-depozytu\/","title":{"rendered":"Darmowe spiny bez depozytu w WilderBet Casino"},"content":{"rendered":"\n<p>WilderBet Casino daje Ci wyj\u0105tkow\u0105 szans\u0119, by rozpocz\u0105\u0107 przygod\u0119 z grami bez konieczno\u015bci wp\u0142acania w\u0142asnych \u015brodk\u00f3w. Dzi\u0119ki darmowym spinom bez depozytu zar\u00f3wno nowi, jak i powracaj\u0105cy gracze mog\u0105 od razu zanurzy\u0107 si\u0119 w emocjonuj\u0105c\u0105 rozgrywk\u0119 i sprawdzi\u0107 swoje szcz\u0119\u015bcie na wielu r\u00f3\u017cnych automatach \u2013 bez potrzeby zasilania konta. Taki bonus szczeg\u00f3lnie doceni\u0105 osoby, kt\u00f3re chc\u0105 pozna\u0107 ofert\u0119 kasyna bez \u017cadnych zobowi\u0105za\u0144 finansowych.<\/p>\n\n\n\n<style>\n  .signup-button {\n    background-color: #292D2E;\n    color: white;\n    font-weight: bold;\n    font-size: 18px;\n    padding: 18px 160px;\n    min-width: 280px;\n    border: none;\n    border-radius: 10px;\n    cursor: pointer;\n    position: relative;\n    overflow: hidden;\n    transition: transform 0.3s ease, box-shadow 0.3s ease;\n    box-shadow: 0 0 15px rgba(245, 66, 197, 0.4);\n    text-align: center;\n    text-decoration: none;\n    display: inline-block;\n  }\n  .signup-button:hover {\n    transform: scale(1.05);\n    box-shadow: 0 0 25px #292D2E;\ncolor:#fff;\n  }\n  .signup-button::before {\n    content: '';\n    position: absolute;\n    top: 0;\n    left: -75%;\n    width: 50%;\n    height: 100%;\n    background: linear-gradient(120deg, transparent, rgba(255,255,255,0.4), transparent);\n    transform: skewX(-25deg);\n    animation: shine 2.5s infinite;\n  }\n  @keyframes shine {\n    0% { left: -75%; }\n    100% { left: 125%; }\n  }\n<\/style>\n\n<div style=\"display: flex; justify-content: center; align-items: center; padding: 50px 0;padding-top:10px;\">\n  <a href=\"\/pl\/visit\/\" \n     class=\"signup-button\" \n     target=\"_blank\" \n     rel=\"nofollow noopener noreferrer\">\n    Odbierz ju\u017c teraz!\n  <\/a>\n<\/div>\n\n\n\n<p>Te darmowe spiny bez depozytu to \u015bwietny spos\u00f3b, by pozna\u0107 gry, przetestowa\u0107 r\u00f3\u017cne automaty i przekona\u0107 si\u0119, co <strong><a href=\"\/pl\/\">WilderBet Casino<\/a><\/strong> przygotowa\u0142o dla Ciebie. Daj\u0105 Ci bezpieczn\u0105 szans\u0119 na wygranie prawdziwych pieni\u0119dzy i jednocze\u015bnie pozwalaj\u0105 poczu\u0107 emocje zwi\u0105zane z kr\u0119ceniem b\u0119bnami. Niezale\u017cnie od tego, czy dopiero zaczynasz swoj\u0105 przygod\u0119 z grami online, czy masz ju\u017c do\u015bwiadczenie, te bonusy umo\u017cliwiaj\u0105 Ci poznanie wysokiej jako\u015bci automat\u00f3w bez \u017cadnych zobowi\u0105za\u0144<\/p>\n\n\n\n<h2 class=\"wp-block-heading\"><strong>Jak odebra\u0107 darmowe spiny bez depozytu w kasynie WilderBet?<\/strong><\/h2>\n\n\n\n<p>Odbi\u00f3r darmowych spin\u00f3w bez depozytu w kasynie WilderBet jest prosty i nie sprawi Ci trudno\u015bci. Wykonaj te cztery proste kroki, aby rozpocz\u0105\u0107 gr\u0119:<\/p>\n\n\n\n<ol class=\"wp-block-list\">\n<li><strong>Zarejestruj si\u0119<\/strong>: Za\u0142\u00f3\u017c konto w kasynie WilderBet, podaj\u0105c wymagane dane. Je\u015bli jeste\u015b nowym graczem, otrzymasz prawo do skorzystania z oferty darmowych spin\u00f3w bez depozytu.<\/li>\n\n\n\n<li><strong>Zweryfikuj konto<\/strong>: Przejd\u017a proces weryfikacji, aby Twoje konto by\u0142o aktywne i bezpieczne.<\/li>\n\n\n\n<li><strong>Odbierz ofert\u0119<\/strong>: Po pomy\u015blnej weryfikacji sprawd\u017a stron\u0119 z promocjami, gdzie znajdziesz dost\u0119pne oferty darmowych spin\u00f3w bez depozytu. Darmowe spiny najcz\u0119\u015bciej s\u0105 przyznawane automatycznie, ale w niekt\u00f3rych przypadkach mo\u017ce by\u0107 wymagane wpisanie kodu promocyjnego kasyna WilderBet.<\/li>\n\n\n\n<li><strong>Rozpocznij gr\u0119<\/strong>: Wykorzystaj swoje darmowe spiny na wybranych automatach kasyna WilderBet. Odkryj dost\u0119pne gry, spe\u0142nij wymagania dotycz\u0105ce obrotu i ciesz si\u0119 szans\u0105 na wygran\u0105 prawdziwych pieni\u0119dzy!<\/li>\n<\/ol>\n\n\n\n<h2 class=\"wp-block-heading\"><strong>WilderBet Casino \u2013 wymagania obrotu dla darmowych spin\u00f3w bez depozytu<\/strong><\/h2>\n\n\n\n<p>Jak ka\u017cda promocja kasynowa, darmowe spiny bez depozytu w WilderBet Casino maj\u0105 okre\u015blone wymagania dotycz\u0105ce obrotu. Zrozumienie tych zasad jest kluczowe, aby w pe\u0142ni wykorzysta\u0107 bonus i zamieni\u0107 wygrane na prawdziwe pieni\u0105dze.<\/p>\n\n\n\n<h3 class=\"wp-block-heading\"><strong>Gry zaliczane do wymaga\u0144 obrotu<\/strong><\/h3>\n\n\n\n<p>Automaty WilderBet Casino zazwyczaj wliczaj\u0105 si\u0119 w 100% do wymaga\u0144 obrotu. Jednak niekt\u00f3re gry sto\u0142owe oraz inne ni\u017c automaty mog\u0105 nie by\u0107 zaliczane lub liczy\u0107 si\u0119 tylko cz\u0119\u015bciowo. Zawsze sprawdzaj szczeg\u00f3\u0142owe warunki promocji, aby pozna\u0107 ograniczenia dotycz\u0105ce gier.<\/p>\n\n\n\n<h3 class=\"wp-block-heading\"><strong>Maksymalna stawka<\/strong><\/h3>\n\n\n\n<p>Limit maksymalnej stawki przy wygranych z <strong><a href=\"\/pl\/bonusy\/darmowe-spiny\/\">darmowych spin\u00f3w WilderBet Casino<\/a><\/strong> wynosi zazwyczaj 5 \u20ac lub r\u00f3wnowarto\u015b\u0107 tej kwoty w kryptowalucie. Zak\u0142ady powy\u017cej tej kwoty mog\u0105 skutkowa\u0107 utrat\u0105 wygranych.<\/p>\n\n\n\n<h3 class=\"wp-block-heading\"><strong>Maksymalna wygrana<\/strong><\/h3>\n\n\n\n<p>Zazwyczaj obowi\u0105zuje limit maksymalnej wygranej w wysoko\u015bci 50 \u20ac lub r\u00f3wnowarto\u015b\u0107 tej sumy w kryptowalucie dla wygranych uzyskanych z darmowych spin\u00f3w bez depozytu. Kwota przekraczaj\u0105ca ten limit zostanie usuni\u0119ta.<\/p>\n\n\n\n<h3 class=\"wp-block-heading\"><strong>Wymagania dotycz\u0105ce obrotu<\/strong><\/h3>\n\n\n\n<p>Wym\u00f3g obrotu dla darmowych spin\u00f3w bez depozytu w kasynie WilderBet wynosi zazwyczaj 40x \u0142\u0105cznej wygranej uzyskanej z tych spin\u00f3w. Oznacza to, \u017ce musisz postawi\u0107 warto\u015b\u0107 swoich wygranych czterdzie\u015bci razy, zanim b\u0119dziesz m\u00f3g\u0142 wyp\u0142aci\u0107 jakiekolwiek \u015brodki. Warto pami\u0119ta\u0107, \u017ce ten warunek dotyczy wygranych, a nie depozytu powi\u0119kszonego o bonus.<\/p>\n\n\n\n<h2 class=\"wp-block-heading\"><strong>Kod bonusowy na darmowe spiny bez depozytu w kasynie WilderBet<\/strong><\/h2>\n\n\n\n<p>Niekt\u00f3re oferty darmowych spin\u00f3w bez depozytu w kasynie WilderBet wymagaj\u0105 u\u017cycia kodu promocyjnego. Kod bonusowy na darmowe spiny bez depozytu w kasynie WilderBet jest zazwyczaj podany w szczeg\u00f3\u0142ach promocji. Oto jak z niego skorzysta\u0107:<\/p>\n\n\n\n<ul class=\"wp-block-list\">\n<li><strong>Wprowad\u017a kod<\/strong>: Przed odebraniem darmowych spin\u00f3w bez depozytu upewnij si\u0119, \u017ce wpisa\u0142e\u015b poprawny <strong><a href=\"\/pl\/bonusy\/kody-promocyjne\/\">kod promocyjny kasyna WilderBet<\/a><\/strong> podczas rejestracji lub przy wp\u0142acie (je\u015bli jest to wymagane).<\/li>\n\n\n\n<li><strong>Odbierz darmowe spiny<\/strong>: Po wpisaniu kodu i aktywacji oferty, darmowe spiny bez depozytu zostan\u0105 automatycznie dodane do Twojego konta, dzi\u0119ki czemu mo\u017cesz od razu zacz\u0105\u0107 gra\u0107.<\/li>\n<\/ul>\n\n\n\n<p>Zagl\u0105daj regularnie na stron\u0119 <strong><a href=\"\/pl\/bonusy\/\">bonus\u00f3w kasyna WilderBet<\/a><\/strong>, aby nie przegapi\u0107 nowych kod\u00f3w na darmowe spiny bez depozytu oraz innych specjalnych promocji wymagaj\u0105cych wpisania kodu.<\/p>\n\n\n\n<h2 class=\"wp-block-heading\"><strong>FAQ dotycz\u0105ce bonus\u00f3w kasyna WilderBet<\/strong><\/h2>\n\n\n\n<h3 class=\"wp-block-heading\"><strong>Jakie s\u0105 warunki obrotu dla darmowych spin\u00f3w bez depozytu w kasynie WilderBet?<\/strong><\/h3>\n\n\n\n<p>Wym\u00f3g obrotu dla darmowych spin\u00f3w bez depozytu w kasynie WilderBet to zazwyczaj 40x wygranych z tych spin\u00f3w. Musisz obr\u00f3ci\u0107 t\u0119 kwot\u0119, zanim b\u0119dziesz m\u00f3g\u0142 wyp\u0142aci\u0107 jakiekolwiek wygrane.<\/p>\n\n\n\n<h3 class=\"wp-block-heading\"><strong>W jakie gry mog\u0119 gra\u0107, korzystaj\u0105c z darmowych spin\u00f3w bez depozytu w kasynie WilderBet?<\/strong><\/h3>\n\n\n\n<p>Darmowe spiny bez depozytu w kasynie WilderBet mo\u017cesz wykorzysta\u0107 na wi\u0119kszo\u015bci automat\u00f3w dost\u0119pnych w tym kasynie. Jednak niekt\u00f3re gry mog\u0105 by\u0107 wy\u0142\u0105czone z promocji, dlatego zawsze warto sprawdzi\u0107 regulamin ka\u017cdej oferty.<\/p>\n\n\n\n<h3 class=\"wp-block-heading\"><strong>Czy s\u0105 dost\u0119pne darmowe spiny bez depozytu w kasynie WilderBet dla obecnych graczy?<\/strong><\/h3>\n\n\n\n<p>Obecnie darmowe spiny bez depozytu w kasynie WilderBet s\u0105 zazwyczaj przyznawane nowym graczom w ramach pakietu powitalnego. Natomiast dla obecnych graczy cz\u0119sto pojawiaj\u0105 si\u0119 bonusy WilderBet, takie jak promocje z darmowymi spinami, oferty do\u0142adowania czy inne ekskluzywne okazje. Warto regularnie odwiedza\u0107 stron\u0119 z promocjami, aby by\u0107 na bie\u017c\u0105co z nowo\u015bciami.<\/p>\n\n\n\n<h3 class=\"wp-block-heading\"><strong>Jaki jest kod bonusowy na darmowe spiny bez depozytu w kasynie WilderBet?<\/strong><\/h3>\n\n\n\n<p>Kod bonusowy na darmowe spiny bez depozytu w kasynie WilderBet to specjalny kod udost\u0119pniany przy wybranych promocjach, kt\u00f3ry pozwala odebra\u0107 darmowe spiny bez konieczno\u015bci wp\u0142aty. Zawsze sprawdzaj warunki oferty, aby mie\u0107 pewno\u015b\u0107, \u017ce u\u017cywasz w\u0142a\u015bciwego kodu.<\/p>\n","protected":false},"excerpt":{"rendered":"<p>WilderBet Casino daje Ci wyj\u0105tkow\u0105 szans\u0119, by rozpocz\u0105\u0107 przygod\u0119 z grami bez konieczno\u015bci wp\u0142acania w\u0142asnych \u015brodk\u00f3w. Dzi\u0119ki darmowym spinom bez depozytu zar\u00f3wno nowi, jak i powracaj\u0105cy gracze mog\u0105 od razu zanurzy\u0107 si\u0119 w emocjonuj\u0105c\u0105 rozgrywk\u0119 i sprawdzi\u0107 swoje szcz\u0119\u015bcie na wielu r\u00f3\u017cnych automatach \u2013 bez potrzeby zasilania konta. Taki bonus szczeg\u00f3lnie doceni\u0105 osoby, kt\u00f3re chc\u0105 &#8230; <a title=\"Darmowe spiny bez depozytu w WilderBet Casino\" class=\"read-more\" href=\"https:\/\/wilderbetcasino.org\/pl\/bonusy\/darmowe-spiny-bez-depozytu\/\" aria-label=\"Dowiedz si\u0119 wi\u0119cej o Darmowe spiny bez depozytu w WilderBet Casino\">Dowiedz si\u0119 wi\u0119cej<\/a><\/p>\n","protected":false},"author":1,"featured_media":25,"parent":10,"menu_order":0,"comment_status":"closed","ping_status":"closed","template":"","meta":{"_acf_changed":false,"footnotes":""},"class_list":["post-24","page","type-page","status-publish","has-post-thumbnail"],"acf":[],"yoast_head":"<!-- This site is optimized with the Yoast SEO plugin v26.5 - https:\/\/yoast.com\/wordpress\/plugins\/seo\/ -->\n<title>Darmowe spiny bez depozytu w WilderBet Casino | Odbierz ju\u017c teraz<\/title>\n<meta name=\"description\" content=\"Odbierz darmowe spiny bez depozytu w kasynie WilderBet i baw si\u0119 na emocjonuj\u0105cych automatach bez konieczno\u015bci wp\u0142aty. Zacznij wygrywa\u0107 prawdziwe pieni\u0105dze ju\u017c dzi\u015b!\" \/>\n<meta name=\"robots\" content=\"index, follow, max-snippet:-1, max-image-preview:large, max-video-preview:-1\" \/>\n<link rel=\"canonical\" href=\"https:\/\/wilderbetcasino.org\/pl\/bonusy\/darmowe-spiny-bez-depozytu\/\" \/>\n<meta property=\"og:locale\" content=\"pl_PL\" \/>\n<meta property=\"og:type\" content=\"article\" \/>\n<meta property=\"og:title\" content=\"Darmowe spiny bez depozytu w WilderBet Casino | Odbierz ju\u017c teraz\" \/>\n<meta property=\"og:description\" content=\"Odbierz darmowe spiny bez depozytu w kasynie WilderBet i baw si\u0119 na emocjonuj\u0105cych automatach bez konieczno\u015bci wp\u0142aty. Zacznij wygrywa\u0107 prawdziwe pieni\u0105dze ju\u017c dzi\u015b!\" \/>\n<meta property=\"og:url\" content=\"https:\/\/wilderbetcasino.org\/pl\/bonusy\/darmowe-spiny-bez-depozytu\/\" \/>\n<meta property=\"og:site_name\" content=\"Wilderbetcasino Polish\" \/>\n<meta property=\"og:image\" content=\"https:\/\/wilderbetcasino.org\/pl\/wp-content\/uploads\/sites\/5\/2026\/03\/wilderbet-no-deposit-free-spins-featured-PL.webp\" \/>\n\t<meta property=\"og:image:width\" content=\"300\" \/>\n\t<meta property=\"og:image:height\" content=\"300\" \/>\n\t<meta property=\"og:image:type\" content=\"image\/webp\" \/>\n<meta name=\"twitter:card\" content=\"summary_large_image\" \/>\n<meta name=\"twitter:label1\" content=\"Szacowany czas czytania\" \/>\n\t<meta name=\"twitter:data1\" content=\"5 minut\" \/>\n<script type=\"application\/ld+json\" class=\"yoast-schema-graph\">{\"@context\":\"https:\/\/schema.org\",\"@graph\":[{\"@type\":\"WebPage\",\"@id\":\"https:\/\/wilderbetcasino.org\/pl\/bonusy\/darmowe-spiny-bez-depozytu\/\",\"url\":\"https:\/\/wilderbetcasino.org\/pl\/bonusy\/darmowe-spiny-bez-depozytu\/\",\"name\":\"Darmowe spiny bez depozytu w WilderBet Casino | Odbierz ju\u017c teraz\",\"isPartOf\":{\"@id\":\"https:\/\/wilderbetcasino.org\/pl\/#website\"},\"primaryImageOfPage\":{\"@id\":\"https:\/\/wilderbetcasino.org\/pl\/bonusy\/darmowe-spiny-bez-depozytu\/#primaryimage\"},\"image\":{\"@id\":\"https:\/\/wilderbetcasino.org\/pl\/bonusy\/darmowe-spiny-bez-depozytu\/#primaryimage\"},\"thumbnailUrl\":\"https:\/\/wilderbetcasino.org\/pl\/wp-content\/uploads\/sites\/5\/2026\/03\/wilderbet-no-deposit-free-spins-featured-PL.webp\",\"datePublished\":\"2026-03-19T10:29:12+00:00\",\"description\":\"Odbierz darmowe spiny bez depozytu w kasynie WilderBet i baw si\u0119 na emocjonuj\u0105cych automatach bez konieczno\u015bci wp\u0142aty. Zacznij wygrywa\u0107 prawdziwe pieni\u0105dze ju\u017c dzi\u015b!\",\"breadcrumb\":{\"@id\":\"https:\/\/wilderbetcasino.org\/pl\/bonusy\/darmowe-spiny-bez-depozytu\/#breadcrumb\"},\"inLanguage\":\"pl-PL\",\"potentialAction\":[{\"@type\":\"ReadAction\",\"target\":[\"https:\/\/wilderbetcasino.org\/pl\/bonusy\/darmowe-spiny-bez-depozytu\/\"]}]},{\"@type\":\"ImageObject\",\"inLanguage\":\"pl-PL\",\"@id\":\"https:\/\/wilderbetcasino.org\/pl\/bonusy\/darmowe-spiny-bez-depozytu\/#primaryimage\",\"url\":\"https:\/\/wilderbetcasino.org\/pl\/wp-content\/uploads\/sites\/5\/2026\/03\/wilderbet-no-deposit-free-spins-featured-PL.webp\",\"contentUrl\":\"https:\/\/wilderbetcasino.org\/pl\/wp-content\/uploads\/sites\/5\/2026\/03\/wilderbet-no-deposit-free-spins-featured-PL.webp\",\"width\":300,\"height\":300,\"caption\":\"Logo WilderBet z zielon\u0105 ikon\u0105 przedstawiaj\u0105c\u0105 d\u0142o\u0144 trzymaj\u0105c\u0105 znak dolara, u\u0142o\u017cone monety, gwiazdk\u0119 oraz b\u0119ben automatu do gry, a tak\u017ce napis \u201eDarmowe spiny bez depozytu\u201d.\"},{\"@type\":\"BreadcrumbList\",\"@id\":\"https:\/\/wilderbetcasino.org\/pl\/bonusy\/darmowe-spiny-bez-depozytu\/#breadcrumb\",\"itemListElement\":[{\"@type\":\"ListItem\",\"position\":1,\"name\":\"Home\",\"item\":\"https:\/\/wilderbetcasino.org\/pl\/\"},{\"@type\":\"ListItem\",\"position\":2,\"name\":\"Bonus w kasynie WilderBet\",\"item\":\"https:\/\/wilderbetcasino.org\/pl\/bonusy\/\"},{\"@type\":\"ListItem\",\"position\":3,\"name\":\"Darmowe spiny bez depozytu w WilderBet Casino\"}]},{\"@type\":\"WebSite\",\"@id\":\"https:\/\/wilderbetcasino.org\/pl\/#website\",\"url\":\"https:\/\/wilderbetcasino.org\/pl\/\",\"name\":\"Wilderbetcasino Polish\",\"description\":\"\",\"publisher\":{\"@id\":\"https:\/\/wilderbetcasino.org\/pl\/#organization\"},\"potentialAction\":[{\"@type\":\"SearchAction\",\"target\":{\"@type\":\"EntryPoint\",\"urlTemplate\":\"https:\/\/wilderbetcasino.org\/pl\/?s={search_term_string}\"},\"query-input\":{\"@type\":\"PropertyValueSpecification\",\"valueRequired\":true,\"valueName\":\"search_term_string\"}}],\"inLanguage\":\"pl-PL\"},{\"@type\":\"Organization\",\"@id\":\"https:\/\/wilderbetcasino.org\/pl\/#organization\",\"name\":\"Wilderbetcasino Polish\",\"url\":\"https:\/\/wilderbetcasino.org\/pl\/\",\"logo\":{\"@type\":\"ImageObject\",\"inLanguage\":\"pl-PL\",\"@id\":\"https:\/\/wilderbetcasino.org\/pl\/#\/schema\/logo\/image\/\",\"url\":\"https:\/\/wilderbetcasino.org\/pl\/wp-content\/uploads\/sites\/5\/2026\/03\/wilderbet.webp\",\"contentUrl\":\"https:\/\/wilderbetcasino.org\/pl\/wp-content\/uploads\/sites\/5\/2026\/03\/wilderbet.webp\",\"width\":633,\"height\":219,\"caption\":\"Wilderbetcasino Polish\"},\"image\":{\"@id\":\"https:\/\/wilderbetcasino.org\/pl\/#\/schema\/logo\/image\/\"}}]}<\/script>\n<!-- \/ Yoast SEO plugin. -->","yoast_head_json":{"title":"Darmowe spiny bez depozytu w WilderBet Casino | Odbierz ju\u017c teraz","description":"Odbierz darmowe spiny bez depozytu w kasynie WilderBet i baw si\u0119 na emocjonuj\u0105cych automatach bez konieczno\u015bci wp\u0142aty. Zacznij wygrywa\u0107 prawdziwe pieni\u0105dze ju\u017c dzi\u015b!","robots":{"index":"index","follow":"follow","max-snippet":"max-snippet:-1","max-image-preview":"max-image-preview:large","max-video-preview":"max-video-preview:-1"},"canonical":"https:\/\/wilderbetcasino.org\/pl\/bonusy\/darmowe-spiny-bez-depozytu\/","og_locale":"pl_PL","og_type":"article","og_title":"Darmowe spiny bez depozytu w WilderBet Casino | Odbierz ju\u017c teraz","og_description":"Odbierz darmowe spiny bez depozytu w kasynie WilderBet i baw si\u0119 na emocjonuj\u0105cych automatach bez konieczno\u015bci wp\u0142aty. Zacznij wygrywa\u0107 prawdziwe pieni\u0105dze ju\u017c dzi\u015b!","og_url":"https:\/\/wilderbetcasino.org\/pl\/bonusy\/darmowe-spiny-bez-depozytu\/","og_site_name":"Wilderbetcasino Polish","og_image":[{"width":300,"height":300,"url":"https:\/\/wilderbetcasino.org\/pl\/wp-content\/uploads\/sites\/5\/2026\/03\/wilderbet-no-deposit-free-spins-featured-PL.webp","type":"image\/webp"}],"twitter_card":"summary_large_image","twitter_misc":{"Szacowany czas czytania":"5 minut"},"schema":{"@context":"https:\/\/schema.org","@graph":[{"@type":"WebPage","@id":"https:\/\/wilderbetcasino.org\/pl\/bonusy\/darmowe-spiny-bez-depozytu\/","url":"https:\/\/wilderbetcasino.org\/pl\/bonusy\/darmowe-spiny-bez-depozytu\/","name":"Darmowe spiny bez depozytu w WilderBet Casino | Odbierz ju\u017c teraz","isPartOf":{"@id":"https:\/\/wilderbetcasino.org\/pl\/#website"},"primaryImageOfPage":{"@id":"https:\/\/wilderbetcasino.org\/pl\/bonusy\/darmowe-spiny-bez-depozytu\/#primaryimage"},"image":{"@id":"https:\/\/wilderbetcasino.org\/pl\/bonusy\/darmowe-spiny-bez-depozytu\/#primaryimage"},"thumbnailUrl":"https:\/\/wilderbetcasino.org\/pl\/wp-content\/uploads\/sites\/5\/2026\/03\/wilderbet-no-deposit-free-spins-featured-PL.webp","datePublished":"2026-03-19T10:29:12+00:00","description":"Odbierz darmowe spiny bez depozytu w kasynie WilderBet i baw si\u0119 na emocjonuj\u0105cych automatach bez konieczno\u015bci wp\u0142aty. Zacznij wygrywa\u0107 prawdziwe pieni\u0105dze ju\u017c dzi\u015b!","breadcrumb":{"@id":"https:\/\/wilderbetcasino.org\/pl\/bonusy\/darmowe-spiny-bez-depozytu\/#breadcrumb"},"inLanguage":"pl-PL","potentialAction":[{"@type":"ReadAction","target":["https:\/\/wilderbetcasino.org\/pl\/bonusy\/darmowe-spiny-bez-depozytu\/"]}]},{"@type":"ImageObject","inLanguage":"pl-PL","@id":"https:\/\/wilderbetcasino.org\/pl\/bonusy\/darmowe-spiny-bez-depozytu\/#primaryimage","url":"https:\/\/wilderbetcasino.org\/pl\/wp-content\/uploads\/sites\/5\/2026\/03\/wilderbet-no-deposit-free-spins-featured-PL.webp","contentUrl":"https:\/\/wilderbetcasino.org\/pl\/wp-content\/uploads\/sites\/5\/2026\/03\/wilderbet-no-deposit-free-spins-featured-PL.webp","width":300,"height":300,"caption":"Logo WilderBet z zielon\u0105 ikon\u0105 przedstawiaj\u0105c\u0105 d\u0142o\u0144 trzymaj\u0105c\u0105 znak dolara, u\u0142o\u017cone monety, gwiazdk\u0119 oraz b\u0119ben automatu do gry, a tak\u017ce napis \u201eDarmowe spiny bez depozytu\u201d."},{"@type":"BreadcrumbList","@id":"https:\/\/wilderbetcasino.org\/pl\/bonusy\/darmowe-spiny-bez-depozytu\/#breadcrumb","itemListElement":[{"@type":"ListItem","position":1,"name":"Home","item":"https:\/\/wilderbetcasino.org\/pl\/"},{"@type":"ListItem","position":2,"name":"Bonus w kasynie WilderBet","item":"https:\/\/wilderbetcasino.org\/pl\/bonusy\/"},{"@type":"ListItem","position":3,"name":"Darmowe spiny bez depozytu w WilderBet Casino"}]},{"@type":"WebSite","@id":"https:\/\/wilderbetcasino.org\/pl\/#website","url":"https:\/\/wilderbetcasino.org\/pl\/","name":"Wilderbetcasino Polish","description":"","publisher":{"@id":"https:\/\/wilderbetcasino.org\/pl\/#organization"},"potentialAction":[{"@type":"SearchAction","target":{"@type":"EntryPoint","urlTemplate":"https:\/\/wilderbetcasino.org\/pl\/?s={search_term_string}"},"query-input":{"@type":"PropertyValueSpecification","valueRequired":true,"valueName":"search_term_string"}}],"inLanguage":"pl-PL"},{"@type":"Organization","@id":"https:\/\/wilderbetcasino.org\/pl\/#organization","name":"Wilderbetcasino Polish","url":"https:\/\/wilderbetcasino.org\/pl\/","logo":{"@type":"ImageObject","inLanguage":"pl-PL","@id":"https:\/\/wilderbetcasino.org\/pl\/#\/schema\/logo\/image\/","url":"https:\/\/wilderbetcasino.org\/pl\/wp-content\/uploads\/sites\/5\/2026\/03\/wilderbet.webp","contentUrl":"https:\/\/wilderbetcasino.org\/pl\/wp-content\/uploads\/sites\/5\/2026\/03\/wilderbet.webp","width":633,"height":219,"caption":"Wilderbetcasino Polish"},"image":{"@id":"https:\/\/wilderbetcasino.org\/pl\/#\/schema\/logo\/image\/"}}]}},"_links":{"self":[{"href":"https:\/\/wilderbetcasino.org\/pl\/wp-json\/wp\/v2\/pages\/24","targetHints":{"allow":["GET"]}}],"collection":[{"href":"https:\/\/wilderbetcasino.org\/pl\/wp-json\/wp\/v2\/pages"}],"about":[{"href":"https:\/\/wilderbetcasino.org\/pl\/wp-json\/wp\/v2\/types\/page"}],"author":[{"embeddable":true,"href":"https:\/\/wilderbetcasino.org\/pl\/wp-json\/wp\/v2\/users\/1"}],"replies":[{"embeddable":true,"href":"https:\/\/wilderbetcasino.org\/pl\/wp-json\/wp\/v2\/comments?post=24"}],"version-history":[{"count":2,"href":"https:\/\/wilderbetcasino.org\/pl\/wp-json\/wp\/v2\/pages\/24\/revisions"}],"predecessor-version":[{"id":27,"href":"https:\/\/wilderbetcasino.org\/pl\/wp-json\/wp\/v2\/pages\/24\/revisions\/27"}],"up":[{"embeddable":true,"href":"https:\/\/wilderbetcasino.org\/pl\/wp-json\/wp\/v2\/pages\/10"}],"wp:featuredmedia":[{"embeddable":true,"href":"https:\/\/wilderbetcasino.org\/pl\/wp-json\/wp\/v2\/media\/25"}],"wp:attachment":[{"href":"https:\/\/wilderbetcasino.org\/pl\/wp-json\/wp\/v2\/media?parent=24"}],"curies":[{"name":"wp","href":"https:\/\/api.w.org\/{rel}","templated":true}]}}