{"id":18,"date":"2026-03-19T09:55:55","date_gmt":"2026-03-19T09:55:55","guid":{"rendered":"https:\/\/wilderbetcasino.org\/pl\/?page_id=18"},"modified":"2026-03-19T09:55:55","modified_gmt":"2026-03-19T09:55:55","slug":"darmowe-spiny","status":"publish","type":"page","link":"https:\/\/wilderbetcasino.org\/pl\/bonusy\/darmowe-spiny\/","title":{"rendered":"Darmowe spiny w kasynie WilderBet"},"content":{"rendered":"\n<p>Kasyno WilderBet przygotowa\u0142o dla graczy szeroki wyb\u00f3r ekscytuj\u0105cych promocji z darmowymi spinami, kt\u00f3re podnosz\u0105 poziom rozrywki i realnie zwi\u0119kszaj\u0105 Twoje szanse na wygran\u0105. Niezale\u017cnie od tego, czy dopiero zaczynasz, czy jeste\u015b sta\u0142ym bywalcem, ka\u017cdy znajdzie tu co\u015b dla siebie. Darmowe spiny to \u015bwietny spos\u00f3b, by wyd\u0142u\u017cy\u0107 czas gry bez konieczno\u015bci korzystania z w\u0142asnych \u015brodk\u00f3w.<\/p>\n\n\n\n<style>\n  .signup-button {\n    background-color: #292D2E;\n    color: white;\n    font-weight: bold;\n    font-size: 18px;\n    padding: 18px 160px;\n    min-width: 280px;\n    border: none;\n    border-radius: 10px;\n    cursor: pointer;\n    position: relative;\n    overflow: hidden;\n    transition: transform 0.3s ease, box-shadow 0.3s ease;\n    box-shadow: 0 0 15px rgba(245, 66, 197, 0.4);\n    text-align: center;\n    text-decoration: none;\n    display: inline-block;\n  }\n  .signup-button:hover {\n    transform: scale(1.05);\n    box-shadow: 0 0 25px #292D2E;\ncolor:#fff;\n  }\n  .signup-button::before {\n    content: '';\n    position: absolute;\n    top: 0;\n    left: -75%;\n    width: 50%;\n    height: 100%;\n    background: linear-gradient(120deg, transparent, rgba(255,255,255,0.4), transparent);\n    transform: skewX(-25deg);\n    animation: shine 2.5s infinite;\n  }\n  @keyframes shine {\n    0% { left: -75%; }\n    100% { left: 125%; }\n  }\n<\/style>\n\n<div style=\"display: flex; justify-content: center; align-items: center; padding: 50px 0;padding-top:10px;\">\n  <a href=\"\/pl\/visit\/\" \n     class=\"signup-button\" \n     target=\"_blank\" \n     rel=\"nofollow noopener noreferrer\">\n    Odbierz teraz!\n  <\/a>\n<\/div>\n\n\n\n<p>Od bonus\u00f3w za pierwszy depozyt po codzienne i cotygodniowe nagrody \u2013 darmowe spiny w kasynie WilderBet pozwol\u0105 Ci d\u0142u\u017cej cieszy\u0107 si\u0119 ulubionymi slotami i zwi\u0119kszy\u0107 szans\u0119 na du\u017c\u0105 wygran\u0105. Darmowe spiny s\u0105 dost\u0119pne w wielu popularnych grach w kasynie WilderBet, obejmuj\u0105c zar\u00f3wno najnowsze propozycje, jak i klasyczne tytu\u0142y. Tak szeroki wyb\u00f3r sprawia, \u017ce zawsze znajdziesz co\u015b nowego do odkrycia i zabawy. Niezale\u017cnie od tego, czy wolisz testowa\u0107 naj\u015bwie\u017csze automaty, czy wraca\u0107 do ulubionych gier graczy, <strong><a href=\"\/pl\/\">WilderBet Casino<\/a><\/strong> gwarantuje, \u017ce ka\u017cdy spin to szansa na emocjonuj\u0105c\u0105 wygran\u0105.<\/p>\n\n\n\n<h2 class=\"wp-block-heading\"><strong>Jak zdoby\u0107 darmowe spiny w kasynie WilderBet?<\/strong><\/h2>\n\n\n\n<p>Zdobycie darmowych spin\u00f3w w kasynie WilderBet jest bardzo proste. Oto, co nale\u017cy zrobi\u0107:<\/p>\n\n\n\n<ol class=\"wp-block-list\">\n<li><strong>Zarejestruj si\u0119 lub zaloguj<\/strong>: Je\u015bli jeste\u015b nowym graczem, za\u0142\u00f3\u017c konto w kasynie WilderBet. Je\u015bli masz ju\u017c konto, wystarczy si\u0119 zalogowa\u0107.<\/li>\n\n\n\n<li><strong>Wp\u0142a\u0107 depozyt<\/strong>: Wp\u0142a\u0107 kwalifikuj\u0105cy si\u0119 depozyt, korzystaj\u0105c z dost\u0119pnych metod p\u0142atno\u015bci. W przypadku niekt\u00f3rych promocji mo\u017ce by\u0107 wymagane podanie kodu promocyjnego przed dokonaniem wp\u0142aty<\/li>\n\n\n\n<li><strong>Odbierz swoje darmowe spiny<\/strong>: Po potwierdzeniu wp\u0142aty darmowe spiny zostan\u0105 automatycznie przypisane do Twojego konta lub aktywuj\u0105 si\u0119 po wpisaniu kodu promocyjnego.<\/li>\n\n\n\n<li><strong>Rozpocznij gr\u0119<\/strong>: Wykorzystaj swoje darmowe spiny na wybranych slotach kasyna WilderBet. Pami\u0119taj, aby zapozna\u0107 si\u0119 z regulaminem i sprawdzi\u0107, gdzie mo\u017cesz u\u017cy\u0107 swoje darmowe spiny.<\/li>\n<\/ol>\n\n\n\n<h2 class=\"wp-block-heading\"><strong>Wymagania dotycz\u0105ce obrotu darmowych spin\u00f3w w kasynie WilderBet<\/strong><\/h2>\n\n\n\n<p>Podobnie jak w przypadku innych bonus\u00f3w kasynowych, darmowe spiny w kasynie WilderBet maj\u0105 okre\u015blone wymagania dotycz\u0105ce obrotu, kt\u00f3re musisz spe\u0142ni\u0107, zanim b\u0119dziesz m\u00f3g\u0142 wyp\u0142aci\u0107 wygrane uzyskane z darmowych spin\u00f3w.<\/p>\n\n\n\n<h3 class=\"wp-block-heading\"><strong>Gry zaliczane do wymaga\u0144 obrotu<\/strong><\/h3>\n\n\n\n<p>Wi\u0119kszo\u015b\u0107 slot\u00f3w kasyna WilderBet w pe\u0142ni zalicza si\u0119 do wymaga\u0144 obrotu. Jednak niekt\u00f3re gry sto\u0142owe lub inne kategorie gier mog\u0105 nie by\u0107 wliczane w og\u00f3le albo tylko w ograniczonym zakresie. Zawsze sprawdzaj regulamin, aby pozna\u0107 szczeg\u00f3\u0142owe ograniczenia dotycz\u0105ce konkretnych gier.<\/p>\n\n\n\n<h3 class=\"wp-block-heading\"><strong>Maksymalne stawki<\/strong><\/h3>\n\n\n\n<p>Cz\u0119sto obowi\u0105zuj\u0105 limity maksymalnej stawki dotycz\u0105ce wygranych z darmowych spin\u00f3w. Zazwyczaj maksymalna stawka na jeden spin wynosi 5 \u20ac lub r\u00f3wnowarto\u015b\u0107 tej kwoty w kryptowalucie. Zak\u0142ady przekraczaj\u0105ce ten limit mog\u0105 uniewa\u017cni\u0107 Twoje wygrane.<\/p>\n\n\n\n<h3 class=\"wp-block-heading\"><strong>Maksymalne wygrane<\/strong><\/h3>\n\n\n\n<p>Maksymalna wygrana z darmowych spin\u00f3w w kasynie WilderBet jest zwykle ograniczona do 50 \u20ac lub r\u00f3wnowarto\u015bci tej kwoty w kryptowalucie. Wygrane przekraczaj\u0105ce t\u0119 sum\u0119 zostan\u0105 anulowane.<\/p>\n\n\n\n<h3 class=\"wp-block-heading\"><strong>Wymagania dotycz\u0105ce obrotu<\/strong><\/h3>\n\n\n\n<p>Wym\u00f3g obrotu dla darmowych spin\u00f3w w kasynie WilderBet zazwyczaj wynosi 40x wygranej uzyskanej z darmowych spin\u00f3w. Warto pami\u0119ta\u0107, \u017ce najcz\u0119\u015bciej dotyczy to wygranych, a nie sumy depozytu i bonusu.<\/p>\n\n\n\n<h2 class=\"wp-block-heading\"><strong>Kod bonusowy na darmowe spiny w kasynie WilderBet<\/strong><\/h2>\n\n\n\n<p>Wiele ofert darmowych spin\u00f3w w WilderBet wymaga u\u017cycia kodu promocyjnego, aby aktywowa\u0107 bonus. Kod promocyjny na darmowe spiny w kasynie WilderBet zazwyczaj znajdziesz w regulaminie danej promocji. Oto jak mo\u017cesz go wykorzysta\u0107:<\/p>\n\n\n\n<ul class=\"wp-block-list\">\n<li><strong>Wprowad\u017a kod<\/strong>: Przed dokonaniem wp\u0142aty wpisz <a href=\"\/pl\/bonusy\/kody-promocyjne\/\"><strong>kasyno WilderBet<\/strong> <strong>kod promocyjny<\/strong><\/a> w odpowiednim polu podczas procesu wp\u0142aty.<\/li>\n\n\n\n<li><strong>Odbierz darmowe spiny<\/strong>: Po poprawnym wpisaniu kodu i dokonaniu wp\u0142aty, darmowe spiny zostan\u0105 przypisane do Twojego konta.<\/li>\n<\/ul>\n\n\n\n<p>Zawsze sprawdzaj stron\u0119 promocji, aby mie\u0107 pewno\u015b\u0107, \u017ce korzystasz z w\u0142a\u015bciwego kodu promocyjnego na darmowe spiny w kasynie WilderBet i odbierasz spiny bez problem\u00f3w.<\/p>\n\n\n\n<h2 class=\"wp-block-heading\"><strong>Darmowe spiny bez depozytu w kasynie WilderBet<\/strong><\/h2>\n\n\n\n<p>Darmowe spiny bez depozytu w kasynie WilderBet to \u015bwietny spos\u00f3b, by rozpocz\u0105\u0107 gr\u0119 bez konieczno\u015bci wp\u0142acania \u015brodk\u00f3w. Niestety, obecnie kasyno WilderBet nie oferuje darmowych spin\u00f3w bez depozytu. Jednak kasyno regularnie przygotowuje tak\u017ce inne atrakcyjne bonusy, w tym darmowe spiny za wp\u0142aty oraz bonusy za ponowne do\u0142adowanie konta. Zagl\u0105daj na stron\u0119 z promocjami, poniewa\u017c <strong><a href=\"\/pl\/bonusy\/darmowe-spiny-bez-depozytu\/\">darmowe spiny bez depozytu w kasynie WilderBet<\/a><\/strong> mog\u0105 pojawi\u0107 si\u0119 w przysz\u0142o\u015bci.<\/p>\n\n\n\n<h2 class=\"wp-block-heading\"><strong>Darmowe spiny w kasynie WilderBet \u2013 codziennie<\/strong><\/h2>\n\n\n\n<p>Codzienne darmowe spiny w kasynie WilderBet to wyj\u0105tkowa funkcja, dzi\u0119ki kt\u00f3rej ka\u017cdego dnia otrzymasz darmowe spiny. Zazwyczaj s\u0105 one dost\u0119pne w ramach codziennej promocji lub programu lojalno\u015bciowego. Oto jak mo\u017cesz z nich skorzysta\u0107:<\/p>\n\n\n\n<ul class=\"wp-block-list\">\n<li><strong>Odbierz swoje codzienne spiny<\/strong>: Wystarczy, \u017ce codziennie zalogujesz si\u0119 na swoje konto, aby odebra\u0107 darmowe spiny. Mog\u0105 obowi\u0105zywa\u0107 okre\u015blone warunki, na przyk\u0142ad minimalna wp\u0142ata wymagana do aktywacji darmowych spin\u00f3w na dany dzie\u0144.<\/li>\n\n\n\n<li><strong>Wykorzystaj swoje spiny<\/strong>: Codzienne darmowe spiny mo\u017cesz wykorzysta\u0107 na wybranych automatach kasyna WilderBet, zwykle z wymogiem obrotu 40x.<\/li>\n<\/ul>\n\n\n\n<p>To \u015bwietny spos\u00f3b, by codziennie cieszy\u0107 si\u0119 gr\u0105 bez dodatkowych koszt\u00f3w i mie\u0107 szans\u0119 na wysokie wygrane.<\/p>\n\n\n\n<h2 class=\"wp-block-heading\"><strong>Darmowe spiny w kasynie WilderBet \u2013 co tydzie\u0144<\/strong><\/h2>\n\n\n\n<p>Cotygodniowe darmowe spiny w kasynie WilderBet to kolejna znakomita promocja, kt\u00f3ra pozwala graczom korzysta\u0107 z darmowych spin\u00f3w raz w tygodniu. Oferta ta mo\u017ce by\u0107 powi\u0105zana z Twoimi tygodniowymi wp\u0142atami lub stanowi\u0107 cz\u0119\u015b\u0107 specjalnego wydarzenia. Aby odebra\u0107 te spiny:<\/p>\n\n\n\n<ul class=\"wp-block-list\">\n<li><strong>Wp\u0142a\u0107 depozyt w ka\u017cdym tygodniu<\/strong>: Niekt\u00f3re cotygodniowe darmowe spiny s\u0105 dost\u0119pne wy\u0142\u0105cznie po dokonaniu kwalifikuj\u0105cego depozytu w danym tygodniu.<\/li>\n\n\n\n<li><strong>Sprawd\u017a kody promocyjne<\/strong>: Czasami cotygodniowa oferta darmowych spin\u00f3w w kasynie WilderBet wymaga podania kodu promocyjnego, dlatego pami\u0119taj, aby wpisa\u0107 w\u0142a\u015bciwy kod podczas wp\u0142aty.<\/li>\n<\/ul>\n\n\n\n<p>Te spiny to \u015bwietny spos\u00f3b na wyd\u0142u\u017cenie rozgrywki, a cz\u0119sto mo\u017cna je wykorzysta\u0107 na topowych automatach, takich jak Minotaurus od Endorphina.<\/p>\n\n\n\n<h2 class=\"wp-block-heading\"><strong>Inne oferty darmowych spin\u00f3w w kasynie WilderBet<\/strong><\/h2>\n\n\n\n<p>Opr\u00f3cz bonusu powitalnego, codziennych i cotygodniowych darmowych spin\u00f3w, kasyno WilderBet przygotowa\u0142o tak\u017ce inne atrakcyjne promocje z darmowymi spinami. Oto kilka najlepszych propozycji:<\/p>\n\n\n\n<figure class=\"wp-block-table\"><table class=\"has-fixed-layout\"><thead><tr><th><strong><strong>Promocja<\/strong><\/strong><\/th><th><strong><strong>Oferta<\/strong><\/strong><\/th><th><strong><strong>Wymagania<\/strong><\/strong><\/th><th><strong><strong>Darmowe spiny<\/strong><\/strong><\/th><th><strong><strong>Bonus<\/strong><\/strong><\/th><\/tr><\/thead><tbody><tr><td><strong><strong>Weekendowa robota<\/strong><\/strong><\/td><td>Odbierz do 75% zwrotu got\u00f3wki oraz 150 darmowych spin\u00f3w<\/td><td>Wp\u0142ata dokonana w weekend<\/td><td>150 darmowych spin\u00f3w<\/td><td>Do 75% zwrotu got\u00f3wki<\/td><\/tr><tr><td><strong><strong>Pi\u0105tkowe szale\u0144stwo<\/strong><\/strong><\/td><td>Zgarnij 50 darmowych spin\u00f3w i 100% bonus<\/td><td>Wp\u0142ata dokonana w pi\u0105tek<\/td><td>50 darmowych spin\u00f3w<\/td><td>100% bonus do 250 \u20ac<\/td><\/tr><tr><td><strong><strong>\u015arodowy reload<\/strong><\/strong><\/td><td>Otrzymaj 100 darmowych spin\u00f3w za wp\u0142at\u0119 40 \u20ac lub wi\u0119cej<\/td><td>Wp\u0142a\u0107 40 \u20ac lub wi\u0119cej w \u015brod\u0119<\/td><td>100 darmowych spin\u00f3w<\/td><td>Brak bonusu, tylko darmowe spiny<\/td><\/tr><\/tbody><\/table><\/figure>\n\n\n\n<p>Te promocje daj\u0105 Graczom wi\u0119cej okazji do zdobycia darmowych spin\u00f3w i korzystania z dodatkowych nagr\u00f3d przez ca\u0142y tydzie\u0144. Niezale\u017cnie od tego, czy korzystasz z <strong><a href=\"\/pl\/bonusy\/\">bonusu WilderBet Casino<\/a><\/strong>, czy cieszysz si\u0119 ofertami na darmowe spiny, zawsze znajdziesz co\u015b, co urozmaici Twoj\u0105 rozgrywk\u0119. Nie przegap tych wyj\u0105tkowych promocji!<\/p>\n\n\n\n<h2 class=\"wp-block-heading\"><strong>FAQ dotycz\u0105ce bonusu WilderBet Casino<\/strong><\/h2>\n\n\n\n<h3 class=\"wp-block-heading\"><strong>Jakie s\u0105 wymagania dotycz\u0105ce obrotu dla darmowych spin\u00f3w w WilderBet Casino?<\/strong><\/h3>\n\n\n\n<p>Wym\u00f3g obrotu dla darmowych spin\u00f3w w WilderBet Casino to zazwyczaj 40x wygranej uzyskanej z darmowych spin\u00f3w. Pami\u0119taj, aby sprawdzi\u0107 regulamin ka\u017cdej oferty, poniewa\u017c wymagania dotycz\u0105ce obrotu mog\u0105 si\u0119 r\u00f3\u017cni\u0107.<\/p>\n\n\n\n<h3 class=\"wp-block-heading\"><strong>W jakie gry mog\u0119 gra\u0107, korzystaj\u0105c z darmowych spin\u00f3w WilderBet Casino?<\/strong><\/h3>\n\n\n\n<p>Darmowe spiny w WilderBet Casino mo\u017cesz wykorzysta\u0107 na wi\u0119kszo\u015bci automat\u00f3w dost\u0119pnych w kasynie. Jednak niekt\u00f3re oferty darmowych spin\u00f3w mog\u0105 by\u0107 ograniczone do wybranych gier, dlatego zawsze sprawdzaj regulamin, aby dowiedzie\u0107 si\u0119, kt\u00f3re gry s\u0105 obj\u0119te promocj\u0105.<\/p>\n\n\n\n<h3 class=\"wp-block-heading\"><strong>Jaka jest minimalna wp\u0142ata, aby otrzyma\u0107 darmowe spiny w WilderBet Casino?<\/strong><\/h3>\n\n\n\n<p>Minimalna wp\u0142ata wymagana do odebrania darmowych spin\u00f3w w WilderBet Casino zazwyczaj wynosi od 20 USD do 40 USD, w zale\u017cno\u015bci od promocji. Sprawd\u017a regulamin ka\u017cdej oferty, aby pozna\u0107 dok\u0142adn\u0105 kwot\u0119.<\/p>\n\n\n\n<h3 class=\"wp-block-heading\"><strong>Czy s\u0105 dost\u0119pne darmowe spiny WilderBet Casino dla obecnych graczy?<\/strong><\/h3>\n\n\n\n<p>Tak, darmowe spiny WilderBet Casino s\u0105 dost\u0119pne dla obecnych graczy w ramach r\u00f3\u017cnych promocji, takich jak codzienne, tygodniowe czy bonusy za ponowne do\u0142adowanie. Regularnie odwiedzaj stron\u0119 z promocjami, aby nie przegapi\u0107 najnowszych ofert.<\/p>\n","protected":false},"excerpt":{"rendered":"<p>Kasyno WilderBet przygotowa\u0142o dla graczy szeroki wyb\u00f3r ekscytuj\u0105cych promocji z darmowymi spinami, kt\u00f3re podnosz\u0105 poziom rozrywki i realnie zwi\u0119kszaj\u0105 Twoje szanse na wygran\u0105. Niezale\u017cnie od tego, czy dopiero zaczynasz, czy jeste\u015b sta\u0142ym bywalcem, ka\u017cdy znajdzie tu co\u015b dla siebie. Darmowe spiny to \u015bwietny spos\u00f3b, by wyd\u0142u\u017cy\u0107 czas gry bez konieczno\u015bci korzystania z w\u0142asnych \u015brodk\u00f3w. Odbierz &#8230; <a title=\"Darmowe spiny w kasynie WilderBet\" class=\"read-more\" href=\"https:\/\/wilderbetcasino.org\/pl\/bonusy\/darmowe-spiny\/\" aria-label=\"Dowiedz si\u0119 wi\u0119cej o Darmowe spiny w kasynie WilderBet\">Dowiedz si\u0119 wi\u0119cej<\/a><\/p>\n","protected":false},"author":1,"featured_media":19,"parent":10,"menu_order":0,"comment_status":"closed","ping_status":"closed","template":"","meta":{"_acf_changed":false,"footnotes":""},"class_list":["post-18","page","type-page","status-publish","has-post-thumbnail"],"acf":[],"yoast_head":"<!-- This site is optimized with the Yoast SEO plugin v26.5 - https:\/\/yoast.com\/wordpress\/plugins\/seo\/ -->\n<title>Darmowe spiny w kasynie WilderBet | Ekskluzywne oferty darmowych spin\u00f3w<\/title>\n<meta name=\"description\" content=\"Odbierz darmowe spiny w kasynie WilderBet i korzystaj z codziennych, cotygodniowych oraz ekskluzywnych promocji. Zwi\u0119ksz swoje szanse na wygran\u0105 dzi\u0119ki atrakcyjnym ofertom darmowych spin\u00f3w.\" \/>\n<meta name=\"robots\" content=\"index, follow, max-snippet:-1, max-image-preview:large, max-video-preview:-1\" \/>\n<link rel=\"canonical\" href=\"https:\/\/wilderbetcasino.org\/pl\/bonusy\/darmowe-spiny\/\" \/>\n<meta property=\"og:locale\" content=\"pl_PL\" \/>\n<meta property=\"og:type\" content=\"article\" \/>\n<meta property=\"og:title\" content=\"Darmowe spiny w kasynie WilderBet | Ekskluzywne oferty darmowych spin\u00f3w\" \/>\n<meta property=\"og:description\" content=\"Odbierz darmowe spiny w kasynie WilderBet i korzystaj z codziennych, cotygodniowych oraz ekskluzywnych promocji. Zwi\u0119ksz swoje szanse na wygran\u0105 dzi\u0119ki atrakcyjnym ofertom darmowych spin\u00f3w.\" \/>\n<meta property=\"og:url\" content=\"https:\/\/wilderbetcasino.org\/pl\/bonusy\/darmowe-spiny\/\" \/>\n<meta property=\"og:site_name\" content=\"Wilderbetcasino Polish\" \/>\n<meta property=\"og:image\" content=\"https:\/\/wilderbetcasino.org\/pl\/wp-content\/uploads\/sites\/5\/2026\/03\/wilderbet-free-spins-featured-PL.webp\" \/>\n\t<meta property=\"og:image:width\" content=\"300\" \/>\n\t<meta property=\"og:image:height\" content=\"300\" \/>\n\t<meta property=\"og:image:type\" content=\"image\/webp\" \/>\n<meta name=\"twitter:card\" content=\"summary_large_image\" \/>\n<meta name=\"twitter:label1\" content=\"Szacowany czas czytania\" \/>\n\t<meta name=\"twitter:data1\" content=\"8 minut\" \/>\n<script type=\"application\/ld+json\" class=\"yoast-schema-graph\">{\"@context\":\"https:\/\/schema.org\",\"@graph\":[{\"@type\":\"WebPage\",\"@id\":\"https:\/\/wilderbetcasino.org\/pl\/bonusy\/darmowe-spiny\/\",\"url\":\"https:\/\/wilderbetcasino.org\/pl\/bonusy\/darmowe-spiny\/\",\"name\":\"Darmowe spiny w kasynie WilderBet | Ekskluzywne oferty darmowych spin\u00f3w\",\"isPartOf\":{\"@id\":\"https:\/\/wilderbetcasino.org\/pl\/#website\"},\"primaryImageOfPage\":{\"@id\":\"https:\/\/wilderbetcasino.org\/pl\/bonusy\/darmowe-spiny\/#primaryimage\"},\"image\":{\"@id\":\"https:\/\/wilderbetcasino.org\/pl\/bonusy\/darmowe-spiny\/#primaryimage\"},\"thumbnailUrl\":\"https:\/\/wilderbetcasino.org\/pl\/wp-content\/uploads\/sites\/5\/2026\/03\/wilderbet-free-spins-featured-PL.webp\",\"datePublished\":\"2026-03-19T09:55:55+00:00\",\"description\":\"Odbierz darmowe spiny w kasynie WilderBet i korzystaj z codziennych, cotygodniowych oraz ekskluzywnych promocji. Zwi\u0119ksz swoje szanse na wygran\u0105 dzi\u0119ki atrakcyjnym ofertom darmowych spin\u00f3w.\",\"breadcrumb\":{\"@id\":\"https:\/\/wilderbetcasino.org\/pl\/bonusy\/darmowe-spiny\/#breadcrumb\"},\"inLanguage\":\"pl-PL\",\"potentialAction\":[{\"@type\":\"ReadAction\",\"target\":[\"https:\/\/wilderbetcasino.org\/pl\/bonusy\/darmowe-spiny\/\"]}]},{\"@type\":\"ImageObject\",\"inLanguage\":\"pl-PL\",\"@id\":\"https:\/\/wilderbetcasino.org\/pl\/bonusy\/darmowe-spiny\/#primaryimage\",\"url\":\"https:\/\/wilderbetcasino.org\/pl\/wp-content\/uploads\/sites\/5\/2026\/03\/wilderbet-free-spins-featured-PL.webp\",\"contentUrl\":\"https:\/\/wilderbetcasino.org\/pl\/wp-content\/uploads\/sites\/5\/2026\/03\/wilderbet-free-spins-featured-PL.webp\",\"width\":300,\"height\":300,\"caption\":\"Logo WilderBet z zielon\u0105 ikon\u0105 przedstawiaj\u0105c\u0105 u\u0142o\u017cone monety, gwiazdk\u0119 oraz b\u0119ben automatu do gry, obok napis \u201eDarmowe spiny\u201d.\"},{\"@type\":\"BreadcrumbList\",\"@id\":\"https:\/\/wilderbetcasino.org\/pl\/bonusy\/darmowe-spiny\/#breadcrumb\",\"itemListElement\":[{\"@type\":\"ListItem\",\"position\":1,\"name\":\"Home\",\"item\":\"https:\/\/wilderbetcasino.org\/pl\/\"},{\"@type\":\"ListItem\",\"position\":2,\"name\":\"Bonus w kasynie WilderBet\",\"item\":\"https:\/\/wilderbetcasino.org\/pl\/bonusy\/\"},{\"@type\":\"ListItem\",\"position\":3,\"name\":\"Darmowe spiny w kasynie WilderBet\"}]},{\"@type\":\"WebSite\",\"@id\":\"https:\/\/wilderbetcasino.org\/pl\/#website\",\"url\":\"https:\/\/wilderbetcasino.org\/pl\/\",\"name\":\"Wilderbetcasino Polish\",\"description\":\"\",\"publisher\":{\"@id\":\"https:\/\/wilderbetcasino.org\/pl\/#organization\"},\"potentialAction\":[{\"@type\":\"SearchAction\",\"target\":{\"@type\":\"EntryPoint\",\"urlTemplate\":\"https:\/\/wilderbetcasino.org\/pl\/?s={search_term_string}\"},\"query-input\":{\"@type\":\"PropertyValueSpecification\",\"valueRequired\":true,\"valueName\":\"search_term_string\"}}],\"inLanguage\":\"pl-PL\"},{\"@type\":\"Organization\",\"@id\":\"https:\/\/wilderbetcasino.org\/pl\/#organization\",\"name\":\"Wilderbetcasino Polish\",\"url\":\"https:\/\/wilderbetcasino.org\/pl\/\",\"logo\":{\"@type\":\"ImageObject\",\"inLanguage\":\"pl-PL\",\"@id\":\"https:\/\/wilderbetcasino.org\/pl\/#\/schema\/logo\/image\/\",\"url\":\"https:\/\/wilderbetcasino.org\/pl\/wp-content\/uploads\/sites\/5\/2026\/03\/wilderbet.webp\",\"contentUrl\":\"https:\/\/wilderbetcasino.org\/pl\/wp-content\/uploads\/sites\/5\/2026\/03\/wilderbet.webp\",\"width\":633,\"height\":219,\"caption\":\"Wilderbetcasino Polish\"},\"image\":{\"@id\":\"https:\/\/wilderbetcasino.org\/pl\/#\/schema\/logo\/image\/\"}}]}<\/script>\n<!-- \/ Yoast SEO plugin. -->","yoast_head_json":{"title":"Darmowe spiny w kasynie WilderBet | Ekskluzywne oferty darmowych spin\u00f3w","description":"Odbierz darmowe spiny w kasynie WilderBet i korzystaj z codziennych, cotygodniowych oraz ekskluzywnych promocji. Zwi\u0119ksz swoje szanse na wygran\u0105 dzi\u0119ki atrakcyjnym ofertom darmowych spin\u00f3w.","robots":{"index":"index","follow":"follow","max-snippet":"max-snippet:-1","max-image-preview":"max-image-preview:large","max-video-preview":"max-video-preview:-1"},"canonical":"https:\/\/wilderbetcasino.org\/pl\/bonusy\/darmowe-spiny\/","og_locale":"pl_PL","og_type":"article","og_title":"Darmowe spiny w kasynie WilderBet | Ekskluzywne oferty darmowych spin\u00f3w","og_description":"Odbierz darmowe spiny w kasynie WilderBet i korzystaj z codziennych, cotygodniowych oraz ekskluzywnych promocji. Zwi\u0119ksz swoje szanse na wygran\u0105 dzi\u0119ki atrakcyjnym ofertom darmowych spin\u00f3w.","og_url":"https:\/\/wilderbetcasino.org\/pl\/bonusy\/darmowe-spiny\/","og_site_name":"Wilderbetcasino Polish","og_image":[{"width":300,"height":300,"url":"https:\/\/wilderbetcasino.org\/pl\/wp-content\/uploads\/sites\/5\/2026\/03\/wilderbet-free-spins-featured-PL.webp","type":"image\/webp"}],"twitter_card":"summary_large_image","twitter_misc":{"Szacowany czas czytania":"8 minut"},"schema":{"@context":"https:\/\/schema.org","@graph":[{"@type":"WebPage","@id":"https:\/\/wilderbetcasino.org\/pl\/bonusy\/darmowe-spiny\/","url":"https:\/\/wilderbetcasino.org\/pl\/bonusy\/darmowe-spiny\/","name":"Darmowe spiny w kasynie WilderBet | Ekskluzywne oferty darmowych spin\u00f3w","isPartOf":{"@id":"https:\/\/wilderbetcasino.org\/pl\/#website"},"primaryImageOfPage":{"@id":"https:\/\/wilderbetcasino.org\/pl\/bonusy\/darmowe-spiny\/#primaryimage"},"image":{"@id":"https:\/\/wilderbetcasino.org\/pl\/bonusy\/darmowe-spiny\/#primaryimage"},"thumbnailUrl":"https:\/\/wilderbetcasino.org\/pl\/wp-content\/uploads\/sites\/5\/2026\/03\/wilderbet-free-spins-featured-PL.webp","datePublished":"2026-03-19T09:55:55+00:00","description":"Odbierz darmowe spiny w kasynie WilderBet i korzystaj z codziennych, cotygodniowych oraz ekskluzywnych promocji. Zwi\u0119ksz swoje szanse na wygran\u0105 dzi\u0119ki atrakcyjnym ofertom darmowych spin\u00f3w.","breadcrumb":{"@id":"https:\/\/wilderbetcasino.org\/pl\/bonusy\/darmowe-spiny\/#breadcrumb"},"inLanguage":"pl-PL","potentialAction":[{"@type":"ReadAction","target":["https:\/\/wilderbetcasino.org\/pl\/bonusy\/darmowe-spiny\/"]}]},{"@type":"ImageObject","inLanguage":"pl-PL","@id":"https:\/\/wilderbetcasino.org\/pl\/bonusy\/darmowe-spiny\/#primaryimage","url":"https:\/\/wilderbetcasino.org\/pl\/wp-content\/uploads\/sites\/5\/2026\/03\/wilderbet-free-spins-featured-PL.webp","contentUrl":"https:\/\/wilderbetcasino.org\/pl\/wp-content\/uploads\/sites\/5\/2026\/03\/wilderbet-free-spins-featured-PL.webp","width":300,"height":300,"caption":"Logo WilderBet z zielon\u0105 ikon\u0105 przedstawiaj\u0105c\u0105 u\u0142o\u017cone monety, gwiazdk\u0119 oraz b\u0119ben automatu do gry, obok napis \u201eDarmowe spiny\u201d."},{"@type":"BreadcrumbList","@id":"https:\/\/wilderbetcasino.org\/pl\/bonusy\/darmowe-spiny\/#breadcrumb","itemListElement":[{"@type":"ListItem","position":1,"name":"Home","item":"https:\/\/wilderbetcasino.org\/pl\/"},{"@type":"ListItem","position":2,"name":"Bonus w kasynie WilderBet","item":"https:\/\/wilderbetcasino.org\/pl\/bonusy\/"},{"@type":"ListItem","position":3,"name":"Darmowe spiny w kasynie WilderBet"}]},{"@type":"WebSite","@id":"https:\/\/wilderbetcasino.org\/pl\/#website","url":"https:\/\/wilderbetcasino.org\/pl\/","name":"Wilderbetcasino Polish","description":"","publisher":{"@id":"https:\/\/wilderbetcasino.org\/pl\/#organization"},"potentialAction":[{"@type":"SearchAction","target":{"@type":"EntryPoint","urlTemplate":"https:\/\/wilderbetcasino.org\/pl\/?s={search_term_string}"},"query-input":{"@type":"PropertyValueSpecification","valueRequired":true,"valueName":"search_term_string"}}],"inLanguage":"pl-PL"},{"@type":"Organization","@id":"https:\/\/wilderbetcasino.org\/pl\/#organization","name":"Wilderbetcasino Polish","url":"https:\/\/wilderbetcasino.org\/pl\/","logo":{"@type":"ImageObject","inLanguage":"pl-PL","@id":"https:\/\/wilderbetcasino.org\/pl\/#\/schema\/logo\/image\/","url":"https:\/\/wilderbetcasino.org\/pl\/wp-content\/uploads\/sites\/5\/2026\/03\/wilderbet.webp","contentUrl":"https:\/\/wilderbetcasino.org\/pl\/wp-content\/uploads\/sites\/5\/2026\/03\/wilderbet.webp","width":633,"height":219,"caption":"Wilderbetcasino Polish"},"image":{"@id":"https:\/\/wilderbetcasino.org\/pl\/#\/schema\/logo\/image\/"}}]}},"_links":{"self":[{"href":"https:\/\/wilderbetcasino.org\/pl\/wp-json\/wp\/v2\/pages\/18","targetHints":{"allow":["GET"]}}],"collection":[{"href":"https:\/\/wilderbetcasino.org\/pl\/wp-json\/wp\/v2\/pages"}],"about":[{"href":"https:\/\/wilderbetcasino.org\/pl\/wp-json\/wp\/v2\/types\/page"}],"author":[{"embeddable":true,"href":"https:\/\/wilderbetcasino.org\/pl\/wp-json\/wp\/v2\/users\/1"}],"replies":[{"embeddable":true,"href":"https:\/\/wilderbetcasino.org\/pl\/wp-json\/wp\/v2\/comments?post=18"}],"version-history":[{"count":1,"href":"https:\/\/wilderbetcasino.org\/pl\/wp-json\/wp\/v2\/pages\/18\/revisions"}],"predecessor-version":[{"id":20,"href":"https:\/\/wilderbetcasino.org\/pl\/wp-json\/wp\/v2\/pages\/18\/revisions\/20"}],"up":[{"embeddable":true,"href":"https:\/\/wilderbetcasino.org\/pl\/wp-json\/wp\/v2\/pages\/10"}],"wp:featuredmedia":[{"embeddable":true,"href":"https:\/\/wilderbetcasino.org\/pl\/wp-json\/wp\/v2\/media\/19"}],"wp:attachment":[{"href":"https:\/\/wilderbetcasino.org\/pl\/wp-json\/wp\/v2\/media?parent=18"}],"curies":[{"name":"wp","href":"https:\/\/api.w.org\/{rel}","templated":true}]}}