{"id":23,"date":"2026-03-19T12:54:09","date_gmt":"2026-03-19T12:54:09","guid":{"rendered":"https:\/\/wilderbetcasino.org\/fi\/?page_id=23"},"modified":"2026-03-19T13:06:27","modified_gmt":"2026-03-19T13:06:27","slug":"ilmaiskierrokset-ilman-talletusta","status":"publish","type":"page","link":"https:\/\/wilderbetcasino.org\/fi\/bonukset\/ilmaiskierrokset-ilman-talletusta\/","title":{"rendered":"WilderBet Casino ilmaiskierrokset ilman talletusta"},"content":{"rendered":"\n<p>WilderBet Casino tarjoaa loistavan mahdollisuuden aloittaa pelaaminen ilman ensimm\u00e4ist\u00e4 talletusta. Ilmaiskierroksilla ilman talletusta sek\u00e4 uudet ett\u00e4 palaavat pelaajat p\u00e4\u00e4sev\u00e4t suoraan toimintaan ja voivat kokeilla onneaan monipuolisissa kolikkopeleiss\u00e4 \u2013 ilman, ett\u00e4 tili\u00e4 tarvitsee ladata rahalla. T\u00e4m\u00e4 bonustyyppi houkuttelee erityisesti pelaajia, jotka haluavat tutustua kasinon tarjontaan ilman taloudellista riski\u00e4.<\/p>\n\n\n\n<style>\n  .signup-button {\n    background-color: #292D2E;\n    color: white;\n    font-weight: bold;\n    font-size: 18px;\n    padding: 18px 160px;\n    min-width: 280px;\n    border: none;\n    border-radius: 10px;\n    cursor: pointer;\n    position: relative;\n    overflow: hidden;\n    transition: transform 0.3s ease, box-shadow 0.3s ease;\n    box-shadow: 0 0 15px rgba(245, 66, 197, 0.4);\n    text-align: center;\n    text-decoration: none;\n    display: inline-block;\n  }\n  .signup-button:hover {\n    transform: scale(1.05);\n    box-shadow: 0 0 25px #292D2E;\ncolor:#fff;\n  }\n  .signup-button::before {\n    content: '';\n    position: absolute;\n    top: 0;\n    left: -75%;\n    width: 50%;\n    height: 100%;\n    background: linear-gradient(120deg, transparent, rgba(255,255,255,0.4), transparent);\n    transform: skewX(-25deg);\n    animation: shine 2.5s infinite;\n  }\n  @keyframes shine {\n    0% { left: -75%; }\n    100% { left: 125%; }\n  }\n<\/style>\n\n<div style=\"display: flex; justify-content: center; align-items: center; padding: 50px 0;padding-top:10px;\">\n  <a href=\"\/fi\/visit\/\" \n     class=\"signup-button\" \n     target=\"_blank\" \n     rel=\"nofollow noopener noreferrer\">\n    Lunasta nyt!\n  <\/a>\n<\/div>\n\n\n\n<p>N\u00e4m\u00e4 ilmaiskierrokset ilman talletusta ovat erinomainen tapa tutustua peleihin, kokeilla erilaisia kolikkopelej\u00e4 ja n\u00e4hd\u00e4, mit\u00e4 <strong><a href=\"\/fi\/\">WilderBet Casino<\/a><\/strong> tarjoaa. He tarjoavat riskitt\u00f6m\u00e4n mahdollisuuden voittaa oikeaa rahaa samalla kun nautit kieppuvien rullien j\u00e4nnityksest\u00e4. Olitpa sitten uusi nettikasinopelaaja tai kokenut konkari, n\u00e4m\u00e4 bonukset antavat sinulle mahdollisuuden pelata laadukkaita kolikkopelej\u00e4 ilman sitoumuksia.<\/p>\n\n\n\n<h2 class=\"wp-block-heading\"><strong>Kuinka saat WilderBet Casinon ilmaiskierrokset ilman talletusta?<\/strong><\/h2>\n\n\n\n<p>WilderBet Casinon ilmaiskierrosten lunastaminen ilman talletusta on helppoa ja vaivatonta. Noudata n\u00e4it\u00e4 nelj\u00e4\u00e4 yksinkertaista vaihetta p\u00e4\u00e4st\u00e4ksesi pelaamaan:<\/p>\n\n\n\n<ol class=\"wp-block-list\">\n<li><strong>Rekister\u00f6idy<\/strong>: Luo tili WilderBet Casinolle t\u00e4ytt\u00e4m\u00e4ll\u00e4 vaaditut tiedot. Jos olet uusi pelaaja, olet oikeutettu ilmaiskierroksiin ilman talletusta.<\/li>\n\n\n\n<li><strong>Vahvista tilisi<\/strong>: Suorita tilin vahvistus varmistaaksesi, ett\u00e4 tilisi on aktiivinen ja turvallinen.<\/li>\n\n\n\n<li><strong>Lunasta tarjous<\/strong>: Kun tilisi on vahvistettu, tarkista kampanjasivu mahdollisista ilmaiskierrostarjouksista ilman talletusta. N\u00e4m\u00e4 ilmaiskierrokset lis\u00e4t\u00e4\u00e4n usein automaattisesti, mutta joissain tapauksissa sinun t\u00e4ytyy sy\u00f6tt\u00e4\u00e4 WilderBet Casinon kampanjakoodi.<\/li>\n\n\n\n<li><strong>Aloita pelaaminen<\/strong>: K\u00e4yt\u00e4 ilmaiskierroksesi WilderBet Casinon hyv\u00e4ksytyiss\u00e4 kolikkopeleiss\u00e4. Tutustu tarjolla oleviin peleihin, t\u00e4yt\u00e4 kierr\u00e4tysvaatimukset ja nauti mahdollisuudesta voittaa oikeaa rahaa!<\/li>\n<\/ol>\n\n\n\n<h2 class=\"wp-block-heading\"><strong>WilderBet Casinon ilmaiskierrosten kierr\u00e4tysvaatimukset ilman talletusta<\/strong><\/h2>\n\n\n\n<p>Kuten kaikki kasinobonukset, my\u00f6s WilderBetin ilmaiskierrokset ilman talletusta sis\u00e4lt\u00e4v\u00e4t tietyt kierr\u00e4tysvaatimukset. N\u00e4iden vaatimusten ymm\u00e4rt\u00e4minen on t\u00e4rke\u00e4\u00e4, jotta voit hy\u00f6dynt\u00e4\u00e4 bonuksen t\u00e4ysim\u00e4\u00e4r\u00e4isesti ja muuntaa voittosi oikeaksi rahaksi.<\/p>\n\n\n\n<h3 class=\"wp-block-heading\"><strong>Pelit, jotka t\u00e4ytt\u00e4v\u00e4t kierr\u00e4tysvaatimuksia<\/strong><\/h3>\n\n\n\n<p>WilderBetin kolikkopelit osallistuvat yleens\u00e4 100-prosenttisesti kierr\u00e4tysvaatimusten t\u00e4ytt\u00e4miseen. Sen sijaan jotkin p\u00f6yt\u00e4pelit ja muut kuin kolikkopelit eiv\u00e4t v\u00e4ltt\u00e4m\u00e4tt\u00e4 t\u00e4yt\u00e4 vaatimuksia lainkaan tai vain osittain. Tarkista aina bonuksen ehdot ja s\u00e4\u00e4nn\u00f6t, jotta tied\u00e4t mahdolliset pelirajoitukset.<\/p>\n\n\n\n<h3 class=\"wp-block-heading\"><strong>Maksimipanokset<\/strong><\/h3>\n\n\n\n<p>Maksimipanos WilderBetin ilmaiskierroksilla saaduilla voitoilla <strong><a href=\"\/fi\/bonukset\/ilmaiskierrokset\/\">WilderBetin ilmaiskierrokset<\/a><\/strong> on yleens\u00e4 rajattu 5 dollariin tai vastaavaan kryptovaluutassa. Jos panostat t\u00e4t\u00e4 enemm\u00e4n, voitot voidaan mit\u00e4t\u00f6id\u00e4.<\/p>\n\n\n\n<h3 class=\"wp-block-heading\"><strong>Maksimivoitot<\/strong><\/h3>\n\n\n\n<p>Ilmaiskierroksilla ilman talletusta saaduissa voitoissa on yleens\u00e4 50 dollarin tai vastaavan kryptovaluuttam\u00e4\u00e4r\u00e4n voittokatto. Kaikki t\u00e4m\u00e4n rajan ylitt\u00e4v\u00e4t summat poistetaan.<\/p>\n\n\n\n<h3 class=\"wp-block-heading\"><strong>Kierr\u00e4tysvaatimukset<\/strong><\/h3>\n\n\n\n<p>WilderBet Casinon ilmaiskierrosten kierr\u00e4tysvaatimus ilman talletusta on yleens\u00e4 40x ilmaiskierroksilla saaduista voitoista. T\u00e4m\u00e4 tarkoittaa, ett\u00e4 sinun t\u00e4ytyy kierr\u00e4tt\u00e4\u00e4 voittamasi summa 40 kertaa ennen kuin voit kotiuttaa varoja. On t\u00e4rke\u00e4\u00e4 huomioida, ett\u00e4 vaatimus koskee vain voittoja, ei talletuksen ja bonuksen yhteissummaa.<\/p>\n\n\n\n<h2 class=\"wp-block-heading\"><strong>WilderBet Casinon ilmaiskierrosbonus ilman talletusta \u2013 bonuskoodi<\/strong><\/h2>\n\n\n\n<p>Joissakin WilderBet Casinon ilmaiskierrostarjouksissa ilman talletusta vaaditaan kampanjakoodin k\u00e4ytt\u00f6\u00e4. WilderBet Casinon ilmaiskierrosbonuksen koodi l\u00f6ytyy yleens\u00e4 kampanjan tiedoista. N\u00e4in k\u00e4yt\u00e4t sit\u00e4:<\/p>\n\n\n\n<ul class=\"wp-block-list\">\n<li><strong>Sy\u00f6t\u00e4 koodi<\/strong>: Ennen kuin lunastat ilmaiskierroksesi ilman talletusta, muista sy\u00f6tt\u00e4\u00e4 oikea <strong><a href=\"\/fi\/bonukset\/bonuskoodit\/\">WilderBet Casinon kampanjakoodi<\/a><\/strong> rekister\u00f6itymisen tai talletuksen yhteydess\u00e4 (jos sit\u00e4 vaaditaan).<\/li>\n\n\n\n<li><strong>Lunasta ilmaiskierroksesi<\/strong>: Kun koodi on sy\u00f6tetty ja tarjous aktivoitu, ilmaiskierrokset ilman talletusta lis\u00e4t\u00e4\u00e4n tilillesi automaattisesti \u2013 p\u00e4\u00e4set pelaamaan heti.<\/li>\n<\/ul>\n\n\n\n<p>Seuraa <strong><a href=\"\/fi\/bonukset\/\">WilderBet Casinon bonussivua<\/a><\/strong>, josta l\u00f6yd\u00e4t uudet ilmaiskierroskoodit ilman talletusta sek\u00e4 muut erikoistarjoukset, joissa tarvitaan koodia.<\/p>\n\n\n\n<h2 class=\"wp-block-heading\"><strong>WilderBet Casinon bonusten usein kysytyt kysymykset<\/strong><\/h2>\n\n\n\n<h3 class=\"wp-block-heading\"><strong>Mitk\u00e4 ovat WilderBet Casinon ilmaiskierrosten kierr\u00e4tysvaatimukset ilman talletusta?<\/strong><\/h3>\n\n\n\n<p>WilderBet Casinon ilmaiskierrosten kierr\u00e4tysvaatimus ilman talletusta on tyypillisesti 40x ilmaiskierroksilla saaduista voitoista. Sinun t\u00e4ytyy kierr\u00e4tt\u00e4\u00e4 t\u00e4m\u00e4 summa ennen kuin voit kotiuttaa voittojasi.<\/p>\n\n\n\n<h3 class=\"wp-block-heading\"><strong>Mill\u00e4 peleill\u00e4 voin pelata WilderBet Casinon ilmaiskierroksilla ilman talletusta?<\/strong><\/h3>\n\n\n\n<p>Voit k\u00e4ytt\u00e4\u00e4 WilderBet Casinon ilmaiskierroksia ilman talletusta suurimmassa osassa WilderBetin kolikkopelej\u00e4. Joissakin peleiss\u00e4 ilmaiskierrokset eiv\u00e4t kuitenkaan ole k\u00e4ytett\u00e4viss\u00e4, joten muista tarkistaa jokaisen kampanjan ehdot huolellisesti.<\/p>\n\n\n\n<h3 class=\"wp-block-heading\"><strong>Onko olemassa WilderBet Casinon ilmaiskierroksia ilman talletusta my\u00f6s nykyisille pelaajille?<\/strong><\/h3>\n\n\n\n<p>T\u00e4ll\u00e4 hetkell\u00e4 WilderBet Casinon ilmaiskierroksia ilman talletusta tarjotaan yleens\u00e4 uusille pelaajille osana tervetulopakettia. Sen sijaan nykyisille pelaajille on usein tarjolla muita WilderBet Casinon bonuksia, kuten reload-tarjouksia, ilmaiskierroksia ja muita eksklusiivisia etuja. Muista tarkistaa kampanjasivu s\u00e4\u00e4nn\u00f6llisesti uusimpien tarjousten varalta.<\/p>\n\n\n\n<h3 class=\"wp-block-heading\"><strong>Mik\u00e4 on WilderBet Casinon ilmaiskierrosten bonuskoodi ilman talletusta?<\/strong><\/h3>\n\n\n\n<p>WilderBet Casinon ilmaiskierrosten bonuskoodi ilman talletusta on erityinen koodi, jonka saat tiettyjen kampanjoiden yhteydess\u00e4 ja jolla voit lunastaa ilmaiskierroksia ilman talletusta. Tarkista aina tarjouksen ehdot varmistaaksesi, ett\u00e4 k\u00e4yt\u00f6ss\u00e4si on oikea koodi.<\/p>\n","protected":false},"excerpt":{"rendered":"<p>WilderBet Casino tarjoaa loistavan mahdollisuuden aloittaa pelaaminen ilman ensimm\u00e4ist\u00e4 talletusta. Ilmaiskierroksilla ilman talletusta sek\u00e4 uudet ett\u00e4 palaavat pelaajat p\u00e4\u00e4sev\u00e4t suoraan toimintaan ja voivat kokeilla onneaan monipuolisissa kolikkopeleiss\u00e4 \u2013 ilman, ett\u00e4 tili\u00e4 tarvitsee ladata rahalla. T\u00e4m\u00e4 bonustyyppi houkuttelee erityisesti pelaajia, jotka haluavat tutustua kasinon tarjontaan ilman taloudellista riski\u00e4. Lunasta nyt! N\u00e4m\u00e4 ilmaiskierrokset ilman talletusta ovat erinomainen &#8230; <a title=\"WilderBet Casino ilmaiskierrokset ilman talletusta\" class=\"read-more\" href=\"https:\/\/wilderbetcasino.org\/fi\/bonukset\/ilmaiskierrokset-ilman-talletusta\/\" aria-label=\"Lue lis\u00e4\u00e4 aiheesta WilderBet Casino ilmaiskierrokset ilman talletusta\">Lue lis\u00e4\u00e4<\/a><\/p>\n","protected":false},"author":1,"featured_media":24,"parent":10,"menu_order":0,"comment_status":"closed","ping_status":"closed","template":"","meta":{"_acf_changed":false,"footnotes":""},"class_list":["post-23","page","type-page","status-publish","has-post-thumbnail"],"acf":[],"yoast_head":"<!-- This site is optimized with the Yoast SEO plugin v26.5 - https:\/\/yoast.com\/wordpress\/plugins\/seo\/ -->\n<title>WilderBet Casino ilmaiskierrokset ilman talletusta | Lunasta heti<\/title>\n<meta name=\"description\" content=\"Lunasta WilderBet Casinon ilmaiskierrokset ilman talletusta ja nauti j\u00e4nnitt\u00e4vist\u00e4 kolikkopeleist\u00e4 ilman talletusvaatimusta. Aloita oikean rahan voittaminen jo t\u00e4n\u00e4\u00e4n!\" \/>\n<meta name=\"robots\" content=\"index, follow, max-snippet:-1, max-image-preview:large, max-video-preview:-1\" \/>\n<link rel=\"canonical\" href=\"https:\/\/wilderbetcasino.org\/fi\/bonukset\/ilmaiskierrokset-ilman-talletusta\/\" \/>\n<meta property=\"og:locale\" content=\"fi_FI\" \/>\n<meta property=\"og:type\" content=\"article\" \/>\n<meta property=\"og:title\" content=\"WilderBet Casino ilmaiskierrokset ilman talletusta | Lunasta heti\" \/>\n<meta property=\"og:description\" content=\"Lunasta WilderBet Casinon ilmaiskierrokset ilman talletusta ja nauti j\u00e4nnitt\u00e4vist\u00e4 kolikkopeleist\u00e4 ilman talletusvaatimusta. Aloita oikean rahan voittaminen jo t\u00e4n\u00e4\u00e4n!\" \/>\n<meta property=\"og:url\" content=\"https:\/\/wilderbetcasino.org\/fi\/bonukset\/ilmaiskierrokset-ilman-talletusta\/\" \/>\n<meta property=\"og:site_name\" content=\"Wilderbetcasino Finnish\" \/>\n<meta property=\"article:modified_time\" content=\"2026-03-19T13:06:27+00:00\" \/>\n<meta property=\"og:image\" content=\"https:\/\/wilderbetcasino.org\/fi\/wp-content\/uploads\/sites\/4\/2026\/03\/wilderbet-No-deposit-free-spins-featured-FI.webp\" \/>\n\t<meta property=\"og:image:width\" content=\"300\" \/>\n\t<meta property=\"og:image:height\" content=\"300\" \/>\n\t<meta property=\"og:image:type\" content=\"image\/webp\" \/>\n<meta name=\"twitter:card\" content=\"summary_large_image\" \/>\n<meta name=\"twitter:label1\" content=\"Arvioitu lukuaika\" \/>\n\t<meta name=\"twitter:data1\" content=\"4 minuuttia\" \/>\n<script type=\"application\/ld+json\" class=\"yoast-schema-graph\">{\"@context\":\"https:\/\/schema.org\",\"@graph\":[{\"@type\":\"WebPage\",\"@id\":\"https:\/\/wilderbetcasino.org\/fi\/bonukset\/ilmaiskierrokset-ilman-talletusta\/\",\"url\":\"https:\/\/wilderbetcasino.org\/fi\/bonukset\/ilmaiskierrokset-ilman-talletusta\/\",\"name\":\"WilderBet Casino ilmaiskierrokset ilman talletusta | Lunasta heti\",\"isPartOf\":{\"@id\":\"https:\/\/wilderbetcasino.org\/fi\/#website\"},\"primaryImageOfPage\":{\"@id\":\"https:\/\/wilderbetcasino.org\/fi\/bonukset\/ilmaiskierrokset-ilman-talletusta\/#primaryimage\"},\"image\":{\"@id\":\"https:\/\/wilderbetcasino.org\/fi\/bonukset\/ilmaiskierrokset-ilman-talletusta\/#primaryimage\"},\"thumbnailUrl\":\"https:\/\/wilderbetcasino.org\/fi\/wp-content\/uploads\/sites\/4\/2026\/03\/wilderbet-No-deposit-free-spins-featured-FI.webp\",\"datePublished\":\"2026-03-19T12:54:09+00:00\",\"dateModified\":\"2026-03-19T13:06:27+00:00\",\"description\":\"Lunasta WilderBet Casinon ilmaiskierrokset ilman talletusta ja nauti j\u00e4nnitt\u00e4vist\u00e4 kolikkopeleist\u00e4 ilman talletusvaatimusta. Aloita oikean rahan voittaminen jo t\u00e4n\u00e4\u00e4n!\",\"breadcrumb\":{\"@id\":\"https:\/\/wilderbetcasino.org\/fi\/bonukset\/ilmaiskierrokset-ilman-talletusta\/#breadcrumb\"},\"inLanguage\":\"fi\",\"potentialAction\":[{\"@type\":\"ReadAction\",\"target\":[\"https:\/\/wilderbetcasino.org\/fi\/bonukset\/ilmaiskierrokset-ilman-talletusta\/\"]}]},{\"@type\":\"ImageObject\",\"inLanguage\":\"fi\",\"@id\":\"https:\/\/wilderbetcasino.org\/fi\/bonukset\/ilmaiskierrokset-ilman-talletusta\/#primaryimage\",\"url\":\"https:\/\/wilderbetcasino.org\/fi\/wp-content\/uploads\/sites\/4\/2026\/03\/wilderbet-No-deposit-free-spins-featured-FI.webp\",\"contentUrl\":\"https:\/\/wilderbetcasino.org\/fi\/wp-content\/uploads\/sites\/4\/2026\/03\/wilderbet-No-deposit-free-spins-featured-FI.webp\",\"width\":300,\"height\":300,\"caption\":\"WilderBet-logo, jossa vihre\u00e4 kuvake: k\u00e4si pitelee dollarimerkki\u00e4, pinottuja kolikoita, t\u00e4hti ja kolikkopelin rulla, sek\u00e4 teksti 'Ilmaiskierrokset ilman talletusta'.\"},{\"@type\":\"BreadcrumbList\",\"@id\":\"https:\/\/wilderbetcasino.org\/fi\/bonukset\/ilmaiskierrokset-ilman-talletusta\/#breadcrumb\",\"itemListElement\":[{\"@type\":\"ListItem\",\"position\":1,\"name\":\"Home\",\"item\":\"https:\/\/wilderbetcasino.org\/fi\/\"},{\"@type\":\"ListItem\",\"position\":2,\"name\":\"WilderBet Casino Bonus\",\"item\":\"https:\/\/wilderbetcasino.org\/fi\/bonukset\/\"},{\"@type\":\"ListItem\",\"position\":3,\"name\":\"WilderBet Casino ilmaiskierrokset ilman talletusta\"}]},{\"@type\":\"WebSite\",\"@id\":\"https:\/\/wilderbetcasino.org\/fi\/#website\",\"url\":\"https:\/\/wilderbetcasino.org\/fi\/\",\"name\":\"Wilderbetcasino Finnish\",\"description\":\"\",\"publisher\":{\"@id\":\"https:\/\/wilderbetcasino.org\/fi\/#organization\"},\"potentialAction\":[{\"@type\":\"SearchAction\",\"target\":{\"@type\":\"EntryPoint\",\"urlTemplate\":\"https:\/\/wilderbetcasino.org\/fi\/?s={search_term_string}\"},\"query-input\":{\"@type\":\"PropertyValueSpecification\",\"valueRequired\":true,\"valueName\":\"search_term_string\"}}],\"inLanguage\":\"fi\"},{\"@type\":\"Organization\",\"@id\":\"https:\/\/wilderbetcasino.org\/fi\/#organization\",\"name\":\"Wilderbetcasino Finnish\",\"url\":\"https:\/\/wilderbetcasino.org\/fi\/\",\"logo\":{\"@type\":\"ImageObject\",\"inLanguage\":\"fi\",\"@id\":\"https:\/\/wilderbetcasino.org\/fi\/#\/schema\/logo\/image\/\",\"url\":\"https:\/\/wilderbetcasino.org\/fi\/wp-content\/uploads\/sites\/4\/2026\/03\/wilderbet.webp\",\"contentUrl\":\"https:\/\/wilderbetcasino.org\/fi\/wp-content\/uploads\/sites\/4\/2026\/03\/wilderbet.webp\",\"width\":633,\"height\":219,\"caption\":\"Wilderbetcasino Finnish\"},\"image\":{\"@id\":\"https:\/\/wilderbetcasino.org\/fi\/#\/schema\/logo\/image\/\"}}]}<\/script>\n<!-- \/ Yoast SEO plugin. -->","yoast_head_json":{"title":"WilderBet Casino ilmaiskierrokset ilman talletusta | Lunasta heti","description":"Lunasta WilderBet Casinon ilmaiskierrokset ilman talletusta ja nauti j\u00e4nnitt\u00e4vist\u00e4 kolikkopeleist\u00e4 ilman talletusvaatimusta. Aloita oikean rahan voittaminen jo t\u00e4n\u00e4\u00e4n!","robots":{"index":"index","follow":"follow","max-snippet":"max-snippet:-1","max-image-preview":"max-image-preview:large","max-video-preview":"max-video-preview:-1"},"canonical":"https:\/\/wilderbetcasino.org\/fi\/bonukset\/ilmaiskierrokset-ilman-talletusta\/","og_locale":"fi_FI","og_type":"article","og_title":"WilderBet Casino ilmaiskierrokset ilman talletusta | Lunasta heti","og_description":"Lunasta WilderBet Casinon ilmaiskierrokset ilman talletusta ja nauti j\u00e4nnitt\u00e4vist\u00e4 kolikkopeleist\u00e4 ilman talletusvaatimusta. Aloita oikean rahan voittaminen jo t\u00e4n\u00e4\u00e4n!","og_url":"https:\/\/wilderbetcasino.org\/fi\/bonukset\/ilmaiskierrokset-ilman-talletusta\/","og_site_name":"Wilderbetcasino Finnish","article_modified_time":"2026-03-19T13:06:27+00:00","og_image":[{"width":300,"height":300,"url":"https:\/\/wilderbetcasino.org\/fi\/wp-content\/uploads\/sites\/4\/2026\/03\/wilderbet-No-deposit-free-spins-featured-FI.webp","type":"image\/webp"}],"twitter_card":"summary_large_image","twitter_misc":{"Arvioitu lukuaika":"4 minuuttia"},"schema":{"@context":"https:\/\/schema.org","@graph":[{"@type":"WebPage","@id":"https:\/\/wilderbetcasino.org\/fi\/bonukset\/ilmaiskierrokset-ilman-talletusta\/","url":"https:\/\/wilderbetcasino.org\/fi\/bonukset\/ilmaiskierrokset-ilman-talletusta\/","name":"WilderBet Casino ilmaiskierrokset ilman talletusta | Lunasta heti","isPartOf":{"@id":"https:\/\/wilderbetcasino.org\/fi\/#website"},"primaryImageOfPage":{"@id":"https:\/\/wilderbetcasino.org\/fi\/bonukset\/ilmaiskierrokset-ilman-talletusta\/#primaryimage"},"image":{"@id":"https:\/\/wilderbetcasino.org\/fi\/bonukset\/ilmaiskierrokset-ilman-talletusta\/#primaryimage"},"thumbnailUrl":"https:\/\/wilderbetcasino.org\/fi\/wp-content\/uploads\/sites\/4\/2026\/03\/wilderbet-No-deposit-free-spins-featured-FI.webp","datePublished":"2026-03-19T12:54:09+00:00","dateModified":"2026-03-19T13:06:27+00:00","description":"Lunasta WilderBet Casinon ilmaiskierrokset ilman talletusta ja nauti j\u00e4nnitt\u00e4vist\u00e4 kolikkopeleist\u00e4 ilman talletusvaatimusta. Aloita oikean rahan voittaminen jo t\u00e4n\u00e4\u00e4n!","breadcrumb":{"@id":"https:\/\/wilderbetcasino.org\/fi\/bonukset\/ilmaiskierrokset-ilman-talletusta\/#breadcrumb"},"inLanguage":"fi","potentialAction":[{"@type":"ReadAction","target":["https:\/\/wilderbetcasino.org\/fi\/bonukset\/ilmaiskierrokset-ilman-talletusta\/"]}]},{"@type":"ImageObject","inLanguage":"fi","@id":"https:\/\/wilderbetcasino.org\/fi\/bonukset\/ilmaiskierrokset-ilman-talletusta\/#primaryimage","url":"https:\/\/wilderbetcasino.org\/fi\/wp-content\/uploads\/sites\/4\/2026\/03\/wilderbet-No-deposit-free-spins-featured-FI.webp","contentUrl":"https:\/\/wilderbetcasino.org\/fi\/wp-content\/uploads\/sites\/4\/2026\/03\/wilderbet-No-deposit-free-spins-featured-FI.webp","width":300,"height":300,"caption":"WilderBet-logo, jossa vihre\u00e4 kuvake: k\u00e4si pitelee dollarimerkki\u00e4, pinottuja kolikoita, t\u00e4hti ja kolikkopelin rulla, sek\u00e4 teksti 'Ilmaiskierrokset ilman talletusta'."},{"@type":"BreadcrumbList","@id":"https:\/\/wilderbetcasino.org\/fi\/bonukset\/ilmaiskierrokset-ilman-talletusta\/#breadcrumb","itemListElement":[{"@type":"ListItem","position":1,"name":"Home","item":"https:\/\/wilderbetcasino.org\/fi\/"},{"@type":"ListItem","position":2,"name":"WilderBet Casino Bonus","item":"https:\/\/wilderbetcasino.org\/fi\/bonukset\/"},{"@type":"ListItem","position":3,"name":"WilderBet Casino ilmaiskierrokset ilman talletusta"}]},{"@type":"WebSite","@id":"https:\/\/wilderbetcasino.org\/fi\/#website","url":"https:\/\/wilderbetcasino.org\/fi\/","name":"Wilderbetcasino Finnish","description":"","publisher":{"@id":"https:\/\/wilderbetcasino.org\/fi\/#organization"},"potentialAction":[{"@type":"SearchAction","target":{"@type":"EntryPoint","urlTemplate":"https:\/\/wilderbetcasino.org\/fi\/?s={search_term_string}"},"query-input":{"@type":"PropertyValueSpecification","valueRequired":true,"valueName":"search_term_string"}}],"inLanguage":"fi"},{"@type":"Organization","@id":"https:\/\/wilderbetcasino.org\/fi\/#organization","name":"Wilderbetcasino Finnish","url":"https:\/\/wilderbetcasino.org\/fi\/","logo":{"@type":"ImageObject","inLanguage":"fi","@id":"https:\/\/wilderbetcasino.org\/fi\/#\/schema\/logo\/image\/","url":"https:\/\/wilderbetcasino.org\/fi\/wp-content\/uploads\/sites\/4\/2026\/03\/wilderbet.webp","contentUrl":"https:\/\/wilderbetcasino.org\/fi\/wp-content\/uploads\/sites\/4\/2026\/03\/wilderbet.webp","width":633,"height":219,"caption":"Wilderbetcasino Finnish"},"image":{"@id":"https:\/\/wilderbetcasino.org\/fi\/#\/schema\/logo\/image\/"}}]}},"_links":{"self":[{"href":"https:\/\/wilderbetcasino.org\/fi\/wp-json\/wp\/v2\/pages\/23","targetHints":{"allow":["GET"]}}],"collection":[{"href":"https:\/\/wilderbetcasino.org\/fi\/wp-json\/wp\/v2\/pages"}],"about":[{"href":"https:\/\/wilderbetcasino.org\/fi\/wp-json\/wp\/v2\/types\/page"}],"author":[{"embeddable":true,"href":"https:\/\/wilderbetcasino.org\/fi\/wp-json\/wp\/v2\/users\/1"}],"replies":[{"embeddable":true,"href":"https:\/\/wilderbetcasino.org\/fi\/wp-json\/wp\/v2\/comments?post=23"}],"version-history":[{"count":2,"href":"https:\/\/wilderbetcasino.org\/fi\/wp-json\/wp\/v2\/pages\/23\/revisions"}],"predecessor-version":[{"id":28,"href":"https:\/\/wilderbetcasino.org\/fi\/wp-json\/wp\/v2\/pages\/23\/revisions\/28"}],"up":[{"embeddable":true,"href":"https:\/\/wilderbetcasino.org\/fi\/wp-json\/wp\/v2\/pages\/10"}],"wp:featuredmedia":[{"embeddable":true,"href":"https:\/\/wilderbetcasino.org\/fi\/wp-json\/wp\/v2\/media\/24"}],"wp:attachment":[{"href":"https:\/\/wilderbetcasino.org\/fi\/wp-json\/wp\/v2\/media?parent=23"}],"curies":[{"name":"wp","href":"https:\/\/api.w.org\/{rel}","templated":true}]}}