{"id":17,"date":"2026-03-19T12:39:59","date_gmt":"2026-03-19T12:39:59","guid":{"rendered":"https:\/\/wilderbetcasino.org\/fi\/?page_id=17"},"modified":"2026-03-19T13:05:47","modified_gmt":"2026-03-19T13:05:47","slug":"ilmaiskierrokset","status":"publish","type":"page","link":"https:\/\/wilderbetcasino.org\/fi\/bonukset\/ilmaiskierrokset\/","title":{"rendered":"WilderBet Casino ilmaiskierrokset"},"content":{"rendered":"\n<p>WilderBet Casino tarjoaa pelaajille laajan valikoiman j\u00e4nnitt\u00e4vi\u00e4 ilmaiskierrostarjouksia, jotka tekev\u00e4t pelikokemuksesta entist\u00e4kin parempaa ja kasvattavat huomattavasti voittomahdollisuuksiasi. Olitpa sitten uusi pelaaja tai uskollinen asiakas, l\u00f6yd\u00e4t varmasti itsellesi sopivia etuja. Ilmaiskierrokset ovat loistava tapa pelata pidemp\u00e4\u00e4n ilman omia panoksia.<\/p>\n\n\n\n<style>\n  .signup-button {\n    background-color: #292D2E;\n    color: white;\n    font-weight: bold;\n    font-size: 18px;\n    padding: 18px 160px;\n    min-width: 280px;\n    border: none;\n    border-radius: 10px;\n    cursor: pointer;\n    position: relative;\n    overflow: hidden;\n    transition: transform 0.3s ease, box-shadow 0.3s ease;\n    box-shadow: 0 0 15px rgba(245, 66, 197, 0.4);\n    text-align: center;\n    text-decoration: none;\n    display: inline-block;\n  }\n  .signup-button:hover {\n    transform: scale(1.05);\n    box-shadow: 0 0 25px #292D2E;\ncolor:#fff;\n  }\n  .signup-button::before {\n    content: '';\n    position: absolute;\n    top: 0;\n    left: -75%;\n    width: 50%;\n    height: 100%;\n    background: linear-gradient(120deg, transparent, rgba(255,255,255,0.4), transparent);\n    transform: skewX(-25deg);\n    animation: shine 2.5s infinite;\n  }\n  @keyframes shine {\n    0% { left: -75%; }\n    100% { left: 125%; }\n  }\n<\/style>\n\n<div style=\"display: flex; justify-content: center; align-items: center; padding: 50px 0;padding-top:10px;\">\n  <a href=\"\/fi\/visit\/\" \n     class=\"signup-button\" \n     target=\"_blank\" \n     rel=\"nofollow noopener noreferrer\">\n    Lunasta nyt!\n  <\/a>\n<\/div>\n\n\n\n<p>Ensitalletusbonuksista p\u00e4ivitt\u00e4isiin ja viikoittaisiin palkintoihin \u2013 WilderBetin ilmaiskierrokset antavat sinulle mahdollisuuden nauttia suosikkikolikkopeleist\u00e4si pidemp\u00e4\u00e4n ja parantavat mahdollisuuksiasi napata iso voitto. N\u00e4m\u00e4 ilmaiskierrokset ovat k\u00e4ytett\u00e4viss\u00e4 monissa suosituissa peleiss\u00e4 WilderBet Casinolla, mukaan lukien uutuudet ja klassikkopelit. Laajasta valikoimasta l\u00f6ytyy aina jotakin uutta kokeiltavaa ja nautittavaa. Olitpa sitten kiinnostunut uusimmista kolikkopeleist\u00e4 tai palaamassa vanhojen suosikkien pariin, <strong><a href=\"\/fi\/\">WilderBet Casino<\/a><\/strong> varmistaa, ett\u00e4 jokainen py\u00f6r\u00e4ytys tarjoaa j\u00e4nnitt\u00e4v\u00e4n mahdollisuuden voittaa.<\/p>\n\n\n\n<h2 class=\"wp-block-heading\"><strong>Kuinka saat WilderBet Casinon ilmaiskierrokset?<\/strong><\/h2>\n\n\n\n<p>WilderBet Casinon ilmaiskierrosten lunastaminen on helppoa. N\u00e4in saat ne k\u00e4ytt\u00f6\u00f6si:<\/p>\n\n\n\n<ol class=\"wp-block-list\">\n<li><strong>Rekister\u00f6idy tai kirjaudu sis\u00e4\u00e4n<\/strong>: Jos olet uusi pelaaja, rekister\u00f6idy WilderBet Casinolle. Jos olet jo aiemmin pelannut, kirjaudu vain tilillesi.<\/li>\n\n\n\n<li><strong>Tee talletus<\/strong>: Tee vaadittu talletus k\u00e4ytt\u00e4m\u00e4ll\u00e4 tarjolla olevia maksutapoja. Joissakin tarjouksissa sinun tulee sy\u00f6tt\u00e4\u00e4 kampanjakoodi ennen talletusta.<\/li>\n\n\n\n<li><strong>Lunasta ilmaiskierroksesi<\/strong>: Kun talletuksesi on vahvistettu, ilmaiskierrokset lis\u00e4t\u00e4\u00e4n tilillesi automaattisesti tai kampanjakoodin sy\u00f6tt\u00e4misen j\u00e4lkeen.<\/li>\n\n\n\n<li><strong>Aloita pelaaminen<\/strong>: K\u00e4yt\u00e4 ilmaiskierroksesi hyv\u00e4ksesi niiss\u00e4 WilderBet-kasinon kolikkopeleiss\u00e4, jotka ovat mukana tarjouksessa. Muista lukea ehdot ja s\u00e4\u00e4nn\u00f6t, jotta tied\u00e4t, miss\u00e4 peleiss\u00e4 voit k\u00e4ytt\u00e4\u00e4 ilmaiskierroksesi.<\/li>\n<\/ol>\n\n\n\n<h2 class=\"wp-block-heading\"><strong>WilderBet-kasinon ilmaiskierrosten kierr\u00e4tysvaatimukset<\/strong><\/h2>\n\n\n\n<p>Kuten kaikissa kasinobonuksissa, my\u00f6s WilderBetin ilmaiskierroksiin liittyy tietyt kierr\u00e4tysvaatimukset, jotka on t\u00e4ytett\u00e4v\u00e4 ennen kuin voit kotiuttaa ilmaiskierroksilla saamasi voitot.<\/p>\n\n\n\n<h3 class=\"wp-block-heading\"><strong>Pelit, jotka t\u00e4ytt\u00e4v\u00e4t kierr\u00e4tysvaatimuksia<\/strong><\/h3>\n\n\n\n<p>Useimmat WilderBet-kasinon kolikkopelit t\u00e4ytt\u00e4v\u00e4t kierr\u00e4tysvaatimukset kokonaisuudessaan. Jotkut p\u00f6yt\u00e4pelit tai muut pelityypit eiv\u00e4t kuitenkaan v\u00e4ltt\u00e4m\u00e4tt\u00e4 t\u00e4yt\u00e4 vaatimuksia lainkaan, tai ne voivat t\u00e4ytt\u00e4\u00e4 niit\u00e4 vain osittain. Tarkista aina pelikohtaiset rajoitukset ehdoista.<\/p>\n\n\n\n<h3 class=\"wp-block-heading\"><strong>Maksimipanokset<\/strong><\/h3>\n\n\n\n<p>Ilmaiskierroksilla saatujen voittojen kohdalla on usein voimassa maksimipanorajoituksia. Yleens\u00e4 suurin sallittu panos kierrosta kohden on 5 dollaria tai vastaava m\u00e4\u00e4r\u00e4 kryptovaluutassa. Jos panos ylitt\u00e4\u00e4 t\u00e4m\u00e4n rajan, kaikki voitot voidaan mit\u00e4t\u00f6id\u00e4.<\/p>\n\n\n\n<h3 class=\"wp-block-heading\"><strong>Maksimivoitot<\/strong><\/h3>\n\n\n\n<p>WilderBetin ilmaiskierroksilla saatavat maksimivoitot ovat tavallisesti rajattu 50 dollariin tai vastaavaan kryptovaluuttam\u00e4\u00e4r\u00e4\u00e4n. Kaikki t\u00e4t\u00e4 suuremmat voitot menetet\u00e4\u00e4n.<\/p>\n\n\n\n<h3 class=\"wp-block-heading\"><strong>Kierr\u00e4tysvaatimukset<\/strong><\/h3>\n\n\n\n<p>WilderBet Casinon ilmaiskierrosten kierr\u00e4tysvaatimus on yleens\u00e4 40x ilmaiskierroksilla saaduista voitoista. On t\u00e4rke\u00e4\u00e4 huomioida, ett\u00e4 t\u00e4m\u00e4 perustuu tavallisesti voittoihin, ei talletuksen ja bonuksen yhteissummaan.<\/p>\n\n\n\n<h2 class=\"wp-block-heading\"><strong>WilderBet Casinon Ilmaiskierrosbonus Koodi<\/strong><\/h2>\n\n\n\n<p>Moniin WilderBetin ilmaiskierrostarjouksiin tarvitaan bonuskoodi bonuksen aktivoimiseksi. WilderBet Casinon ilmaiskierrosbonus koodi l\u00f6ytyy yleens\u00e4 kampanjan ehdoista ja s\u00e4\u00e4nn\u00f6ist\u00e4. N\u00e4in k\u00e4yt\u00e4t sit\u00e4:<\/p>\n\n\n\n<ul class=\"wp-block-list\">\n<li><strong>Sy\u00f6t\u00e4 koodi<\/strong>: Ennen talletuksen tekemist\u00e4 sy\u00f6t\u00e4 <strong><a href=\"\/fi\/bonukset\/bonuskoodit\/\">WilderBet Casinon bonus koodi<\/a><\/strong> sille varattuun kentt\u00e4\u00e4n talletuksen yhteydess\u00e4.<\/li>\n\n\n\n<li><strong>Lunasta ilmaiskierroksesi<\/strong>: Kun koodi on sy\u00f6tetty oikein ja talletus tehty, ilmaiskierrokset lis\u00e4t\u00e4\u00e4n pelitilillesi.<\/li>\n<\/ul>\n\n\n\n<p>Tarkista aina kampanjasivulta oikea WilderBet Casinon ilmaiskierrosbonus koodi, jotta saat kierrokset ilman ongelmia.<\/p>\n\n\n\n<h2 class=\"wp-block-heading\"><strong>WilderBet Casinon Ilmaiskierrokset Ilman Talletusta<\/strong><\/h2>\n\n\n\n<p>WilderBet Casinon ilmaiskierrokset ilman talletusta ovat loistava tapa aloittaa pelaaminen ilman omaa talletusta. Valitettavasti WilderBet Casino ei t\u00e4ll\u00e4 hetkell\u00e4 tarjoa ilmaiskierroksia ilman talletusta. Kuitenkin kasino tarjoaa s\u00e4\u00e4nn\u00f6llisesti my\u00f6s muita palkitsevia bonuksia, kuten ilmaiskierroksia talletuksista sek\u00e4 reload-bonuksia. Pid\u00e4 silm\u00e4ll\u00e4 kampanjasivua, sill\u00e4 <strong><a href=\"\/fi\/bonukset\/ilmaiskierrokset-ilman-talletusta\/\">WilderBet casinon ilmaiskierrokset ilman talletusta<\/a><\/strong> saattavat tulla saataville tulevaisuudessa.<\/p>\n\n\n\n<h2 class=\"wp-block-heading\"><strong>WilderBet Casinon P\u00e4ivitt\u00e4iset Ilmaiskierrokset<\/strong><\/h2>\n\n\n\n<p>WilderBet casinon p\u00e4ivitt\u00e4iset ilmaiskierrokset ovat j\u00e4nnitt\u00e4v\u00e4 ominaisuus, joka palkitsee pelaajat ilmaiskierroksilla joka p\u00e4iv\u00e4. N\u00e4m\u00e4 kierrokset ovat usein osa p\u00e4ivitt\u00e4ist\u00e4 kampanjaa tai uskollisuusohjelmaa. N\u00e4in voit hy\u00f6ty\u00e4 niist\u00e4:<\/p>\n\n\n\n<ul class=\"wp-block-list\">\n<li><strong>Lunasta P\u00e4ivitt\u00e4iset Kierroksesi<\/strong>: Kirjaudu vain tilillesi p\u00e4ivitt\u00e4in saadaksesi ilmaiskierroksesi. Tietyt ehdot, kuten minimitalletus, voivat olla voimassa ilmaiskierrosten aktivoimiseksi kyseisen\u00e4 p\u00e4iv\u00e4n\u00e4.<\/li>\n\n\n\n<li><strong>K\u00e4yt\u00e4 Kierroksesi<\/strong>: K\u00e4yt\u00e4 p\u00e4ivitt\u00e4iset ilmaiskierroksesi valituissa WilderBet casinon kolikkopeleiss\u00e4 \u2013 yleens\u00e4 40x kierr\u00e4tysvaatimuksella.<\/li>\n<\/ul>\n\n\n\n<p>P\u00e4ivitt\u00e4iset ilmaiskierrokset pit\u00e4v\u00e4t pelaamisen vauhdissa ja antavat mahdollisuuden suuriin voittoihin ilman lis\u00e4kuluja.<\/p>\n\n\n\n<h2 class=\"wp-block-heading\"><strong>WilderBet Casinon Viikoittaiset Ilmaiskierrokset<\/strong><\/h2>\n\n\n\n<p>WilderBet casinon viikoittaiset ilmaiskierrokset ovat toinen loistava kampanja, joka tarjoaa pelaajille mahdollisuuden nauttia ilmaiskierroksista kerran viikossa. T\u00e4m\u00e4 voi liitty\u00e4 viikoittaisiin talletuksiisi tai olla osa erityist\u00e4 tapahtumaa. N\u00e4iden ilmaiskierrosten lunastaminen:<\/p>\n\n\n\n<ul class=\"wp-block-list\">\n<li><strong>Tee viikoittainen talletus<\/strong>: Osa viikoittaisista ilmaiskierroksista on saatavilla vasta, kun olet tehnyt vaaditun talletuksen kyseisell\u00e4 viikolla.<\/li>\n\n\n\n<li><strong>Tarkista kampanjakoodit<\/strong>: Joskus WilderBet Casinon viikoittaiset ilmaiskierrokset vaativat kampanjakoodin, joten muista sy\u00f6tt\u00e4\u00e4 oikea koodi talletuksen yhteydess\u00e4.<\/li>\n<\/ul>\n\n\n\n<p>N\u00e4m\u00e4 kierrokset ovat loistava tapa pident\u00e4\u00e4 peliaikaa, ja niit\u00e4 annetaan usein huippuluokan kolikkopeleihin, kuten Endorphinan Minotaurukseen.<\/p>\n\n\n\n<h2 class=\"wp-block-heading\"><strong>Muut ilmaiskierrostarjoukset WilderBet Casinolla<\/strong><\/h2>\n\n\n\n<p>Tervetuliaisbonuksen, p\u00e4ivitt\u00e4isten ja viikoittaisten ilmaiskierrosten lis\u00e4ksi WilderBet Casino tarjoaa my\u00f6s muita j\u00e4nnitt\u00e4vi\u00e4 ilmaiskierrospromootioita. T\u00e4ss\u00e4 muutamia parhaista:<\/p>\n\n\n\n<figure class=\"wp-block-table\"><table class=\"has-fixed-layout\"><thead><tr><th><strong><strong>Kampanja<\/strong><\/strong><\/th><th><strong><strong>Tarjous<\/strong><\/strong><\/th><th><strong><strong>Vaatimukset<\/strong><\/strong><\/th><th><strong><strong>Ilmaiskierrokset<\/strong><\/strong><\/th><th><strong><strong>Bonus<\/strong><\/strong><\/th><\/tr><\/thead><tbody><tr><td><strong>Viikonlopun ty\u00f6<\/strong><\/td><td>Saat jopa 75 % cashbackia ja 150 ilmaiskierrosta<\/td><td>Viikonlopun aikana tehty talletus<\/td><td>150 ilmaiskierrosta<\/td><td>Jopa 75 % cashback<\/td><\/tr><tr><td><strong><strong>Perjantai-illan Frenzy<\/strong><\/strong><\/td><td>Nappaa 50 ilmaiskierrosta ja 100 % bonus<\/td><td>Perjantaisin tehty talletus<\/td><td>50 ilmaiskierrosta<\/td><td>100 % bonus jopa \u20ac250 asti<\/td><\/tr><tr><td><strong><strong>Keskiviikon Reload<\/strong><\/strong><\/td><td>Saat 100 ilmaiskierrosta, kun talletat v\u00e4hint\u00e4\u00e4n \u20ac40<\/td><td>Talleta v\u00e4hint\u00e4\u00e4n \u20ac40 keskiviikkoisin<\/td><td>100 ilmaiskierrosta<\/td><td>Ei bonusta, vain ilmaiskierroksia<\/td><\/tr><\/tbody><\/table><\/figure>\n\n\n\n<p>N\u00e4m\u00e4 kampanjat tarjoavat pelaajille lis\u00e4\u00e4 mahdollisuuksia lunastaa ilmaiskierroksia ja nauttia lis\u00e4palkinnoista pitkin viikkoa. Hy\u00f6dynn\u00e4tp\u00e4 sitten <strong><a href=\"\/fi\/bonukset\/\">WilderBet Casinon bonusta<\/a><\/strong> tai nautit ilmaiskierrostarjouksista, pelaamistasi vauhdittaa aina jokin etu. \u00c4l\u00e4 j\u00e4t\u00e4 n\u00e4it\u00e4 huipputarjouksia v\u00e4liin!<\/p>\n\n\n\n<h2 class=\"wp-block-heading\"><strong>WilderBet Casinon bonuksen usein kysytyt kysymykset<\/strong><\/h2>\n\n\n\n<h3 class=\"wp-block-heading\"><strong>Mitk\u00e4 ovat WilderBet Casinon ilmaiskierrosten kierr\u00e4tysvaatimukset?<\/strong><\/h3>\n\n\n\n<p>WilderBet Casinon ilmaiskierrosten voittojen kierr\u00e4tysvaatimus on yleens\u00e4 40x ilmaiskierroksilla saaduista voitoista. Muista tarkistaa jokaisen tarjouksen ehdot, sill\u00e4 kierr\u00e4tysvaatimukset voivat vaihdella.<\/p>\n\n\n\n<h3 class=\"wp-block-heading\"><strong>Miss\u00e4 peleiss\u00e4 voin k\u00e4ytt\u00e4\u00e4 WilderBet Casinon ilmaiskierroksia?<\/strong><\/h3>\n\n\n\n<p>Voit pelata suurinta osaa WilderBet Casinon kolikkopeleist\u00e4 ilmaiskierroksilla. Tietyiss\u00e4 ilmaiskierrostarjouksissa voi kuitenkin olla pelikohtaisia rajoituksia, joten tarkista aina ehdot, jotta tied\u00e4t mitk\u00e4 pelit ovat sallittuja.<\/p>\n\n\n\n<h3 class=\"wp-block-heading\"><strong>Mik\u00e4 on WilderBet Casinon ilmaiskierrosten minimitalletus?<\/strong><\/h3>\n\n\n\n<p>V\u00e4himm\u00e4istalletus WilderBet Casinon ilmaiskierrosten lunastamiseen on yleens\u00e4 20\u201340 dollaria kampanjasta riippuen. Tarkista jokaisen tarjouksen ehdot varmistaaksesi tarkan summan.<\/p>\n\n\n\n<h3 class=\"wp-block-heading\"><strong>Onko olemassa WilderBet Casinon ilmaiskierroksia my\u00f6s nykyisille pelaajille?<\/strong><\/h3>\n\n\n\n<p>Kyll\u00e4, WilderBet Casinon ilmaiskierroksia on tarjolla my\u00f6s nykyisille pelaajille erilaisten kampanjoiden, kuten p\u00e4ivitt\u00e4isten, viikoittaisten ja reload-bonusten kautta. Kannattaa vierailla kampanjasivulla s\u00e4\u00e4nn\u00f6llisesti, jotta pysyt ajan tasalla uusimmista eduista.<\/p>\n","protected":false},"excerpt":{"rendered":"<p>WilderBet Casino tarjoaa pelaajille laajan valikoiman j\u00e4nnitt\u00e4vi\u00e4 ilmaiskierrostarjouksia, jotka tekev\u00e4t pelikokemuksesta entist\u00e4kin parempaa ja kasvattavat huomattavasti voittomahdollisuuksiasi. Olitpa sitten uusi pelaaja tai uskollinen asiakas, l\u00f6yd\u00e4t varmasti itsellesi sopivia etuja. Ilmaiskierrokset ovat loistava tapa pelata pidemp\u00e4\u00e4n ilman omia panoksia. Lunasta nyt! Ensitalletusbonuksista p\u00e4ivitt\u00e4isiin ja viikoittaisiin palkintoihin \u2013 WilderBetin ilmaiskierrokset antavat sinulle mahdollisuuden nauttia suosikkikolikkopeleist\u00e4si pidemp\u00e4\u00e4n ja &#8230; <a title=\"WilderBet Casino ilmaiskierrokset\" class=\"read-more\" href=\"https:\/\/wilderbetcasino.org\/fi\/bonukset\/ilmaiskierrokset\/\" aria-label=\"Lue lis\u00e4\u00e4 aiheesta WilderBet Casino ilmaiskierrokset\">Lue lis\u00e4\u00e4<\/a><\/p>\n","protected":false},"author":1,"featured_media":18,"parent":10,"menu_order":0,"comment_status":"closed","ping_status":"closed","template":"","meta":{"_acf_changed":false,"footnotes":""},"class_list":["post-17","page","type-page","status-publish","has-post-thumbnail"],"acf":[],"yoast_head":"<!-- This site is optimized with the Yoast SEO plugin v26.5 - https:\/\/yoast.com\/wordpress\/plugins\/seo\/ -->\n<title>WilderBet Casino ilmaiskierrokset | Eksklusiiviset ilmaiskierrostarjoukset<\/title>\n<meta name=\"description\" content=\"Lunasta WilderBet Casinon ilmaiskierrokset ja nauti p\u00e4ivitt\u00e4isist\u00e4, viikoittaisista sek\u00e4 eksklusiivisista kampanjoista. Kasvata voittomahdollisuuksiasi j\u00e4nnitt\u00e4vill\u00e4 ilmaiskierrostarjouksilla.\" \/>\n<meta name=\"robots\" content=\"index, follow, max-snippet:-1, max-image-preview:large, max-video-preview:-1\" \/>\n<link rel=\"canonical\" href=\"https:\/\/wilderbetcasino.org\/fi\/bonukset\/ilmaiskierrokset\/\" \/>\n<meta property=\"og:locale\" content=\"fi_FI\" \/>\n<meta property=\"og:type\" content=\"article\" \/>\n<meta property=\"og:title\" content=\"WilderBet Casino ilmaiskierrokset | Eksklusiiviset ilmaiskierrostarjoukset\" \/>\n<meta property=\"og:description\" content=\"Lunasta WilderBet Casinon ilmaiskierrokset ja nauti p\u00e4ivitt\u00e4isist\u00e4, viikoittaisista sek\u00e4 eksklusiivisista kampanjoista. Kasvata voittomahdollisuuksiasi j\u00e4nnitt\u00e4vill\u00e4 ilmaiskierrostarjouksilla.\" \/>\n<meta property=\"og:url\" content=\"https:\/\/wilderbetcasino.org\/fi\/bonukset\/ilmaiskierrokset\/\" \/>\n<meta property=\"og:site_name\" content=\"Wilderbetcasino Finnish\" \/>\n<meta property=\"article:modified_time\" content=\"2026-03-19T13:05:47+00:00\" \/>\n<meta property=\"og:image\" content=\"https:\/\/wilderbetcasino.org\/fi\/wp-content\/uploads\/sites\/4\/2026\/03\/wilderbet-Free-spins-featured-FI.webp\" \/>\n\t<meta property=\"og:image:width\" content=\"300\" \/>\n\t<meta property=\"og:image:height\" content=\"300\" \/>\n\t<meta property=\"og:image:type\" content=\"image\/webp\" \/>\n<meta name=\"twitter:card\" content=\"summary_large_image\" \/>\n<meta name=\"twitter:label1\" content=\"Arvioitu lukuaika\" \/>\n\t<meta name=\"twitter:data1\" content=\"6 minuuttia\" \/>\n<script type=\"application\/ld+json\" class=\"yoast-schema-graph\">{\"@context\":\"https:\/\/schema.org\",\"@graph\":[{\"@type\":\"WebPage\",\"@id\":\"https:\/\/wilderbetcasino.org\/fi\/bonukset\/ilmaiskierrokset\/\",\"url\":\"https:\/\/wilderbetcasino.org\/fi\/bonukset\/ilmaiskierrokset\/\",\"name\":\"WilderBet Casino ilmaiskierrokset | Eksklusiiviset ilmaiskierrostarjoukset\",\"isPartOf\":{\"@id\":\"https:\/\/wilderbetcasino.org\/fi\/#website\"},\"primaryImageOfPage\":{\"@id\":\"https:\/\/wilderbetcasino.org\/fi\/bonukset\/ilmaiskierrokset\/#primaryimage\"},\"image\":{\"@id\":\"https:\/\/wilderbetcasino.org\/fi\/bonukset\/ilmaiskierrokset\/#primaryimage\"},\"thumbnailUrl\":\"https:\/\/wilderbetcasino.org\/fi\/wp-content\/uploads\/sites\/4\/2026\/03\/wilderbet-Free-spins-featured-FI.webp\",\"datePublished\":\"2026-03-19T12:39:59+00:00\",\"dateModified\":\"2026-03-19T13:05:47+00:00\",\"description\":\"Lunasta WilderBet Casinon ilmaiskierrokset ja nauti p\u00e4ivitt\u00e4isist\u00e4, viikoittaisista sek\u00e4 eksklusiivisista kampanjoista. Kasvata voittomahdollisuuksiasi j\u00e4nnitt\u00e4vill\u00e4 ilmaiskierrostarjouksilla.\",\"breadcrumb\":{\"@id\":\"https:\/\/wilderbetcasino.org\/fi\/bonukset\/ilmaiskierrokset\/#breadcrumb\"},\"inLanguage\":\"fi\",\"potentialAction\":[{\"@type\":\"ReadAction\",\"target\":[\"https:\/\/wilderbetcasino.org\/fi\/bonukset\/ilmaiskierrokset\/\"]}]},{\"@type\":\"ImageObject\",\"inLanguage\":\"fi\",\"@id\":\"https:\/\/wilderbetcasino.org\/fi\/bonukset\/ilmaiskierrokset\/#primaryimage\",\"url\":\"https:\/\/wilderbetcasino.org\/fi\/wp-content\/uploads\/sites\/4\/2026\/03\/wilderbet-Free-spins-featured-FI.webp\",\"contentUrl\":\"https:\/\/wilderbetcasino.org\/fi\/wp-content\/uploads\/sites\/4\/2026\/03\/wilderbet-Free-spins-featured-FI.webp\",\"width\":300,\"height\":300,\"caption\":\"WilderBet-logo, jossa vihre\u00e4 kuvake: pinottuja kolikoita, t\u00e4hti ja kolikkopelin rulla sek\u00e4 teksti 'Ilmaiskierrokset'.\"},{\"@type\":\"BreadcrumbList\",\"@id\":\"https:\/\/wilderbetcasino.org\/fi\/bonukset\/ilmaiskierrokset\/#breadcrumb\",\"itemListElement\":[{\"@type\":\"ListItem\",\"position\":1,\"name\":\"Home\",\"item\":\"https:\/\/wilderbetcasino.org\/fi\/\"},{\"@type\":\"ListItem\",\"position\":2,\"name\":\"WilderBet Casino Bonus\",\"item\":\"https:\/\/wilderbetcasino.org\/fi\/bonukset\/\"},{\"@type\":\"ListItem\",\"position\":3,\"name\":\"WilderBet Casino ilmaiskierrokset\"}]},{\"@type\":\"WebSite\",\"@id\":\"https:\/\/wilderbetcasino.org\/fi\/#website\",\"url\":\"https:\/\/wilderbetcasino.org\/fi\/\",\"name\":\"Wilderbetcasino Finnish\",\"description\":\"\",\"publisher\":{\"@id\":\"https:\/\/wilderbetcasino.org\/fi\/#organization\"},\"potentialAction\":[{\"@type\":\"SearchAction\",\"target\":{\"@type\":\"EntryPoint\",\"urlTemplate\":\"https:\/\/wilderbetcasino.org\/fi\/?s={search_term_string}\"},\"query-input\":{\"@type\":\"PropertyValueSpecification\",\"valueRequired\":true,\"valueName\":\"search_term_string\"}}],\"inLanguage\":\"fi\"},{\"@type\":\"Organization\",\"@id\":\"https:\/\/wilderbetcasino.org\/fi\/#organization\",\"name\":\"Wilderbetcasino Finnish\",\"url\":\"https:\/\/wilderbetcasino.org\/fi\/\",\"logo\":{\"@type\":\"ImageObject\",\"inLanguage\":\"fi\",\"@id\":\"https:\/\/wilderbetcasino.org\/fi\/#\/schema\/logo\/image\/\",\"url\":\"https:\/\/wilderbetcasino.org\/fi\/wp-content\/uploads\/sites\/4\/2026\/03\/wilderbet.webp\",\"contentUrl\":\"https:\/\/wilderbetcasino.org\/fi\/wp-content\/uploads\/sites\/4\/2026\/03\/wilderbet.webp\",\"width\":633,\"height\":219,\"caption\":\"Wilderbetcasino Finnish\"},\"image\":{\"@id\":\"https:\/\/wilderbetcasino.org\/fi\/#\/schema\/logo\/image\/\"}}]}<\/script>\n<!-- \/ Yoast SEO plugin. -->","yoast_head_json":{"title":"WilderBet Casino ilmaiskierrokset | Eksklusiiviset ilmaiskierrostarjoukset","description":"Lunasta WilderBet Casinon ilmaiskierrokset ja nauti p\u00e4ivitt\u00e4isist\u00e4, viikoittaisista sek\u00e4 eksklusiivisista kampanjoista. Kasvata voittomahdollisuuksiasi j\u00e4nnitt\u00e4vill\u00e4 ilmaiskierrostarjouksilla.","robots":{"index":"index","follow":"follow","max-snippet":"max-snippet:-1","max-image-preview":"max-image-preview:large","max-video-preview":"max-video-preview:-1"},"canonical":"https:\/\/wilderbetcasino.org\/fi\/bonukset\/ilmaiskierrokset\/","og_locale":"fi_FI","og_type":"article","og_title":"WilderBet Casino ilmaiskierrokset | Eksklusiiviset ilmaiskierrostarjoukset","og_description":"Lunasta WilderBet Casinon ilmaiskierrokset ja nauti p\u00e4ivitt\u00e4isist\u00e4, viikoittaisista sek\u00e4 eksklusiivisista kampanjoista. Kasvata voittomahdollisuuksiasi j\u00e4nnitt\u00e4vill\u00e4 ilmaiskierrostarjouksilla.","og_url":"https:\/\/wilderbetcasino.org\/fi\/bonukset\/ilmaiskierrokset\/","og_site_name":"Wilderbetcasino Finnish","article_modified_time":"2026-03-19T13:05:47+00:00","og_image":[{"width":300,"height":300,"url":"https:\/\/wilderbetcasino.org\/fi\/wp-content\/uploads\/sites\/4\/2026\/03\/wilderbet-Free-spins-featured-FI.webp","type":"image\/webp"}],"twitter_card":"summary_large_image","twitter_misc":{"Arvioitu lukuaika":"6 minuuttia"},"schema":{"@context":"https:\/\/schema.org","@graph":[{"@type":"WebPage","@id":"https:\/\/wilderbetcasino.org\/fi\/bonukset\/ilmaiskierrokset\/","url":"https:\/\/wilderbetcasino.org\/fi\/bonukset\/ilmaiskierrokset\/","name":"WilderBet Casino ilmaiskierrokset | Eksklusiiviset ilmaiskierrostarjoukset","isPartOf":{"@id":"https:\/\/wilderbetcasino.org\/fi\/#website"},"primaryImageOfPage":{"@id":"https:\/\/wilderbetcasino.org\/fi\/bonukset\/ilmaiskierrokset\/#primaryimage"},"image":{"@id":"https:\/\/wilderbetcasino.org\/fi\/bonukset\/ilmaiskierrokset\/#primaryimage"},"thumbnailUrl":"https:\/\/wilderbetcasino.org\/fi\/wp-content\/uploads\/sites\/4\/2026\/03\/wilderbet-Free-spins-featured-FI.webp","datePublished":"2026-03-19T12:39:59+00:00","dateModified":"2026-03-19T13:05:47+00:00","description":"Lunasta WilderBet Casinon ilmaiskierrokset ja nauti p\u00e4ivitt\u00e4isist\u00e4, viikoittaisista sek\u00e4 eksklusiivisista kampanjoista. Kasvata voittomahdollisuuksiasi j\u00e4nnitt\u00e4vill\u00e4 ilmaiskierrostarjouksilla.","breadcrumb":{"@id":"https:\/\/wilderbetcasino.org\/fi\/bonukset\/ilmaiskierrokset\/#breadcrumb"},"inLanguage":"fi","potentialAction":[{"@type":"ReadAction","target":["https:\/\/wilderbetcasino.org\/fi\/bonukset\/ilmaiskierrokset\/"]}]},{"@type":"ImageObject","inLanguage":"fi","@id":"https:\/\/wilderbetcasino.org\/fi\/bonukset\/ilmaiskierrokset\/#primaryimage","url":"https:\/\/wilderbetcasino.org\/fi\/wp-content\/uploads\/sites\/4\/2026\/03\/wilderbet-Free-spins-featured-FI.webp","contentUrl":"https:\/\/wilderbetcasino.org\/fi\/wp-content\/uploads\/sites\/4\/2026\/03\/wilderbet-Free-spins-featured-FI.webp","width":300,"height":300,"caption":"WilderBet-logo, jossa vihre\u00e4 kuvake: pinottuja kolikoita, t\u00e4hti ja kolikkopelin rulla sek\u00e4 teksti 'Ilmaiskierrokset'."},{"@type":"BreadcrumbList","@id":"https:\/\/wilderbetcasino.org\/fi\/bonukset\/ilmaiskierrokset\/#breadcrumb","itemListElement":[{"@type":"ListItem","position":1,"name":"Home","item":"https:\/\/wilderbetcasino.org\/fi\/"},{"@type":"ListItem","position":2,"name":"WilderBet Casino Bonus","item":"https:\/\/wilderbetcasino.org\/fi\/bonukset\/"},{"@type":"ListItem","position":3,"name":"WilderBet Casino ilmaiskierrokset"}]},{"@type":"WebSite","@id":"https:\/\/wilderbetcasino.org\/fi\/#website","url":"https:\/\/wilderbetcasino.org\/fi\/","name":"Wilderbetcasino Finnish","description":"","publisher":{"@id":"https:\/\/wilderbetcasino.org\/fi\/#organization"},"potentialAction":[{"@type":"SearchAction","target":{"@type":"EntryPoint","urlTemplate":"https:\/\/wilderbetcasino.org\/fi\/?s={search_term_string}"},"query-input":{"@type":"PropertyValueSpecification","valueRequired":true,"valueName":"search_term_string"}}],"inLanguage":"fi"},{"@type":"Organization","@id":"https:\/\/wilderbetcasino.org\/fi\/#organization","name":"Wilderbetcasino Finnish","url":"https:\/\/wilderbetcasino.org\/fi\/","logo":{"@type":"ImageObject","inLanguage":"fi","@id":"https:\/\/wilderbetcasino.org\/fi\/#\/schema\/logo\/image\/","url":"https:\/\/wilderbetcasino.org\/fi\/wp-content\/uploads\/sites\/4\/2026\/03\/wilderbet.webp","contentUrl":"https:\/\/wilderbetcasino.org\/fi\/wp-content\/uploads\/sites\/4\/2026\/03\/wilderbet.webp","width":633,"height":219,"caption":"Wilderbetcasino Finnish"},"image":{"@id":"https:\/\/wilderbetcasino.org\/fi\/#\/schema\/logo\/image\/"}}]}},"_links":{"self":[{"href":"https:\/\/wilderbetcasino.org\/fi\/wp-json\/wp\/v2\/pages\/17","targetHints":{"allow":["GET"]}}],"collection":[{"href":"https:\/\/wilderbetcasino.org\/fi\/wp-json\/wp\/v2\/pages"}],"about":[{"href":"https:\/\/wilderbetcasino.org\/fi\/wp-json\/wp\/v2\/types\/page"}],"author":[{"embeddable":true,"href":"https:\/\/wilderbetcasino.org\/fi\/wp-json\/wp\/v2\/users\/1"}],"replies":[{"embeddable":true,"href":"https:\/\/wilderbetcasino.org\/fi\/wp-json\/wp\/v2\/comments?post=17"}],"version-history":[{"count":2,"href":"https:\/\/wilderbetcasino.org\/fi\/wp-json\/wp\/v2\/pages\/17\/revisions"}],"predecessor-version":[{"id":27,"href":"https:\/\/wilderbetcasino.org\/fi\/wp-json\/wp\/v2\/pages\/17\/revisions\/27"}],"up":[{"embeddable":true,"href":"https:\/\/wilderbetcasino.org\/fi\/wp-json\/wp\/v2\/pages\/10"}],"wp:featuredmedia":[{"embeddable":true,"href":"https:\/\/wilderbetcasino.org\/fi\/wp-json\/wp\/v2\/media\/18"}],"wp:attachment":[{"href":"https:\/\/wilderbetcasino.org\/fi\/wp-json\/wp\/v2\/media?parent=17"}],"curies":[{"name":"wp","href":"https:\/\/api.w.org\/{rel}","templated":true}]}}