{"id":24,"date":"2026-03-19T10:32:22","date_gmt":"2026-03-19T10:32:22","guid":{"rendered":"https:\/\/wilderbetcasino.org\/de\/?page_id=24"},"modified":"2026-03-19T10:32:23","modified_gmt":"2026-03-19T10:32:23","slug":"aktionscodes","status":"publish","type":"page","link":"https:\/\/wilderbetcasino.org\/de\/bonus\/aktionscodes\/","title":{"rendered":"WilderBet Casino Bonuscodes"},"content":{"rendered":"\n<p>WilderBet Casino bietet dir eine spannende Auswahl an Aktionen, die dein Spielerlebnis verbessern und deine Gewinnchancen steigern. Mit speziellen Casino Bonuscodes schaltest du diese Belohnungen ganz einfach frei. Dank dieser Codes erh\u00e4ltst du Zugang zu verschiedenen Boni wie Einzahlungsboni, Freispielen und weiteren exklusiven Angeboten, die sonst nicht verf\u00fcgbar w\u00e4ren.&nbsp;<\/p>\n\n\n\n<style>\n  .signup-button {\n    background-color: #292D2E;\n    color: white;\n    font-weight: bold;\n    font-size: 18px;\n    padding: 18px 160px;\n    min-width: 280px;\n    border: none;\n    border-radius: 10px;\n    cursor: pointer;\n    position: relative;\n    overflow: hidden;\n    transition: transform 0.3s ease, box-shadow 0.3s ease;\n    box-shadow: 0 0 15px rgba(245, 66, 197, 0.4);\n    text-align: center;\n    text-decoration: none;\n    display: inline-block;\n  }\n  .signup-button:hover {\n    transform: scale(1.05);\n    box-shadow: 0 0 25px #292D2E;\ncolor:#fff;\n  }\n  .signup-button::before {\n    content: '';\n    position: absolute;\n    top: 0;\n    left: -75%;\n    width: 50%;\n    height: 100%;\n    background: linear-gradient(120deg, transparent, rgba(255,255,255,0.4), transparent);\n    transform: skewX(-25deg);\n    animation: shine 2.5s infinite;\n  }\n  @keyframes shine {\n    0% { left: -75%; }\n    100% { left: 125%; }\n  }\n<\/style>\n\n<div style=\"display: flex; justify-content: center; align-items: center; padding: 50px 0;padding-top:10px;\">\n  <a href=\"\/de\/visit\/\" \n     class=\"signup-button\" \n     target=\"_blank\" \n     rel=\"nofollow noopener noreferrer\">\n    Jetzt sichern!\n  <\/a>\n<\/div>\n\n\n\n<p>Egal, ob du neu bei <strong><a href=\"https:\/\/wilderbetcasino.org\/de\/\">WilderBet Casino<\/a><\/strong> bist oder als Stammspieler nach weiteren M\u00f6glichkeiten suchst, dein Guthaben zu erh\u00f6hen \u2013 diese Bonuscodes sind dein Schl\u00fcssel zu zus\u00e4tzlichen Belohnungen. Sie er\u00f6ffnen dir ein noch spannenderes Spielerlebnis, machen es leichter, deine Lieblingsspiele zu genie\u00dfen und bieten dir mehr Chancen auf Gewinne.<strong>\u00a0<\/strong><\/p>\n\n\n\n<h2 class=\"wp-block-heading\"><strong>Wie findest du die besten WilderBet Casino Aktionscodes?<\/strong><\/h2>\n\n\n\n<p>Die besten WilderBet Casino Aktionscodes zu finden, ist ganz einfach, wenn du wei\u00dft, wo du suchen musst. Befolge diese Schritte, damit dir kein tolles Angebot entgeht:<\/p>\n\n\n\n<ol class=\"wp-block-list\">\n<li><strong>Schau auf der Aktionsseite nach<\/strong>: Am besten bleibst du auf dem Laufenden, indem du regelm\u00e4\u00dfig die Aktionsseite des Casinos besuchst. Dort findest du alle aktuellen Angebote und die dazugeh\u00f6rigen Aktionscodes.<br><\/li>\n\n\n\n<li><strong>Melde dich f\u00fcr den Newsletter an<\/strong>: Wenn du den Newsletter von WilderBet Casino abonnierst, bekommst du die neuesten Aktionscodes und exklusive Angebote direkt in dein Postfach. So verpasst du keine neuen Aktionen mehr.<br><\/li>\n\n\n\n<li><strong>Folge den sozialen Medien<\/strong>: WilderBet Casino ver\u00f6ffentlicht oft spezielle Aktionscodes und Angebote auf seinen Social-Media-Kan\u00e4len. Folge ihnen, um immer \u00fcber die neuesten Codes und Aktionen informiert zu bleiben.<br><\/li>\n\n\n\n<li><strong>Suche nach vertrauensw\u00fcrdigen Partnerseiten<\/strong>: Viele seri\u00f6se Partnerseiten listen WilderBet Casino Bonuscodes auf. Dort findest du die Codes und erh\u00e4ltst au\u00dferdem genaue Anleitungen, wie du sie einl\u00f6sen kannst.<br><\/li>\n<\/ol>\n\n\n\n<h2 class=\"wp-block-heading\"><strong>Liste der WilderBet Casino Aktionscodes<\/strong><\/h2>\n\n\n\n<p>Hier findest du eine \u00dcbersicht der beliebtesten WilderBet Casino Aktionscodes, mit denen du das Beste aus deinen Einzahlungen und deinem Spielerlebnis herausholen kannst. Achte darauf, den richtigen Code zum passenden Zeitpunkt einzul\u00f6sen, um dir die maximalen Belohnungen zu sichern.<\/p>\n\n\n\n<figure class=\"wp-block-table\"><table class=\"has-fixed-layout\"><thead><tr><th><strong>Aktionscode<\/strong><\/th><th><strong>Bonusangebot<\/strong><\/th><th><strong>Verf\u00fcgbar f\u00fcr<\/strong><\/th><\/tr><\/thead><tbody><tr><td><strong>WILDERDON<\/strong><\/td><td>100\u202f% Einzahlungsbonus bis zu 2.000\u202f\u20ac + 150 Freispiele<\/td><td>Erste Einzahlung<\/td><\/tr><tr><td><strong>DAMESGIFT<\/strong><\/td><td>100\u202f% Einzahlungsbonus bis zu 2.000\u202f\u20ac + 100 Freispiele<\/td><td>Zweite Einzahlung<\/td><\/tr><tr><td><strong>BADGEBOOST<\/strong><\/td><td>100\u202f% Einzahlungsbonus bis zu 1.500\u202f\u20ac + 75 Freispiele<\/td><td>Dritte Einzahlung<\/td><\/tr><tr><td><strong>WILDERFAM<\/strong><\/td><td>25 % \u2013 75 % Cashback + Freispiele<\/td><td>Wochenend-Einzahlungsbonus<\/td><\/tr><tr><td><strong>FRENZY<\/strong><\/td><td>100 % Bonus bis zu 250 \u20ac + 50 Freispiele<\/td><td>Freitag Nacht Aktion<\/td><\/tr><tr><td><strong>WILDBLAST<\/strong><\/td><td>100 Freispiele<\/td><td>Mittwochs Reload Aktion<\/td><\/tr><\/tbody><\/table><\/figure>\n\n\n\n<p>Diese Codes sind f\u00fcr neue und bestehende Spieler verf\u00fcgbar und k\u00f6nnen genutzt werden, um verschiedene Boni wie Einzahlungsboni, Freispiele und Cashback-Angebote zu erhalten.<\/p>\n\n\n\n<h2 class=\"wp-block-heading\"><strong>WilderBet Casino Kein Einzahlung Freispiele Bonus Code<\/strong><\/h2>\n\n\n\n<p>Wenn du die Spielautomaten ausprobieren m\u00f6chtest, ohne einzuzahlen, <strong><a href=\"https:\/\/wilderbetcasino.org\/de\/bonus\/freispiele-ohne-einzahlung\/\">WilderBet Casino Freispiele ohne Einzahlung<\/a><\/strong> sind daf\u00fcr ein super Einstieg. Auch wenn Freispiele ohne Einzahlung nicht immer verf\u00fcgbar sind, bietet WilderBet sie gelegentlich im Rahmen von Aktionen an. Wenn sie angeboten werden, musst du den richtigen Aktionscode verwenden, um dir diese Freispiele zu sichern.<\/p>\n\n\n\n<p>Schau regelm\u00e4\u00dfig auf der <strong><a href=\"https:\/\/wilderbetcasino.org\/de\/bonus\/\">WilderBet Casino Bonus<\/a><\/strong> Seite nach, ob es Freispiele ohne Einzahlung gibt, und nutze den WilderBet Casino Freispiele ohne Einzahlung Code, falls er ben\u00f6tigt wird. Diese Freispiele gelten in der Regel f\u00fcr ausgew\u00e4hlte Spielautomaten und sind an Umsatzbedingungen gekn\u00fcpft. Schau dir daher unbedingt die Bonusbedingungen an.<\/p>\n\n\n\n<h2 class=\"wp-block-heading\"><strong>WilderBet Casino Willkommensbonus Aktionscode<\/strong><\/h2>\n\n\n\n<p>Neue Spieler bei WilderBet Casino k\u00f6nnen sich mit dem WilderBet Casino Willkommensbonus Aktionscode einen spannenden Willkommensbonus sichern. Dieses Angebot gilt normalerweise auf die erste Einzahlung und beinhaltet einen 100\u202f% Einzahlungsbonus sowie Freispiele. Um dir diesen Bonus zu holen, gib bei deiner ersten Einzahlung den Aktionscode WILDERDON ein. So startest du perfekt im Casino \u2013 mit zus\u00e4tzlichem Guthaben und Freispielen, um die <strong>WilderBet Casino Spielautomaten<\/strong> zu entdecken.<\/p>\n\n\n\n<h2 class=\"wp-block-heading\"><strong>WilderBet Casino Freispiele Bonuscode<\/strong><\/h2>\n\n\n\n<p>Eine der beliebtesten M\u00f6glichkeiten, bei <strong>WilderBet Casino<\/strong> Belohnungen zu erhalten, sind <strong>Freispiele-Aktionen<\/strong>. Diese Freispiele bekommst du oft als Teil eines Einzahlungsbonus oder \u00fcber spezielle Aktionen. Um die <strong><a href=\"https:\/\/wilderbetcasino.org\/de\/bonus\/freispiele\/\">WilderBet Casino Freispiele<\/a><\/strong> zu erhalten, musst du m\u00f6glicherweise einen speziellen WilderBet Casino Freispiele Bonuscode eingeben.<\/p>\n\n\n\n<p>Zum Beispiel verschafft dir der Aktionscode WILDERFAM im Rahmen der Wochenendaktionen Zugang zu Freispielen und Cashback. Achte darauf, den richtigen Code zu verwenden, damit du die Freispiele freischaltest und deine Gewinnchancen an den Spielautomaten maximierst.<\/p>\n\n\n\n<h2 class=\"wp-block-heading\"><strong>WilderBet Casino Bonuscodes FAQ<\/strong><\/h2>\n\n\n\n<div class=\"schema-faq wp-block-yoast-faq-block\"><div class=\"schema-faq-section\" id=\"faq-question-1773916169872\"><strong class=\"schema-faq-question\"><strong>Gibt es einen WilderBet Casino Bonuscode?<\/strong><\/strong> <p class=\"schema-faq-answer\">Ja, bei WilderBet Casino gibt es Bonuscodes f\u00fcr verschiedene Aktionen, darunter den Willkommensbonus, Freispiele und Wochenendangebote. Sieh dir die Aktionsseite an, um die neuesten Codes zu finden.<\/p> <\/div> <div class=\"schema-faq-section\" id=\"faq-question-1773916178252\"><strong class=\"schema-faq-question\"><strong>Gelten WilderBet Casino Bonuscodes nur f\u00fcr Freispiele?<\/strong><\/strong> <p class=\"schema-faq-answer\">Nein, WilderBet Casino Bonuscodes gelten f\u00fcr verschiedene Aktionen, nicht nur f\u00fcr Freispiele. Du kannst Codes f\u00fcr Einzahlungsboni, Cashback-Angebote und viele weitere spannende Belohnungen bei verschiedenen WilderBet Casino Spielautomaten nutzen.<\/p> <\/div> <\/div>\n","protected":false},"excerpt":{"rendered":"<p>WilderBet Casino bietet dir eine spannende Auswahl an Aktionen, die dein Spielerlebnis verbessern und deine Gewinnchancen steigern. Mit speziellen Casino Bonuscodes schaltest du diese Belohnungen ganz einfach frei. Dank dieser Codes erh\u00e4ltst du Zugang zu verschiedenen Boni wie Einzahlungsboni, Freispielen und weiteren exklusiven Angeboten, die sonst nicht verf\u00fcgbar w\u00e4ren.&nbsp; Jetzt sichern! Egal, ob du neu &#8230; <a title=\"WilderBet Casino Bonuscodes\" class=\"read-more\" href=\"https:\/\/wilderbetcasino.org\/de\/bonus\/aktionscodes\/\" aria-label=\"Mehr Informationen \u00fcber WilderBet Casino Bonuscodes\">Weiterlesen<\/a><\/p>\n","protected":false},"author":1,"featured_media":25,"parent":10,"menu_order":0,"comment_status":"closed","ping_status":"closed","template":"","meta":{"_acf_changed":false,"footnotes":""},"class_list":["post-24","page","type-page","status-publish","has-post-thumbnail"],"acf":[],"yoast_head":"<!-- This site is optimized with the Yoast SEO plugin v26.5 - https:\/\/yoast.com\/wordpress\/plugins\/seo\/ -->\n<title>WilderBet Casino Bonuscodes | Sichere dir Boni &amp; Freispiele<\/title>\n<meta name=\"description\" content=\"Sichere dir WilderBet Casino Bonuscodes f\u00fcr Einzahlungsboni, Freispiele und exklusive Belohnungen. Erh\u00f6he noch heute deine Gewinnchancen!\" \/>\n<meta name=\"robots\" content=\"index, follow, max-snippet:-1, max-image-preview:large, max-video-preview:-1\" \/>\n<link rel=\"canonical\" href=\"https:\/\/wilderbetcasino.org\/de\/bonus\/aktionscodes\/\" \/>\n<meta property=\"og:locale\" content=\"de_DE\" \/>\n<meta property=\"og:type\" content=\"article\" \/>\n<meta property=\"og:title\" content=\"WilderBet Casino Bonuscodes | Sichere dir Boni &amp; Freispiele\" \/>\n<meta property=\"og:description\" content=\"Sichere dir WilderBet Casino Bonuscodes f\u00fcr Einzahlungsboni, Freispiele und exklusive Belohnungen. Erh\u00f6he noch heute deine Gewinnchancen!\" \/>\n<meta property=\"og:url\" content=\"https:\/\/wilderbetcasino.org\/de\/bonus\/aktionscodes\/\" \/>\n<meta property=\"og:site_name\" content=\"Wilderbetcasino German\" \/>\n<meta property=\"article:modified_time\" content=\"2026-03-19T10:32:23+00:00\" \/>\n<meta property=\"og:image\" content=\"https:\/\/wilderbetcasino.org\/de\/wp-content\/uploads\/sites\/3\/2026\/03\/wilderbet-Promo-codes-featured-DE.webp\" \/>\n\t<meta property=\"og:image:width\" content=\"300\" \/>\n\t<meta property=\"og:image:height\" content=\"300\" \/>\n\t<meta property=\"og:image:type\" content=\"image\/webp\" \/>\n<meta name=\"twitter:card\" content=\"summary_large_image\" \/>\n<meta name=\"twitter:label1\" content=\"Gesch\u00e4tzte Lesezeit\" \/>\n\t<meta name=\"twitter:data1\" content=\"5\u00a0Minuten\" \/>\n<script type=\"application\/ld+json\" class=\"yoast-schema-graph\">{\"@context\":\"https:\/\/schema.org\",\"@graph\":[{\"@type\":[\"WebPage\",\"FAQPage\"],\"@id\":\"https:\/\/wilderbetcasino.org\/de\/bonus\/aktionscodes\/\",\"url\":\"https:\/\/wilderbetcasino.org\/de\/bonus\/aktionscodes\/\",\"name\":\"WilderBet Casino Bonuscodes | Sichere dir Boni & Freispiele\",\"isPartOf\":{\"@id\":\"https:\/\/wilderbetcasino.org\/de\/#website\"},\"primaryImageOfPage\":{\"@id\":\"https:\/\/wilderbetcasino.org\/de\/bonus\/aktionscodes\/#primaryimage\"},\"image\":{\"@id\":\"https:\/\/wilderbetcasino.org\/de\/bonus\/aktionscodes\/#primaryimage\"},\"thumbnailUrl\":\"https:\/\/wilderbetcasino.org\/de\/wp-content\/uploads\/sites\/3\/2026\/03\/wilderbet-Promo-codes-featured-DE.webp\",\"datePublished\":\"2026-03-19T10:32:22+00:00\",\"dateModified\":\"2026-03-19T10:32:23+00:00\",\"description\":\"Sichere dir WilderBet Casino Bonuscodes f\u00fcr Einzahlungsboni, Freispiele und exklusive Belohnungen. Erh\u00f6he noch heute deine Gewinnchancen!\",\"breadcrumb\":{\"@id\":\"https:\/\/wilderbetcasino.org\/de\/bonus\/aktionscodes\/#breadcrumb\"},\"mainEntity\":[{\"@id\":\"https:\/\/wilderbetcasino.org\/de\/bonus\/aktionscodes\/#faq-question-1773916169872\"},{\"@id\":\"https:\/\/wilderbetcasino.org\/de\/bonus\/aktionscodes\/#faq-question-1773916178252\"}],\"inLanguage\":\"de\",\"potentialAction\":[{\"@type\":\"ReadAction\",\"target\":[\"https:\/\/wilderbetcasino.org\/de\/bonus\/aktionscodes\/\"]}]},{\"@type\":\"ImageObject\",\"inLanguage\":\"de\",\"@id\":\"https:\/\/wilderbetcasino.org\/de\/bonus\/aktionscodes\/#primaryimage\",\"url\":\"https:\/\/wilderbetcasino.org\/de\/wp-content\/uploads\/sites\/3\/2026\/03\/wilderbet-Promo-codes-featured-DE.webp\",\"contentUrl\":\"https:\/\/wilderbetcasino.org\/de\/wp-content\/uploads\/sites\/3\/2026\/03\/wilderbet-Promo-codes-featured-DE.webp\",\"width\":300,\"height\":300,\"caption\":\"WilderBet Logo mit einem gr\u00fcnen Symbol, das einen Barcode auf einem Ticket zeigt, daneben der Text \u201eBonuscodes\u201c.\"},{\"@type\":\"BreadcrumbList\",\"@id\":\"https:\/\/wilderbetcasino.org\/de\/bonus\/aktionscodes\/#breadcrumb\",\"itemListElement\":[{\"@type\":\"ListItem\",\"position\":1,\"name\":\"Home\",\"item\":\"https:\/\/wilderbetcasino.org\/de\/\"},{\"@type\":\"ListItem\",\"position\":2,\"name\":\"WilderBet Casino Bonus\",\"item\":\"https:\/\/wilderbetcasino.org\/de\/bonus\/\"},{\"@type\":\"ListItem\",\"position\":3,\"name\":\"WilderBet Casino Bonuscodes\"}]},{\"@type\":\"WebSite\",\"@id\":\"https:\/\/wilderbetcasino.org\/de\/#website\",\"url\":\"https:\/\/wilderbetcasino.org\/de\/\",\"name\":\"Wilderbetcasino German\",\"description\":\"\",\"publisher\":{\"@id\":\"https:\/\/wilderbetcasino.org\/de\/#organization\"},\"potentialAction\":[{\"@type\":\"SearchAction\",\"target\":{\"@type\":\"EntryPoint\",\"urlTemplate\":\"https:\/\/wilderbetcasino.org\/de\/?s={search_term_string}\"},\"query-input\":{\"@type\":\"PropertyValueSpecification\",\"valueRequired\":true,\"valueName\":\"search_term_string\"}}],\"inLanguage\":\"de\"},{\"@type\":\"Organization\",\"@id\":\"https:\/\/wilderbetcasino.org\/de\/#organization\",\"name\":\"Wilderbetcasino German\",\"url\":\"https:\/\/wilderbetcasino.org\/de\/\",\"logo\":{\"@type\":\"ImageObject\",\"inLanguage\":\"de\",\"@id\":\"https:\/\/wilderbetcasino.org\/de\/#\/schema\/logo\/image\/\",\"url\":\"https:\/\/wilderbetcasino.org\/de\/wp-content\/uploads\/sites\/3\/2026\/03\/wilderbet.webp\",\"contentUrl\":\"https:\/\/wilderbetcasino.org\/de\/wp-content\/uploads\/sites\/3\/2026\/03\/wilderbet.webp\",\"width\":633,\"height\":219,\"caption\":\"Wilderbetcasino German\"},\"image\":{\"@id\":\"https:\/\/wilderbetcasino.org\/de\/#\/schema\/logo\/image\/\"}},{\"@type\":\"Question\",\"@id\":\"https:\/\/wilderbetcasino.org\/de\/bonus\/aktionscodes\/#faq-question-1773916169872\",\"position\":1,\"url\":\"https:\/\/wilderbetcasino.org\/de\/bonus\/aktionscodes\/#faq-question-1773916169872\",\"name\":\"Gibt es einen WilderBet Casino Bonuscode?\",\"answerCount\":1,\"acceptedAnswer\":{\"@type\":\"Answer\",\"text\":\"Ja, bei WilderBet Casino gibt es Bonuscodes f\u00fcr verschiedene Aktionen, darunter den Willkommensbonus, Freispiele und Wochenendangebote. Sieh dir die Aktionsseite an, um die neuesten Codes zu finden.\",\"inLanguage\":\"de\"},\"inLanguage\":\"de\"},{\"@type\":\"Question\",\"@id\":\"https:\/\/wilderbetcasino.org\/de\/bonus\/aktionscodes\/#faq-question-1773916178252\",\"position\":2,\"url\":\"https:\/\/wilderbetcasino.org\/de\/bonus\/aktionscodes\/#faq-question-1773916178252\",\"name\":\"Gelten WilderBet Casino Bonuscodes nur f\u00fcr Freispiele?\",\"answerCount\":1,\"acceptedAnswer\":{\"@type\":\"Answer\",\"text\":\"Nein, WilderBet Casino Bonuscodes gelten f\u00fcr verschiedene Aktionen, nicht nur f\u00fcr Freispiele. Du kannst Codes f\u00fcr Einzahlungsboni, Cashback-Angebote und viele weitere spannende Belohnungen bei verschiedenen WilderBet Casino Spielautomaten nutzen.\",\"inLanguage\":\"de\"},\"inLanguage\":\"de\"}]}<\/script>\n<!-- \/ Yoast SEO plugin. -->","yoast_head_json":{"title":"WilderBet Casino Bonuscodes | Sichere dir Boni & Freispiele","description":"Sichere dir WilderBet Casino Bonuscodes f\u00fcr Einzahlungsboni, Freispiele und exklusive Belohnungen. Erh\u00f6he noch heute deine Gewinnchancen!","robots":{"index":"index","follow":"follow","max-snippet":"max-snippet:-1","max-image-preview":"max-image-preview:large","max-video-preview":"max-video-preview:-1"},"canonical":"https:\/\/wilderbetcasino.org\/de\/bonus\/aktionscodes\/","og_locale":"de_DE","og_type":"article","og_title":"WilderBet Casino Bonuscodes | Sichere dir Boni & Freispiele","og_description":"Sichere dir WilderBet Casino Bonuscodes f\u00fcr Einzahlungsboni, Freispiele und exklusive Belohnungen. Erh\u00f6he noch heute deine Gewinnchancen!","og_url":"https:\/\/wilderbetcasino.org\/de\/bonus\/aktionscodes\/","og_site_name":"Wilderbetcasino German","article_modified_time":"2026-03-19T10:32:23+00:00","og_image":[{"width":300,"height":300,"url":"https:\/\/wilderbetcasino.org\/de\/wp-content\/uploads\/sites\/3\/2026\/03\/wilderbet-Promo-codes-featured-DE.webp","type":"image\/webp"}],"twitter_card":"summary_large_image","twitter_misc":{"Gesch\u00e4tzte Lesezeit":"5\u00a0Minuten"},"schema":{"@context":"https:\/\/schema.org","@graph":[{"@type":["WebPage","FAQPage"],"@id":"https:\/\/wilderbetcasino.org\/de\/bonus\/aktionscodes\/","url":"https:\/\/wilderbetcasino.org\/de\/bonus\/aktionscodes\/","name":"WilderBet Casino Bonuscodes | Sichere dir Boni & Freispiele","isPartOf":{"@id":"https:\/\/wilderbetcasino.org\/de\/#website"},"primaryImageOfPage":{"@id":"https:\/\/wilderbetcasino.org\/de\/bonus\/aktionscodes\/#primaryimage"},"image":{"@id":"https:\/\/wilderbetcasino.org\/de\/bonus\/aktionscodes\/#primaryimage"},"thumbnailUrl":"https:\/\/wilderbetcasino.org\/de\/wp-content\/uploads\/sites\/3\/2026\/03\/wilderbet-Promo-codes-featured-DE.webp","datePublished":"2026-03-19T10:32:22+00:00","dateModified":"2026-03-19T10:32:23+00:00","description":"Sichere dir WilderBet Casino Bonuscodes f\u00fcr Einzahlungsboni, Freispiele und exklusive Belohnungen. Erh\u00f6he noch heute deine Gewinnchancen!","breadcrumb":{"@id":"https:\/\/wilderbetcasino.org\/de\/bonus\/aktionscodes\/#breadcrumb"},"mainEntity":[{"@id":"https:\/\/wilderbetcasino.org\/de\/bonus\/aktionscodes\/#faq-question-1773916169872"},{"@id":"https:\/\/wilderbetcasino.org\/de\/bonus\/aktionscodes\/#faq-question-1773916178252"}],"inLanguage":"de","potentialAction":[{"@type":"ReadAction","target":["https:\/\/wilderbetcasino.org\/de\/bonus\/aktionscodes\/"]}]},{"@type":"ImageObject","inLanguage":"de","@id":"https:\/\/wilderbetcasino.org\/de\/bonus\/aktionscodes\/#primaryimage","url":"https:\/\/wilderbetcasino.org\/de\/wp-content\/uploads\/sites\/3\/2026\/03\/wilderbet-Promo-codes-featured-DE.webp","contentUrl":"https:\/\/wilderbetcasino.org\/de\/wp-content\/uploads\/sites\/3\/2026\/03\/wilderbet-Promo-codes-featured-DE.webp","width":300,"height":300,"caption":"WilderBet Logo mit einem gr\u00fcnen Symbol, das einen Barcode auf einem Ticket zeigt, daneben der Text \u201eBonuscodes\u201c."},{"@type":"BreadcrumbList","@id":"https:\/\/wilderbetcasino.org\/de\/bonus\/aktionscodes\/#breadcrumb","itemListElement":[{"@type":"ListItem","position":1,"name":"Home","item":"https:\/\/wilderbetcasino.org\/de\/"},{"@type":"ListItem","position":2,"name":"WilderBet Casino Bonus","item":"https:\/\/wilderbetcasino.org\/de\/bonus\/"},{"@type":"ListItem","position":3,"name":"WilderBet Casino Bonuscodes"}]},{"@type":"WebSite","@id":"https:\/\/wilderbetcasino.org\/de\/#website","url":"https:\/\/wilderbetcasino.org\/de\/","name":"Wilderbetcasino German","description":"","publisher":{"@id":"https:\/\/wilderbetcasino.org\/de\/#organization"},"potentialAction":[{"@type":"SearchAction","target":{"@type":"EntryPoint","urlTemplate":"https:\/\/wilderbetcasino.org\/de\/?s={search_term_string}"},"query-input":{"@type":"PropertyValueSpecification","valueRequired":true,"valueName":"search_term_string"}}],"inLanguage":"de"},{"@type":"Organization","@id":"https:\/\/wilderbetcasino.org\/de\/#organization","name":"Wilderbetcasino German","url":"https:\/\/wilderbetcasino.org\/de\/","logo":{"@type":"ImageObject","inLanguage":"de","@id":"https:\/\/wilderbetcasino.org\/de\/#\/schema\/logo\/image\/","url":"https:\/\/wilderbetcasino.org\/de\/wp-content\/uploads\/sites\/3\/2026\/03\/wilderbet.webp","contentUrl":"https:\/\/wilderbetcasino.org\/de\/wp-content\/uploads\/sites\/3\/2026\/03\/wilderbet.webp","width":633,"height":219,"caption":"Wilderbetcasino German"},"image":{"@id":"https:\/\/wilderbetcasino.org\/de\/#\/schema\/logo\/image\/"}},{"@type":"Question","@id":"https:\/\/wilderbetcasino.org\/de\/bonus\/aktionscodes\/#faq-question-1773916169872","position":1,"url":"https:\/\/wilderbetcasino.org\/de\/bonus\/aktionscodes\/#faq-question-1773916169872","name":"Gibt es einen WilderBet Casino Bonuscode?","answerCount":1,"acceptedAnswer":{"@type":"Answer","text":"Ja, bei WilderBet Casino gibt es Bonuscodes f\u00fcr verschiedene Aktionen, darunter den Willkommensbonus, Freispiele und Wochenendangebote. Sieh dir die Aktionsseite an, um die neuesten Codes zu finden.","inLanguage":"de"},"inLanguage":"de"},{"@type":"Question","@id":"https:\/\/wilderbetcasino.org\/de\/bonus\/aktionscodes\/#faq-question-1773916178252","position":2,"url":"https:\/\/wilderbetcasino.org\/de\/bonus\/aktionscodes\/#faq-question-1773916178252","name":"Gelten WilderBet Casino Bonuscodes nur f\u00fcr Freispiele?","answerCount":1,"acceptedAnswer":{"@type":"Answer","text":"Nein, WilderBet Casino Bonuscodes gelten f\u00fcr verschiedene Aktionen, nicht nur f\u00fcr Freispiele. Du kannst Codes f\u00fcr Einzahlungsboni, Cashback-Angebote und viele weitere spannende Belohnungen bei verschiedenen WilderBet Casino Spielautomaten nutzen.","inLanguage":"de"},"inLanguage":"de"}]}},"_links":{"self":[{"href":"https:\/\/wilderbetcasino.org\/de\/wp-json\/wp\/v2\/pages\/24","targetHints":{"allow":["GET"]}}],"collection":[{"href":"https:\/\/wilderbetcasino.org\/de\/wp-json\/wp\/v2\/pages"}],"about":[{"href":"https:\/\/wilderbetcasino.org\/de\/wp-json\/wp\/v2\/types\/page"}],"author":[{"embeddable":true,"href":"https:\/\/wilderbetcasino.org\/de\/wp-json\/wp\/v2\/users\/1"}],"replies":[{"embeddable":true,"href":"https:\/\/wilderbetcasino.org\/de\/wp-json\/wp\/v2\/comments?post=24"}],"version-history":[{"count":1,"href":"https:\/\/wilderbetcasino.org\/de\/wp-json\/wp\/v2\/pages\/24\/revisions"}],"predecessor-version":[{"id":26,"href":"https:\/\/wilderbetcasino.org\/de\/wp-json\/wp\/v2\/pages\/24\/revisions\/26"}],"up":[{"embeddable":true,"href":"https:\/\/wilderbetcasino.org\/de\/wp-json\/wp\/v2\/pages\/10"}],"wp:featuredmedia":[{"embeddable":true,"href":"https:\/\/wilderbetcasino.org\/de\/wp-json\/wp\/v2\/media\/25"}],"wp:attachment":[{"href":"https:\/\/wilderbetcasino.org\/de\/wp-json\/wp\/v2\/media?parent=24"}],"curies":[{"name":"wp","href":"https:\/\/api.w.org\/{rel}","templated":true}]}}