{"id":10,"date":"2026-03-19T09:18:07","date_gmt":"2026-03-19T09:18:07","guid":{"rendered":"https:\/\/wilderbetcasino.org\/de\/?page_id=10"},"modified":"2026-03-19T09:36:02","modified_gmt":"2026-03-19T09:36:02","slug":"bonus","status":"publish","type":"page","link":"https:\/\/wilderbetcasino.org\/de\/bonus\/","title":{"rendered":"WilderBet Casino Bonus"},"content":{"rendered":"\n<p>Das WilderBet Casino \u00fcberzeugt mit einer gro\u00dfen Auswahl an Boni und Aktionen, die sowohl neue als auch erfahrene Spieler ansprechen. Egal, ob du gerade erst mit dem Spielen beginnst oder schon ein erfahrener Spieler bist \u2013 hier findet jeder das Passende. Diese Boni sind darauf ausgelegt, deine Gewinnchancen zu erh\u00f6hen und f\u00fcr anhaltende Spannung zu sorgen, w\u00e4hrend du die verschiedenen Spiele entdeckst.<\/p>\n\n\n\n<style>\n  .signup-button {\n    background-color: #292D2E;\n    color: white;\n    font-weight: bold;\n    font-size: 18px;\n    padding: 18px 160px;\n    min-width: 280px;\n    border: none;\n    border-radius: 10px;\n    cursor: pointer;\n    position: relative;\n    overflow: hidden;\n    transition: transform 0.3s ease, box-shadow 0.3s ease;\n    box-shadow: 0 0 15px rgba(245, 66, 197, 0.4);\n    text-align: center;\n    text-decoration: none;\n    display: inline-block;\n  }\n  .signup-button:hover {\n    transform: scale(1.05);\n    box-shadow: 0 0 25px #292D2E;\ncolor:#fff;\n  }\n  .signup-button::before {\n    content: '';\n    position: absolute;\n    top: 0;\n    left: -75%;\n    width: 50%;\n    height: 100%;\n    background: linear-gradient(120deg, transparent, rgba(255,255,255,0.4), transparent);\n    transform: skewX(-25deg);\n    animation: shine 2.5s infinite;\n  }\n  @keyframes shine {\n    0% { left: -75%; }\n    100% { left: 125%; }\n  }\n<\/style>\n\n<div style=\"display: flex; justify-content: center; align-items: center; padding: 50px 0;padding-top:10px;\">\n  <a href=\"\/de\/visit\/\" \n     class=\"signup-button\" \n     target=\"_blank\" \n     rel=\"nofollow noopener noreferrer\">\n    Jetzt sichern!\n  <\/a>\n<\/div>\n\n\n\n<p>Neue Spieler d\u00fcrfen sich auf ein gro\u00dfz\u00fcgiges Willkommensbonus-Paket freuen, das ihnen einen perfekten Start ins Abenteuer bei <strong><a href=\"https:\/\/wilderbetcasino.org\/de\/\">WilderBet Casino<\/a> <\/strong>erm\u00f6glicht. Zus\u00e4tzlich zu den Willkommensangeboten profitieren Stammspieler von Reload-Boni, Freispielen, Cashback-Angeboten und exklusiven Aktionen \u2013 so gibt es immer wieder etwas Neues, auf das du dich freuen kannst.<\/p>\n\n\n\n<h2 class=\"wp-block-heading\"><strong>Wie sicherst du dir die WilderBet Casino Boni?<\/strong><\/h2>\n\n\n\n<p>Der Einstieg mit den WilderBet Casino Boni ist ganz einfach. Folge diesen Schritten, um dir deine Boni zu sichern und die Belohnungen zu genie\u00dfen:<\/p>\n\n\n\n<ol class=\"wp-block-list\">\n<li><strong>Gib den Aktionscode ein<\/strong>: Bevor du deine Einzahlung t\u00e4tigst, gib unbedingt den passenden Aktionscode f\u00fcr den gew\u00fcnschten Bonus ein.<br><\/li>\n\n\n\n<li><strong>Zahle den erforderlichen Betrag ein<\/strong>: Leiste eine Einzahlung, die die Mindestanforderungen f\u00fcr den Bonus erf\u00fcllt.<br><\/li>\n\n\n\n<li><strong>Sichere dir deinen Bonus<\/strong>: Sobald deine Einzahlung erfolgt ist, wird der Bonus automatisch deinem Konto gutgeschrieben.<br><\/li>\n\n\n\n<li><strong>Spielen und umsetzen<\/strong>: Starte ins Spiel und erf\u00fclle die Umsatzbedingungen, um deinen Bonus und alle dazugeh\u00f6rigen Freispiele freizuschalten.<br><\/li>\n<\/ol>\n\n\n\n<h2 class=\"wp-block-heading\"><strong>WilderBet Casino Willkommensbonus<\/strong><\/h2>\n\n\n\n<p>WilderBet Casino begr\u00fc\u00dft neue Spieler mit einem gro\u00dfz\u00fcgigen Willkommenspaket, das dir bis zu 5.500 \u20ac und 325 Freispiele auf deine ersten drei Einzahlungen bringt. Bei deiner ersten Einzahlung erh\u00e4ltst du einen 100\u202f% Bonus bis zu 2.000 \u20ac sowie 150 Freispiele. Bei deiner zweiten Einzahlung kannst du dir einen weiteren 100\u202f% Bonus bis zu 2.000\u202f\u20ac sowie 100 Freispiele sichern. Auch die dritte Einzahlung bringt dir einen 100\u202f% Bonus bis zu 1.500\u202f\u20ac und 75 Freispiele. Diese Freispiele kannst du am Minotaurus-Spielautomaten von Endorphina einsetzen.<\/p>\n\n\n\n<h2 class=\"wp-block-heading\"><strong>WilderBet Casino Freispiele<\/strong><\/h2>\n\n\n\n<p>Im Rahmen des Willkommensbonus bekommst du bei WilderBet Casino insgesamt 325 Freispiele f\u00fcr die ersten drei Einzahlungen. Die Aufteilung sieht so aus: 150 Freispiele f\u00fcr deine erste Einzahlung, 100 Freispiele f\u00fcr die zweite und 75 Freispiele f\u00fcr die dritte Einzahlung. Alle Freispiele gelten f\u00fcr den Minotaurus-Spielautomaten und jeder <strong>WilderBet Casino Freispiel<\/strong> bietet dir die Chance, bis zu 50\u202f\u20ac oder den entsprechenden Betrag in Kryptow\u00e4hrung zu gewinnen.<\/p>\n\n\n\n<h2 class=\"wp-block-heading\"><strong>WilderBet Casino Bonus ohne Einzahlung<\/strong><\/h2>\n\n\n\n<p>Aktuell gibt es bei WilderBet Casino keinen Bonus ohne Einzahlung. Viele Spieler suchen zwar nach solchen Angeboten, aber <strong>WilderBet Casino Freispiele ohne Einzahlung<\/strong> sind derzeit ebenfalls nicht Teil der aktuellen Aktionen. WilderBet sorgt jedoch daf\u00fcr, dass es trotzdem viele lohnende Alternativen gibt, um dein Spielerlebnis zu verbessern.&nbsp;<\/p>\n\n\n\n<h2 class=\"wp-block-heading\"><strong>WilderBet Casino Cashback<\/strong><\/h2>\n\n\n\n<p>WilderBet Casino bietet eine Cashback-Funktion, mit der du einen Teil deiner Nettoverluste auf dein Konto zur\u00fcckbekommst. Dieses Angebot gilt f\u00fcr Spieler, die eine Pechstr\u00e4hne haben. Der Cashback wird \u00fcber einen festgelegten Zeitraum berechnet \u2013 entweder t\u00e4glich, w\u00f6chentlich oder monatlich. Das Beste daran: Es gibt keine Umsatzbedingungen \u2013 was du bekommst, geh\u00f6rt dir und kann direkt gespielt oder ausgezahlt werden. Dieses Angebot sorgt daf\u00fcr, dass dein Guthaben auch in schwierigen Zeiten aktiv bleibt. Es ist ein Sicherheitsnetz, das dir erm\u00f6glicht, im Spiel zu bleiben.<\/p>\n\n\n\n<h2 class=\"wp-block-heading\"><strong>WilderBet Casino Reload Bonus<\/strong><\/h2>\n\n\n\n<p>WilderBet Casino bietet dir verschiedene Reload Boni, damit die Spannung nicht nachl\u00e4sst. Ein besonderes Highlight ist der Friday Night Frenzy Bonus: Du erh\u00e4ltst 100 % Bonus bis zu 250 \u20ac und 50 Freispiele auf Einzahlungen, die du freitags t\u00e4tigst. Au\u00dferdem gibt es mittwochs die Reload Aktion, bei der du dir mit einer Einzahlung von mindestens 40 \u20ac ganze 100 Freispiele sichern kannst. Diese Freispiele kannst du auf verschiedenen <strong>WilderBet Casino Spielautomaten<\/strong> nutzen und hast so viele Chancen auf gro\u00dfe Gewinne. F\u00fcr beide Aktionen gilt eine <strong>35\u00d7 Umsatzbedingung<\/strong> auf Bonusguthaben und Gewinne aus Freispielen.<\/p>\n\n\n\n<h2 class=\"wp-block-heading\"><strong>WilderBet Casino Treuebonus<\/strong><\/h2>\n\n\n\n<p>WilderBet Casino sch\u00e4tzt seine Spieler und bietet ein Treueprogramm, das darauf ausgelegt ist, alle zu belohnen, die regelm\u00e4\u00dfig spielen und aktiv bleiben. Auch wenn die genauen Details des Treueprogramms nicht vollst\u00e4ndig bekannt sind, kannst du als Spieler mit regelm\u00e4\u00dfigen Boni, Aktionen und weiteren Anreizen rechnen, w\u00e4hrend du spielst.<\/p>\n\n\n\n<p>Obwohl das Casino keine festen Stufen genannt hat, bieten viele Treueprogramme Belohnungen je nach Aktivit\u00e4t \u2013 zum Beispiel exklusive Boni, Cashback-Angebote oder sogar pers\u00f6nliche Aktionen.<\/p>\n\n\n\n<p>Bleib dran f\u00fcr Neuigkeiten zum WilderBet Casino Treueprogramm \u2013 es k\u00f6nnte schon bald noch mehr Vorteile f\u00fcr treue Spieler geben.<\/p>\n\n\n\n<h2 class=\"wp-block-heading\"><strong>WilderBet Casino Aktionscodes<\/strong><\/h2>\n\n\n\n<p>WilderBet Casino stellt dir verschiedene Aktionscodes zur Verf\u00fcgung, mit denen du unterschiedliche Boni und Freispiele sichern kannst. Hier findest du eine schnelle \u00dcbersicht der aktuellen Aktionscodes:<\/p>\n\n\n\n<ul class=\"wp-block-list\">\n<li><strong>WILDERDON<\/strong> \u2013 Ersteinzahlungsbonus<br><\/li>\n\n\n\n<li><strong>DAMESGIFT<\/strong> \u2013 Bonus auf die zweite Einzahlung<br><\/li>\n\n\n\n<li><strong>BADGEBOOST<\/strong> \u2013 Bonus auf die dritte Einzahlung<br><\/li>\n\n\n\n<li><strong>WILDERFAM<\/strong> \u2013 Wochenendbonus<br><\/li>\n\n\n\n<li><strong>FRENZY<\/strong> \u2013 Friday Night Frenzy<br><\/li>\n\n\n\n<li><strong>WILDBLAST<\/strong> \u2013 Mittwoch Reload<br><\/li>\n<\/ul>\n\n\n\n<p>Gib unbedingt den passenden Aktionscode ein, bevor du deine Einzahlung t\u00e4tigst, damit der Bonus aktiviert wird.<\/p>\n\n\n\n<h2 class=\"wp-block-heading\"><strong>Weitere Angebote im WilderBet Casino<\/strong><\/h2>\n\n\n\n<p>Neben dem Willkommensbonus und den regelm\u00e4\u00dfigen Reload-Boni bietet das WilderBet Casino noch viele weitere spannende Aktionen, damit du die ganze Woche \u00fcber am Ball bleibst. Hier bekommst du einen \u00dcberblick \u00fcber die verf\u00fcgbaren Aktionen:<\/p>\n\n\n\n<figure class=\"wp-block-table\"><table class=\"has-fixed-layout\"><thead><tr><th><strong>Aktion<\/strong><\/th><th><strong>Angebot<\/strong><\/th><th><strong>Bedingungen<\/strong><\/th><th><strong>Freispiele<\/strong><\/th><th><strong>Bonus<\/strong><\/th><th><strong>Umsatzbedingung<\/strong><\/th><\/tr><\/thead><tbody><tr><td><strong>The Weekend Job<\/strong><\/td><td>Bis zu 75 % Cashback<\/td><td>Einzahlung am Wochenende<\/td><td>150 Freispiele<\/td><td>H\u00f6he abh\u00e4ngig von der Einzahlung<\/td><td>35\u00d7 Umsatz<\/td><\/tr><tr><td><strong>Friday Night Frenzy<\/strong><\/td><td>100 % Einzahlungsbonus bis zu 250 \u20ac<\/td><td>Einzahlung am Freitag<\/td><td>50 Freispiele<\/td><td>100 % Bonus bis zu 250 \u20ac<\/td><td>35\u00d7 Umsatz<\/td><\/tr><tr><td><strong>Wednesday Reload<\/strong><\/td><td>100 Freispiele<\/td><td>Zahle 40 \u20ac oder mehr ein<\/td><td>100 Freispiele<\/td><td>Kein Bonus, nur Freispiele<\/td><td>35\u00d7 Umsatz<\/td><\/tr><\/tbody><\/table><\/figure>\n\n\n\n<p>Mit diesen Aktionen hast du viele Chancen auf zus\u00e4tzliche Belohnungen \u2013 so bleibt die Spannung die ganze Woche \u00fcber erhalten.<\/p>\n\n\n\n<h2 class=\"wp-block-heading\"><strong>WilderBet Casino Bonus FAQ<\/strong><\/h2>\n\n\n\n<div class=\"schema-faq wp-block-yoast-faq-block\"><div class=\"schema-faq-section\" id=\"faq-question-1773911559056\"><strong class=\"schema-faq-question\"><strong>Wie lauten die Umsatzbedingungen f\u00fcr den WilderBet Casino Willkommensbonus?<\/strong><\/strong> <p class=\"schema-faq-answer\">Die Umsatzbedingung f\u00fcr den Willkommensbonus betr\u00e4gt 40\u00d7 den Bonusbetrag, einschlie\u00dflich aller Gewinne aus Freispielen.<\/p> <\/div> <div class=\"schema-faq-section\" id=\"faq-question-1773911569503\"><strong class=\"schema-faq-question\"><strong>Wie hoch ist der maximale Gewinn beim WilderBet Casino Bonus?<\/strong><\/strong> <p class=\"schema-faq-answer\">Der maximale Gewinn aus den Freispielen liegt bei 50 \u20ac, oder dem entsprechenden Betrag in Kryptow\u00e4hrung.<\/p> <\/div> <div class=\"schema-faq-section\" id=\"faq-question-1773911577287\"><strong class=\"schema-faq-question\"><strong>Welche WilderBet Casino Boni gibt es?<\/strong><\/strong> <p class=\"schema-faq-answer\">Zu den verf\u00fcgbaren Boni geh\u00f6ren der Willkommensbonus, Reload-Boni, Cashback und Wochenendaktionen.<\/p> <\/div> <div class=\"schema-faq-section\" id=\"faq-question-1773911593315\"><strong class=\"schema-faq-question\"><strong>Gibt es WilderBet Casino Bonusangebote f\u00fcr Bestandskunden?<\/strong><\/strong> <p class=\"schema-faq-answer\">Ja, bei WilderBet Casino findest du verschiedene Boni f\u00fcr Bestandskunden, darunter Weekend Job, Friday Night Frenzy und Wednesday Reload.<\/p> <\/div> <\/div>\n","protected":false},"excerpt":{"rendered":"<p>Das WilderBet Casino \u00fcberzeugt mit einer gro\u00dfen Auswahl an Boni und Aktionen, die sowohl neue als auch erfahrene Spieler ansprechen. Egal, ob du gerade erst mit dem Spielen beginnst oder schon ein erfahrener Spieler bist \u2013 hier findet jeder das Passende. Diese Boni sind darauf ausgelegt, deine Gewinnchancen zu erh\u00f6hen und f\u00fcr anhaltende Spannung zu &#8230; <a title=\"WilderBet Casino Bonus\" class=\"read-more\" href=\"https:\/\/wilderbetcasino.org\/de\/bonus\/\" aria-label=\"Mehr Informationen \u00fcber WilderBet Casino Bonus\">Weiterlesen<\/a><\/p>\n","protected":false},"author":1,"featured_media":11,"parent":0,"menu_order":0,"comment_status":"closed","ping_status":"closed","template":"","meta":{"_acf_changed":false,"footnotes":""},"class_list":["post-10","page","type-page","status-publish","has-post-thumbnail"],"acf":[],"yoast_head":"<!-- This site is optimized with the Yoast SEO plugin v26.5 - https:\/\/yoast.com\/wordpress\/plugins\/seo\/ -->\n<title>WilderBet Casino Bonus | Willkommensangebote, Freispiele &amp; mehr<\/title>\n<meta name=\"description\" content=\"Entdecke die besten Boni im WilderBet Casino! Sichere dir deinen Willkommensbonus, Reload-Boni, Freispiele und vieles mehr.\" \/>\n<meta name=\"robots\" content=\"index, follow, max-snippet:-1, max-image-preview:large, max-video-preview:-1\" \/>\n<link rel=\"canonical\" href=\"https:\/\/wilderbetcasino.org\/de\/bonus\/\" \/>\n<meta property=\"og:locale\" content=\"de_DE\" \/>\n<meta property=\"og:type\" content=\"article\" \/>\n<meta property=\"og:title\" content=\"WilderBet Casino Bonus | Willkommensangebote, Freispiele &amp; mehr\" \/>\n<meta property=\"og:description\" content=\"Entdecke die besten Boni im WilderBet Casino! Sichere dir deinen Willkommensbonus, Reload-Boni, Freispiele und vieles mehr.\" \/>\n<meta property=\"og:url\" content=\"https:\/\/wilderbetcasino.org\/de\/bonus\/\" \/>\n<meta property=\"og:site_name\" content=\"Wilderbetcasino German\" \/>\n<meta property=\"article:modified_time\" content=\"2026-03-19T09:36:02+00:00\" \/>\n<meta property=\"og:image\" content=\"https:\/\/wilderbetcasino.org\/de\/wp-content\/uploads\/sites\/3\/2026\/03\/wilderbet-Bonus-featured-DE.webp\" \/>\n\t<meta property=\"og:image:width\" content=\"300\" \/>\n\t<meta property=\"og:image:height\" content=\"300\" \/>\n\t<meta property=\"og:image:type\" content=\"image\/webp\" \/>\n<meta name=\"twitter:card\" content=\"summary_large_image\" \/>\n<meta name=\"twitter:label1\" content=\"Gesch\u00e4tzte Lesezeit\" \/>\n\t<meta name=\"twitter:data1\" content=\"6\u00a0Minuten\" \/>\n<script type=\"application\/ld+json\" class=\"yoast-schema-graph\">{\"@context\":\"https:\/\/schema.org\",\"@graph\":[{\"@type\":[\"WebPage\",\"FAQPage\"],\"@id\":\"https:\/\/wilderbetcasino.org\/de\/bonus\/\",\"url\":\"https:\/\/wilderbetcasino.org\/de\/bonus\/\",\"name\":\"WilderBet Casino Bonus | Willkommensangebote, Freispiele & mehr\",\"isPartOf\":{\"@id\":\"https:\/\/wilderbetcasino.org\/de\/#website\"},\"primaryImageOfPage\":{\"@id\":\"https:\/\/wilderbetcasino.org\/de\/bonus\/#primaryimage\"},\"image\":{\"@id\":\"https:\/\/wilderbetcasino.org\/de\/bonus\/#primaryimage\"},\"thumbnailUrl\":\"https:\/\/wilderbetcasino.org\/de\/wp-content\/uploads\/sites\/3\/2026\/03\/wilderbet-Bonus-featured-DE.webp\",\"datePublished\":\"2026-03-19T09:18:07+00:00\",\"dateModified\":\"2026-03-19T09:36:02+00:00\",\"description\":\"Entdecke die besten Boni im WilderBet Casino! Sichere dir deinen Willkommensbonus, Reload-Boni, Freispiele und vieles mehr.\",\"breadcrumb\":{\"@id\":\"https:\/\/wilderbetcasino.org\/de\/bonus\/#breadcrumb\"},\"mainEntity\":[{\"@id\":\"https:\/\/wilderbetcasino.org\/de\/bonus\/#faq-question-1773911559056\"},{\"@id\":\"https:\/\/wilderbetcasino.org\/de\/bonus\/#faq-question-1773911569503\"},{\"@id\":\"https:\/\/wilderbetcasino.org\/de\/bonus\/#faq-question-1773911577287\"},{\"@id\":\"https:\/\/wilderbetcasino.org\/de\/bonus\/#faq-question-1773911593315\"}],\"inLanguage\":\"de\",\"potentialAction\":[{\"@type\":\"ReadAction\",\"target\":[\"https:\/\/wilderbetcasino.org\/de\/bonus\/\"]}]},{\"@type\":\"ImageObject\",\"inLanguage\":\"de\",\"@id\":\"https:\/\/wilderbetcasino.org\/de\/bonus\/#primaryimage\",\"url\":\"https:\/\/wilderbetcasino.org\/de\/wp-content\/uploads\/sites\/3\/2026\/03\/wilderbet-Bonus-featured-DE.webp\",\"contentUrl\":\"https:\/\/wilderbetcasino.org\/de\/wp-content\/uploads\/sites\/3\/2026\/03\/wilderbet-Bonus-featured-DE.webp\",\"width\":300,\"height\":300,\"caption\":\"WilderBet-Logo mit Spielkarte und Kleeblatt, dazu ein gr\u00fcnes Bonus-Symbol und ein Dollarzeichen \u2013 steht f\u00fcr Casino Boni.\"},{\"@type\":\"BreadcrumbList\",\"@id\":\"https:\/\/wilderbetcasino.org\/de\/bonus\/#breadcrumb\",\"itemListElement\":[{\"@type\":\"ListItem\",\"position\":1,\"name\":\"Home\",\"item\":\"https:\/\/wilderbetcasino.org\/de\/\"},{\"@type\":\"ListItem\",\"position\":2,\"name\":\"WilderBet Casino Bonus\"}]},{\"@type\":\"WebSite\",\"@id\":\"https:\/\/wilderbetcasino.org\/de\/#website\",\"url\":\"https:\/\/wilderbetcasino.org\/de\/\",\"name\":\"Wilderbetcasino German\",\"description\":\"\",\"publisher\":{\"@id\":\"https:\/\/wilderbetcasino.org\/de\/#organization\"},\"potentialAction\":[{\"@type\":\"SearchAction\",\"target\":{\"@type\":\"EntryPoint\",\"urlTemplate\":\"https:\/\/wilderbetcasino.org\/de\/?s={search_term_string}\"},\"query-input\":{\"@type\":\"PropertyValueSpecification\",\"valueRequired\":true,\"valueName\":\"search_term_string\"}}],\"inLanguage\":\"de\"},{\"@type\":\"Organization\",\"@id\":\"https:\/\/wilderbetcasino.org\/de\/#organization\",\"name\":\"Wilderbetcasino German\",\"url\":\"https:\/\/wilderbetcasino.org\/de\/\",\"logo\":{\"@type\":\"ImageObject\",\"inLanguage\":\"de\",\"@id\":\"https:\/\/wilderbetcasino.org\/de\/#\/schema\/logo\/image\/\",\"url\":\"https:\/\/wilderbetcasino.org\/de\/wp-content\/uploads\/sites\/3\/2026\/03\/wilderbet.webp\",\"contentUrl\":\"https:\/\/wilderbetcasino.org\/de\/wp-content\/uploads\/sites\/3\/2026\/03\/wilderbet.webp\",\"width\":633,\"height\":219,\"caption\":\"Wilderbetcasino German\"},\"image\":{\"@id\":\"https:\/\/wilderbetcasino.org\/de\/#\/schema\/logo\/image\/\"}},{\"@type\":\"Question\",\"@id\":\"https:\/\/wilderbetcasino.org\/de\/bonus\/#faq-question-1773911559056\",\"position\":1,\"url\":\"https:\/\/wilderbetcasino.org\/de\/bonus\/#faq-question-1773911559056\",\"name\":\"Wie lauten die Umsatzbedingungen f\u00fcr den WilderBet Casino Willkommensbonus?\",\"answerCount\":1,\"acceptedAnswer\":{\"@type\":\"Answer\",\"text\":\"Die Umsatzbedingung f\u00fcr den Willkommensbonus betr\u00e4gt 40\u00d7 den Bonusbetrag, einschlie\u00dflich aller Gewinne aus Freispielen.\",\"inLanguage\":\"de\"},\"inLanguage\":\"de\"},{\"@type\":\"Question\",\"@id\":\"https:\/\/wilderbetcasino.org\/de\/bonus\/#faq-question-1773911569503\",\"position\":2,\"url\":\"https:\/\/wilderbetcasino.org\/de\/bonus\/#faq-question-1773911569503\",\"name\":\"Wie hoch ist der maximale Gewinn beim WilderBet Casino Bonus?\",\"answerCount\":1,\"acceptedAnswer\":{\"@type\":\"Answer\",\"text\":\"Der maximale Gewinn aus den Freispielen liegt bei 50 \u20ac, oder dem entsprechenden Betrag in Kryptow\u00e4hrung.\",\"inLanguage\":\"de\"},\"inLanguage\":\"de\"},{\"@type\":\"Question\",\"@id\":\"https:\/\/wilderbetcasino.org\/de\/bonus\/#faq-question-1773911577287\",\"position\":3,\"url\":\"https:\/\/wilderbetcasino.org\/de\/bonus\/#faq-question-1773911577287\",\"name\":\"Welche WilderBet Casino Boni gibt es?\",\"answerCount\":1,\"acceptedAnswer\":{\"@type\":\"Answer\",\"text\":\"Zu den verf\u00fcgbaren Boni geh\u00f6ren der Willkommensbonus, Reload-Boni, Cashback und Wochenendaktionen.\",\"inLanguage\":\"de\"},\"inLanguage\":\"de\"},{\"@type\":\"Question\",\"@id\":\"https:\/\/wilderbetcasino.org\/de\/bonus\/#faq-question-1773911593315\",\"position\":4,\"url\":\"https:\/\/wilderbetcasino.org\/de\/bonus\/#faq-question-1773911593315\",\"name\":\"Gibt es WilderBet Casino Bonusangebote f\u00fcr Bestandskunden?\",\"answerCount\":1,\"acceptedAnswer\":{\"@type\":\"Answer\",\"text\":\"Ja, bei WilderBet Casino findest du verschiedene Boni f\u00fcr Bestandskunden, darunter Weekend Job, Friday Night Frenzy und Wednesday Reload.\",\"inLanguage\":\"de\"},\"inLanguage\":\"de\"}]}<\/script>\n<!-- \/ Yoast SEO plugin. -->","yoast_head_json":{"title":"WilderBet Casino Bonus | Willkommensangebote, Freispiele & mehr","description":"Entdecke die besten Boni im WilderBet Casino! Sichere dir deinen Willkommensbonus, Reload-Boni, Freispiele und vieles mehr.","robots":{"index":"index","follow":"follow","max-snippet":"max-snippet:-1","max-image-preview":"max-image-preview:large","max-video-preview":"max-video-preview:-1"},"canonical":"https:\/\/wilderbetcasino.org\/de\/bonus\/","og_locale":"de_DE","og_type":"article","og_title":"WilderBet Casino Bonus | Willkommensangebote, Freispiele & mehr","og_description":"Entdecke die besten Boni im WilderBet Casino! Sichere dir deinen Willkommensbonus, Reload-Boni, Freispiele und vieles mehr.","og_url":"https:\/\/wilderbetcasino.org\/de\/bonus\/","og_site_name":"Wilderbetcasino German","article_modified_time":"2026-03-19T09:36:02+00:00","og_image":[{"width":300,"height":300,"url":"https:\/\/wilderbetcasino.org\/de\/wp-content\/uploads\/sites\/3\/2026\/03\/wilderbet-Bonus-featured-DE.webp","type":"image\/webp"}],"twitter_card":"summary_large_image","twitter_misc":{"Gesch\u00e4tzte Lesezeit":"6\u00a0Minuten"},"schema":{"@context":"https:\/\/schema.org","@graph":[{"@type":["WebPage","FAQPage"],"@id":"https:\/\/wilderbetcasino.org\/de\/bonus\/","url":"https:\/\/wilderbetcasino.org\/de\/bonus\/","name":"WilderBet Casino Bonus | Willkommensangebote, Freispiele & mehr","isPartOf":{"@id":"https:\/\/wilderbetcasino.org\/de\/#website"},"primaryImageOfPage":{"@id":"https:\/\/wilderbetcasino.org\/de\/bonus\/#primaryimage"},"image":{"@id":"https:\/\/wilderbetcasino.org\/de\/bonus\/#primaryimage"},"thumbnailUrl":"https:\/\/wilderbetcasino.org\/de\/wp-content\/uploads\/sites\/3\/2026\/03\/wilderbet-Bonus-featured-DE.webp","datePublished":"2026-03-19T09:18:07+00:00","dateModified":"2026-03-19T09:36:02+00:00","description":"Entdecke die besten Boni im WilderBet Casino! Sichere dir deinen Willkommensbonus, Reload-Boni, Freispiele und vieles mehr.","breadcrumb":{"@id":"https:\/\/wilderbetcasino.org\/de\/bonus\/#breadcrumb"},"mainEntity":[{"@id":"https:\/\/wilderbetcasino.org\/de\/bonus\/#faq-question-1773911559056"},{"@id":"https:\/\/wilderbetcasino.org\/de\/bonus\/#faq-question-1773911569503"},{"@id":"https:\/\/wilderbetcasino.org\/de\/bonus\/#faq-question-1773911577287"},{"@id":"https:\/\/wilderbetcasino.org\/de\/bonus\/#faq-question-1773911593315"}],"inLanguage":"de","potentialAction":[{"@type":"ReadAction","target":["https:\/\/wilderbetcasino.org\/de\/bonus\/"]}]},{"@type":"ImageObject","inLanguage":"de","@id":"https:\/\/wilderbetcasino.org\/de\/bonus\/#primaryimage","url":"https:\/\/wilderbetcasino.org\/de\/wp-content\/uploads\/sites\/3\/2026\/03\/wilderbet-Bonus-featured-DE.webp","contentUrl":"https:\/\/wilderbetcasino.org\/de\/wp-content\/uploads\/sites\/3\/2026\/03\/wilderbet-Bonus-featured-DE.webp","width":300,"height":300,"caption":"WilderBet-Logo mit Spielkarte und Kleeblatt, dazu ein gr\u00fcnes Bonus-Symbol und ein Dollarzeichen \u2013 steht f\u00fcr Casino Boni."},{"@type":"BreadcrumbList","@id":"https:\/\/wilderbetcasino.org\/de\/bonus\/#breadcrumb","itemListElement":[{"@type":"ListItem","position":1,"name":"Home","item":"https:\/\/wilderbetcasino.org\/de\/"},{"@type":"ListItem","position":2,"name":"WilderBet Casino Bonus"}]},{"@type":"WebSite","@id":"https:\/\/wilderbetcasino.org\/de\/#website","url":"https:\/\/wilderbetcasino.org\/de\/","name":"Wilderbetcasino German","description":"","publisher":{"@id":"https:\/\/wilderbetcasino.org\/de\/#organization"},"potentialAction":[{"@type":"SearchAction","target":{"@type":"EntryPoint","urlTemplate":"https:\/\/wilderbetcasino.org\/de\/?s={search_term_string}"},"query-input":{"@type":"PropertyValueSpecification","valueRequired":true,"valueName":"search_term_string"}}],"inLanguage":"de"},{"@type":"Organization","@id":"https:\/\/wilderbetcasino.org\/de\/#organization","name":"Wilderbetcasino German","url":"https:\/\/wilderbetcasino.org\/de\/","logo":{"@type":"ImageObject","inLanguage":"de","@id":"https:\/\/wilderbetcasino.org\/de\/#\/schema\/logo\/image\/","url":"https:\/\/wilderbetcasino.org\/de\/wp-content\/uploads\/sites\/3\/2026\/03\/wilderbet.webp","contentUrl":"https:\/\/wilderbetcasino.org\/de\/wp-content\/uploads\/sites\/3\/2026\/03\/wilderbet.webp","width":633,"height":219,"caption":"Wilderbetcasino German"},"image":{"@id":"https:\/\/wilderbetcasino.org\/de\/#\/schema\/logo\/image\/"}},{"@type":"Question","@id":"https:\/\/wilderbetcasino.org\/de\/bonus\/#faq-question-1773911559056","position":1,"url":"https:\/\/wilderbetcasino.org\/de\/bonus\/#faq-question-1773911559056","name":"Wie lauten die Umsatzbedingungen f\u00fcr den WilderBet Casino Willkommensbonus?","answerCount":1,"acceptedAnswer":{"@type":"Answer","text":"Die Umsatzbedingung f\u00fcr den Willkommensbonus betr\u00e4gt 40\u00d7 den Bonusbetrag, einschlie\u00dflich aller Gewinne aus Freispielen.","inLanguage":"de"},"inLanguage":"de"},{"@type":"Question","@id":"https:\/\/wilderbetcasino.org\/de\/bonus\/#faq-question-1773911569503","position":2,"url":"https:\/\/wilderbetcasino.org\/de\/bonus\/#faq-question-1773911569503","name":"Wie hoch ist der maximale Gewinn beim WilderBet Casino Bonus?","answerCount":1,"acceptedAnswer":{"@type":"Answer","text":"Der maximale Gewinn aus den Freispielen liegt bei 50 \u20ac, oder dem entsprechenden Betrag in Kryptow\u00e4hrung.","inLanguage":"de"},"inLanguage":"de"},{"@type":"Question","@id":"https:\/\/wilderbetcasino.org\/de\/bonus\/#faq-question-1773911577287","position":3,"url":"https:\/\/wilderbetcasino.org\/de\/bonus\/#faq-question-1773911577287","name":"Welche WilderBet Casino Boni gibt es?","answerCount":1,"acceptedAnswer":{"@type":"Answer","text":"Zu den verf\u00fcgbaren Boni geh\u00f6ren der Willkommensbonus, Reload-Boni, Cashback und Wochenendaktionen.","inLanguage":"de"},"inLanguage":"de"},{"@type":"Question","@id":"https:\/\/wilderbetcasino.org\/de\/bonus\/#faq-question-1773911593315","position":4,"url":"https:\/\/wilderbetcasino.org\/de\/bonus\/#faq-question-1773911593315","name":"Gibt es WilderBet Casino Bonusangebote f\u00fcr Bestandskunden?","answerCount":1,"acceptedAnswer":{"@type":"Answer","text":"Ja, bei WilderBet Casino findest du verschiedene Boni f\u00fcr Bestandskunden, darunter Weekend Job, Friday Night Frenzy und Wednesday Reload.","inLanguage":"de"},"inLanguage":"de"}]}},"_links":{"self":[{"href":"https:\/\/wilderbetcasino.org\/de\/wp-json\/wp\/v2\/pages\/10","targetHints":{"allow":["GET"]}}],"collection":[{"href":"https:\/\/wilderbetcasino.org\/de\/wp-json\/wp\/v2\/pages"}],"about":[{"href":"https:\/\/wilderbetcasino.org\/de\/wp-json\/wp\/v2\/types\/page"}],"author":[{"embeddable":true,"href":"https:\/\/wilderbetcasino.org\/de\/wp-json\/wp\/v2\/users\/1"}],"replies":[{"embeddable":true,"href":"https:\/\/wilderbetcasino.org\/de\/wp-json\/wp\/v2\/comments?post=10"}],"version-history":[{"count":3,"href":"https:\/\/wilderbetcasino.org\/de\/wp-json\/wp\/v2\/pages\/10\/revisions"}],"predecessor-version":[{"id":15,"href":"https:\/\/wilderbetcasino.org\/de\/wp-json\/wp\/v2\/pages\/10\/revisions\/15"}],"wp:featuredmedia":[{"embeddable":true,"href":"https:\/\/wilderbetcasino.org\/de\/wp-json\/wp\/v2\/media\/11"}],"wp:attachment":[{"href":"https:\/\/wilderbetcasino.org\/de\/wp-json\/wp\/v2\/media?parent=10"}],"curies":[{"name":"wp","href":"https:\/\/api.w.org\/{rel}","templated":true}]}}